{"id":2411,"date":"2023-05-13T09:19:24","date_gmt":"2023-05-13T07:19:24","guid":{"rendered":"https:\/\/www.dramfolks-whisky-auction.com\/?post_type=product&#038;p=2411"},"modified":"2023-05-28T20:30:36","modified_gmt":"2023-05-28T18:30:36","slug":"bunnahabhain-16yo-feis-ile-2009-2","status":"publish","type":"product","link":"https:\/\/www.dramfolks-whisky-auction.com\/en\/product\/bunnahabhain-16yo-feis-ile-2009-2\/","title":{"rendered":"Bunnahabhain &#8211; 16yo (Feis Ile 2009)"},"content":{"rendered":"<p><strong>Destille: Bunnahabhain<br \/>\n<\/strong><\/p>\n<p>Die Bunnahabhain Destillerie (schottisch-g\u00e4lisch: Taigh-staile Bun na h-Abhainne) wurde 1881 in der N\u00e4he von Port Askaig auf Islay gegr\u00fcndet. Im Jahr 1887, als Bunnahabhain mit Glenrothes fusionierte, wurde ebenfalls Highland Distillers [heute Edrington] gegr\u00fcndet. W\u00e4hrend andere Islay-Destillerien ihre Marken als Single Malts und zum Blenden verkauften, war Bunnas Schicksal immer bei letzteren (u.a. bei Famous Grouse, Cutty Sark und Black Bottle). Das schnelle Wachstum von Scotch in den fr\u00fchen 1960er Jahren f\u00fchrte dazu, dass die Brennblasen 1963 verdoppelt wurden, im selben Jahr, in dem die Bodenm\u00e4lzerei herauskam. Doch das Gl\u00fcck war nicht von Dauer und wie viele Destillerien wurde Bunna 1982 eingemottet. Wiederbelebt wurde es dann Ende der 1980er Jahre als Single Malt mit dem Slogan &#8220;der unaussprechliche Malt&#8221;. Trotz eines Aufschwungs auf dem Whiskymarkt verkaufte Edrington es 2003 f\u00fcr 10 Millionen Pfund an Burn Stewart. Im Jahr 2013 ging Bunna dann an den langj\u00e4hrigen s\u00fcdafrikanischen Vertriebspartner Distell.<\/p>\n<p><strong>Fun Fakt:\u00a0 <\/strong>Die abgelegene Nordostk\u00fcste von Islay mag ein seltsamer Ort sein, um eine bedeutende viktorianische Destillerie zu finden, aber sie wurde 1881 von William Robertson (von Robertson &amp; Baxter) in Zusammenarbeit mit Greenlees Bros. als perfekter Ort f\u00fcr seine Inselvision ausgew\u00e4hlt. Der Bau bedeutete nicht nur den Bau der Destillerie, sondern auch der H\u00e4user, den Bau einer Stra\u00dfe und das Hinzuf\u00fcgen eines Piers, damit F\u00e4sser und Gerste hereinkommen und Whisky ausgehen konnten. Es kostete Robertson insgesamt 30.000 Pfund (entspricht den heutigen 2,6 Millionen Pfund).<\/p>\n<p><strong>Whisky\/Whiskey: 16yo (Feis Ile 2009)<br \/>\n<\/strong><\/p>\n<p>Eine echte Rarit\u00e4t und ein Feis Ile Schatz&#8230; Ein in der Destillerie abgef\u00fcllter Bunnahabhain 16 Jahre in Fassst\u00e4rke, der 12 Jahre in traditionellen F\u00e4ssern gereift ist, bevor er ein zweites vierj\u00e4hriges Reifen in Manzanilla-Sherryf\u00e4ssern absolviert hat. Zum ber\u00fchmten Feis Ile Fest auf der Islay bringen die dort ans\u00e4ssigen Whisky Destillerien eigene, meist speziell abgef\u00fcllte Whiskys auf den Markt bzw. auf das Fest. Dieser Whisky hier wurde auf dem Feis Ile 2009 pr\u00e4sentiert und verkauft. Limitiert auf nur 3.792 Flaschen und \u00e4u\u00dferst selten in einer so guten Verfassung (Flasche und Box) zu finden. Au\u00dferdem vorgestellt in &#8220;den 1001 Whiskys, die Sie probieren m\u00fcssen, bevor Sie sterben&#8221;. Wer ihn schon probiert hat, k\u00f6nnte ihn wie folgt beschreiben&#8230;<br \/>\n&#8220;Fruchtig in der Nase aus dem Sherry-Abgang. Hei\u00dfes gebuttertes Popcorn mischt sich mit Honig gebackenem Schinken, verwandelt sich in Orange, Karamell, Toffee und dann Ahornsirup. Am Gaumen ist der Whisky leicht \u00f6lig. Der Abgang ist kurz, w\u00fcrzig und salzig mit Rosinen, Schokolade und Leder.&#8221;<\/p>\n<p><strong>Info Qualit\u00e4t der Flasche:<\/strong> Exzellent &#8211; ohne Besch\u00e4digungen \/ <strong>F\u00fcllstand: <\/strong>Top shoulder<br \/>\n<strong>Info Qualit\u00e4t der Box:\u00a0<\/strong>Exzellent &#8211; ohne Besch\u00e4digungen<\/p>\n<p><strong>Wichtiger Hinweis:<\/strong> Die Bewertung der Flaschen und Boxen erfolgt nach \u201ebesten Wissen und Gewissen\u201c. dramfolks kann keine Gew\u00e4hrleistung f\u00fcr den Inhalt der Flaschen \u00fcbernehmen. Weitere Infos &amp; Hinweise finden Sie in unseren AGBs. Wir empfehlen Ihnen, vor der Abgabe von Geboten \u00fcber die Zoomfunktion eine Besichtigung \/ genaue Pr\u00fcfung des angebotenen Whiskys vorzunehmen. Bitte kontaktieren sie uns bei Fragen direkt unter info@dramfolks.com<\/p>\n","protected":false},"excerpt":{"rendered":"<p>Destille: Bunnahabhain Die Bunnahabhain Destillerie (schottisch-g\u00e4lisch: Taigh-staile Bun na h-Abhainne) wurde 1881 in der N\u00e4he von Port Askaig auf Islay gegr\u00fcndet. Im Jahr 1887, als Bunnahabhain mit Glenrothes fusionierte, wurde ebenfalls Highland Distillers [heute Edrington] gegr\u00fcndet. W\u00e4hrend andere Islay-Destillerien ihre Marken als Single Malts und zum Blenden verkauften, war Bunnas Schicksal immer bei letzteren (u.a.[&#8230;]\n","protected":false},"featured_media":2053,"comment_status":"closed","ping_status":"closed","template":"","meta":[],"product_brand":[],"product_cat":[369],"product_tag":[],"class_list":{"0":"post-2411","1":"product","2":"type-product","3":"status-publish","4":"has-post-thumbnail","6":"product_cat-no-4","8":"first","9":"instock","10":"shipping-taxable","11":"purchasable","12":"product-type-auction"},"yoast_head":"<!-- This site is optimized with the Yoast SEO plugin v27.4 - https:\/\/yoast.com\/product\/yoast-seo-wordpress\/ -->\n<title>Bunnahabhain - 16yo (Feis Ile 2009) - Dramfolks Whisky Auction<\/title>\n<meta name=\"robots\" content=\"index, follow, max-snippet:-1, max-image-preview:large, max-video-preview:-1\" \/>\n<link rel=\"canonical\" href=\"https:\/\/www.dramfolks-whisky-auction.com\/en\/product\/bunnahabhain-16yo-feis-ile-2009-2\/\" \/>\n<meta property=\"og:locale\" content=\"en_US\" \/>\n<meta property=\"og:type\" content=\"article\" \/>\n<meta property=\"og:title\" content=\"Bunnahabhain - 16yo (Feis Ile 2009) - Dramfolks Whisky Auction\" \/>\n<meta property=\"og:description\" content=\"Destille: Bunnahabhain Die Bunnahabhain Destillerie (schottisch-g\u00e4lisch: Taigh-staile Bun na h-Abhainne) wurde 1881 in der N\u00e4he von Port Askaig auf Islay gegr\u00fcndet. Im Jahr 1887, als Bunnahabhain mit Glenrothes fusionierte, wurde ebenfalls Highland Distillers [heute Edrington] gegr\u00fcndet. W\u00e4hrend andere Islay-Destillerien ihre Marken als Single Malts und zum Blenden verkauften, war Bunnas Schicksal immer bei letzteren (u.a.[...]\" \/>\n<meta property=\"og:url\" content=\"https:\/\/www.dramfolks-whisky-auction.com\/en\/product\/bunnahabhain-16yo-feis-ile-2009-2\/\" \/>\n<meta property=\"og:site_name\" content=\"Dramfolks Whisky Auction\" \/>\n<meta property=\"article:modified_time\" content=\"2023-05-28T18:30:36+00:00\" \/>\n<meta property=\"og:image\" content=\"https:\/\/www.dramfolks-whisky-auction.com\/wp-content\/uploads\/2023\/03\/bunnahabhin-vorne.jpg\" \/>\n\t<meta property=\"og:image:width\" content=\"1666\" \/>\n\t<meta property=\"og:image:height\" content=\"1666\" \/>\n\t<meta property=\"og:image:type\" content=\"image\/jpeg\" \/>\n<meta name=\"twitter:card\" content=\"summary_large_image\" \/>\n<meta name=\"twitter:label1\" content=\"Est. reading time\" \/>\n\t<meta name=\"twitter:data1\" content=\"3 minutes\" \/>\n<script type=\"application\/ld+json\" class=\"yoast-schema-graph\">{\"@context\":\"https:\\\/\\\/schema.org\",\"@graph\":[{\"@type\":\"WebPage\",\"@id\":\"https:\\\/\\\/www.dramfolks-whisky-auction.com\\\/en\\\/product\\\/bunnahabhain-16yo-feis-ile-2009-2\\\/\",\"url\":\"https:\\\/\\\/www.dramfolks-whisky-auction.com\\\/en\\\/product\\\/bunnahabhain-16yo-feis-ile-2009-2\\\/\",\"name\":\"Bunnahabhain - 16yo (Feis Ile 2009) - Dramfolks Whisky Auction\",\"isPartOf\":{\"@id\":\"https:\\\/\\\/www.dramfolks-whisky-auction.com\\\/en\\\/#website\"},\"primaryImageOfPage\":{\"@id\":\"https:\\\/\\\/www.dramfolks-whisky-auction.com\\\/en\\\/product\\\/bunnahabhain-16yo-feis-ile-2009-2\\\/#primaryimage\"},\"image\":{\"@id\":\"https:\\\/\\\/www.dramfolks-whisky-auction.com\\\/en\\\/product\\\/bunnahabhain-16yo-feis-ile-2009-2\\\/#primaryimage\"},\"thumbnailUrl\":\"https:\\\/\\\/www.dramfolks-whisky-auction.com\\\/wp-content\\\/uploads\\\/2023\\\/03\\\/bunnahabhin-vorne.jpg\",\"datePublished\":\"2023-05-13T07:19:24+00:00\",\"dateModified\":\"2023-05-28T18:30:36+00:00\",\"breadcrumb\":{\"@id\":\"https:\\\/\\\/www.dramfolks-whisky-auction.com\\\/en\\\/product\\\/bunnahabhain-16yo-feis-ile-2009-2\\\/#breadcrumb\"},\"inLanguage\":\"en-US\",\"potentialAction\":[{\"@type\":\"ReadAction\",\"target\":[\"https:\\\/\\\/www.dramfolks-whisky-auction.com\\\/en\\\/product\\\/bunnahabhain-16yo-feis-ile-2009-2\\\/\"]}]},{\"@type\":\"ImageObject\",\"inLanguage\":\"en-US\",\"@id\":\"https:\\\/\\\/www.dramfolks-whisky-auction.com\\\/en\\\/product\\\/bunnahabhain-16yo-feis-ile-2009-2\\\/#primaryimage\",\"url\":\"https:\\\/\\\/www.dramfolks-whisky-auction.com\\\/wp-content\\\/uploads\\\/2023\\\/03\\\/bunnahabhin-vorne.jpg\",\"contentUrl\":\"https:\\\/\\\/www.dramfolks-whisky-auction.com\\\/wp-content\\\/uploads\\\/2023\\\/03\\\/bunnahabhin-vorne.jpg\",\"width\":1666,\"height\":1666},{\"@type\":\"BreadcrumbList\",\"@id\":\"https:\\\/\\\/www.dramfolks-whisky-auction.com\\\/en\\\/product\\\/bunnahabhain-16yo-feis-ile-2009-2\\\/#breadcrumb\",\"itemListElement\":[{\"@type\":\"ListItem\",\"position\":1,\"name\":\"Startseite\",\"item\":\"https:\\\/\\\/www.dramfolks-whisky-auction.com\\\/en\\\/\"},{\"@type\":\"ListItem\",\"position\":2,\"name\":\"Shop\",\"item\":\"https:\\\/\\\/www.dramfolks-whisky-auction.com\\\/en\\\/shop\\\/\"},{\"@type\":\"ListItem\",\"position\":3,\"name\":\"Bunnahabhain &#8211; 16yo (Feis Ile 2009)\"}]},{\"@type\":\"WebSite\",\"@id\":\"https:\\\/\\\/www.dramfolks-whisky-auction.com\\\/en\\\/#website\",\"url\":\"https:\\\/\\\/www.dramfolks-whisky-auction.com\\\/en\\\/\",\"name\":\"Dramfolks Whisky Auction\",\"description\":\"\",\"potentialAction\":[{\"@type\":\"SearchAction\",\"target\":{\"@type\":\"EntryPoint\",\"urlTemplate\":\"https:\\\/\\\/www.dramfolks-whisky-auction.com\\\/en\\\/?s={search_term_string}\"},\"query-input\":{\"@type\":\"PropertyValueSpecification\",\"valueRequired\":true,\"valueName\":\"search_term_string\"}}],\"inLanguage\":\"en-US\"}]}<\/script>\n<!-- \/ Yoast SEO plugin. -->","yoast_head_json":{"title":"Bunnahabhain - 16yo (Feis Ile 2009) - Dramfolks Whisky Auction","robots":{"index":"index","follow":"follow","max-snippet":"max-snippet:-1","max-image-preview":"max-image-preview:large","max-video-preview":"max-video-preview:-1"},"canonical":"https:\/\/www.dramfolks-whisky-auction.com\/en\/product\/bunnahabhain-16yo-feis-ile-2009-2\/","og_locale":"en_US","og_type":"article","og_title":"Bunnahabhain - 16yo (Feis Ile 2009) - Dramfolks Whisky Auction","og_description":"Destille: Bunnahabhain Die Bunnahabhain Destillerie (schottisch-g\u00e4lisch: Taigh-staile Bun na h-Abhainne) wurde 1881 in der N\u00e4he von Port Askaig auf Islay gegr\u00fcndet. Im Jahr 1887, als Bunnahabhain mit Glenrothes fusionierte, wurde ebenfalls Highland Distillers [heute Edrington] gegr\u00fcndet. W\u00e4hrend andere Islay-Destillerien ihre Marken als Single Malts und zum Blenden verkauften, war Bunnas Schicksal immer bei letzteren (u.a.[...]","og_url":"https:\/\/www.dramfolks-whisky-auction.com\/en\/product\/bunnahabhain-16yo-feis-ile-2009-2\/","og_site_name":"Dramfolks Whisky Auction","article_modified_time":"2023-05-28T18:30:36+00:00","og_image":[{"width":1666,"height":1666,"url":"https:\/\/www.dramfolks-whisky-auction.com\/wp-content\/uploads\/2023\/03\/bunnahabhin-vorne.jpg","type":"image\/jpeg"}],"twitter_card":"summary_large_image","twitter_misc":{"Est. reading time":"3 minutes"},"schema":{"@context":"https:\/\/schema.org","@graph":[{"@type":"WebPage","@id":"https:\/\/www.dramfolks-whisky-auction.com\/en\/product\/bunnahabhain-16yo-feis-ile-2009-2\/","url":"https:\/\/www.dramfolks-whisky-auction.com\/en\/product\/bunnahabhain-16yo-feis-ile-2009-2\/","name":"Bunnahabhain - 16yo (Feis Ile 2009) - Dramfolks Whisky Auction","isPartOf":{"@id":"https:\/\/www.dramfolks-whisky-auction.com\/en\/#website"},"primaryImageOfPage":{"@id":"https:\/\/www.dramfolks-whisky-auction.com\/en\/product\/bunnahabhain-16yo-feis-ile-2009-2\/#primaryimage"},"image":{"@id":"https:\/\/www.dramfolks-whisky-auction.com\/en\/product\/bunnahabhain-16yo-feis-ile-2009-2\/#primaryimage"},"thumbnailUrl":"https:\/\/www.dramfolks-whisky-auction.com\/wp-content\/uploads\/2023\/03\/bunnahabhin-vorne.jpg","datePublished":"2023-05-13T07:19:24+00:00","dateModified":"2023-05-28T18:30:36+00:00","breadcrumb":{"@id":"https:\/\/www.dramfolks-whisky-auction.com\/en\/product\/bunnahabhain-16yo-feis-ile-2009-2\/#breadcrumb"},"inLanguage":"en-US","potentialAction":[{"@type":"ReadAction","target":["https:\/\/www.dramfolks-whisky-auction.com\/en\/product\/bunnahabhain-16yo-feis-ile-2009-2\/"]}]},{"@type":"ImageObject","inLanguage":"en-US","@id":"https:\/\/www.dramfolks-whisky-auction.com\/en\/product\/bunnahabhain-16yo-feis-ile-2009-2\/#primaryimage","url":"https:\/\/www.dramfolks-whisky-auction.com\/wp-content\/uploads\/2023\/03\/bunnahabhin-vorne.jpg","contentUrl":"https:\/\/www.dramfolks-whisky-auction.com\/wp-content\/uploads\/2023\/03\/bunnahabhin-vorne.jpg","width":1666,"height":1666},{"@type":"BreadcrumbList","@id":"https:\/\/www.dramfolks-whisky-auction.com\/en\/product\/bunnahabhain-16yo-feis-ile-2009-2\/#breadcrumb","itemListElement":[{"@type":"ListItem","position":1,"name":"Startseite","item":"https:\/\/www.dramfolks-whisky-auction.com\/en\/"},{"@type":"ListItem","position":2,"name":"Shop","item":"https:\/\/www.dramfolks-whisky-auction.com\/en\/shop\/"},{"@type":"ListItem","position":3,"name":"Bunnahabhain &#8211; 16yo (Feis Ile 2009)"}]},{"@type":"WebSite","@id":"https:\/\/www.dramfolks-whisky-auction.com\/en\/#website","url":"https:\/\/www.dramfolks-whisky-auction.com\/en\/","name":"Dramfolks Whisky Auction","description":"","potentialAction":[{"@type":"SearchAction","target":{"@type":"EntryPoint","urlTemplate":"https:\/\/www.dramfolks-whisky-auction.com\/en\/?s={search_term_string}"},"query-input":{"@type":"PropertyValueSpecification","valueRequired":true,"valueName":"search_term_string"}}],"inLanguage":"en-US"}]}},"_links":{"self":[{"href":"https:\/\/www.dramfolks-whisky-auction.com\/en\/wp-json\/wp\/v2\/product\/2411","targetHints":{"allow":["GET"]}}],"collection":[{"href":"https:\/\/www.dramfolks-whisky-auction.com\/en\/wp-json\/wp\/v2\/product"}],"about":[{"href":"https:\/\/www.dramfolks-whisky-auction.com\/en\/wp-json\/wp\/v2\/types\/product"}],"replies":[{"embeddable":true,"href":"https:\/\/www.dramfolks-whisky-auction.com\/en\/wp-json\/wp\/v2\/comments?post=2411"}],"wp:featuredmedia":[{"embeddable":true,"href":"https:\/\/www.dramfolks-whisky-auction.com\/en\/wp-json\/wp\/v2\/media\/2053"}],"wp:attachment":[{"href":"https:\/\/www.dramfolks-whisky-auction.com\/en\/wp-json\/wp\/v2\/media?parent=2411"}],"wp:term":[{"taxonomy":"product_brand","embeddable":true,"href":"https:\/\/www.dramfolks-whisky-auction.com\/en\/wp-json\/wp\/v2\/product_brand?post=2411"},{"taxonomy":"product_cat","embeddable":true,"href":"https:\/\/www.dramfolks-whisky-auction.com\/en\/wp-json\/wp\/v2\/product_cat?post=2411"},{"taxonomy":"product_tag","embeddable":true,"href":"https:\/\/www.dramfolks-whisky-auction.com\/en\/wp-json\/wp\/v2\/product_tag?post=2411"}],"curies":[{"name":"wp","href":"https:\/\/api.w.org\/{rel}","templated":true}]}}