{"id":2405,"date":"2023-05-13T09:05:19","date_gmt":"2023-05-13T07:05:19","guid":{"rendered":"https:\/\/www.dramfolks-whisky-auction.com\/?post_type=product&#038;p=2405"},"modified":"2023-05-28T20:15:28","modified_gmt":"2023-05-28T18:15:28","slug":"glengoyne-twin-collection-10yo-17yo-2x-350ml-3","status":"publish","type":"product","link":"https:\/\/www.dramfolks-whisky-auction.com\/en\/product\/glengoyne-twin-collection-10yo-17yo-2x-350ml-3\/","title":{"rendered":"Glengoyne &#8211; Twin Collection (10yo &#038; 17yo \/ 2x 350ml)"},"content":{"rendered":"<p><strong>Destille: Glengoyne<br \/>\n<\/strong><\/p>\n<p>Glengoyne Distillery ist eine Whiskybrennerei, die seit ihrer Gr\u00fcndung im Jahr 1833 in Dumgoyne, n\u00f6rdlich von Glasgow ununterbrochen in Betrieb ist. Die Brennerei begann 1833 unter dem Namen &#8220;Burnfoot Distillery&#8221; mit der Destillation von Whisky. Urspr\u00fcnglich im Besitz von George Connell, der die Brennerei baute und einen Pachtvertrag auf dem umliegenden Land abschloss, ging sie 1876 an die in Glasgow ans\u00e4ssigen Gebr\u00fcder Lang. Der Mythos besagt, dass die Langs beabsichtigten, die Brennerei in Glengoyne abzu\u00e4ndern. Allerdings muss sich beim Anmeldeprozess der Fehlerteufel eingeschlichen haben, sodass ein Angestellter final &#8220;Glen Guin&#8221; notiert hat. Erst 1905 wurde sie dann in Glengoyne abge\u00e4ndert. Heute ist die Destillerie im Besitz der Edrington Group. J\u00e4hrliches Produktionsvolumen: ca. 1,1 Mio. Liter.<\/p>\n<p><strong>Fun Fakt: <\/strong>Glengoyne ist ein &#8220;Regionszwitter&#8221;. W\u00e4hrend der Single Malt in den Highlands hergestellt wird (die Stills sind auf der Highland Seite), lagert und reift der Whisky in den Lagerh\u00e4usern auf der Lowlands Seite. Dieses Ph\u00e4nomen liegt daran, dass die Trennung zwischen den beiden schottischen Whiskyregionen &#8220;Highlands&#8221; und &#8220;Lowlands&#8221; direkt durch die Stra\u00dfe an der Destillerie verl\u00e4uft. Eine Seite &#8220;High&#8221;, die andere &#8220;Low&#8221;&#8230;<\/p>\n<p><strong>Whisky\/Whiskey: Twin Collection (10yo &amp; 17yo \/ 2x 350ml)<br \/>\n<\/strong><\/p>\n<p>Eine extrem seltene Twin Collection von Glengoyne im Auktionsangebot&#8230;<br \/>\nDiese &#8220;Twin Collection&#8221; beinhaltet einen 10 und einen 17-J\u00e4hrigen Single Malt Whisky, beide in der 350ml Variante. Vermutlich \u201egebottled\u201c zwischen 2006 &#8211; 2008 (gro\u00dfes Dankesch\u00f6n an &#8220;noteofmalts&#8221; f\u00fcr die Recherche und R\u00fcckmeldung) versprechen beide Glengoynes ein phantastisches Geschmackserlebnis. W\u00e4hrend der &#8220;\u00c4ltere&#8221; von beiden einen eher satten dunkelr\u00f6tlichen Kupferton als Farbgebung hat, weist der &#8220;J\u00fcngere&#8221; eine etwas hellere Farbe auf. Beide haben eine gewisse Fruchtigkeit, die beim &#8220;\u00c4lteren&#8221; in Sherry abdriftet und beim &#8220;J\u00fcngeren&#8221; eher in Richtung &#8220;Milchbonbons&#8221; geht. Beide vereint ein eher langer und milder Abgang.<\/p>\n<p><strong>Info Qualit\u00e4t der Flasche:<\/strong> Exzellent &#8211; ohne Besch\u00e4digungen \/ <strong>F\u00fcllstand: <\/strong>Into neck<br \/>\n<strong>Info Qualit\u00e4t der Box:\u00a0<\/strong> Sehr gut &#8211; ein kleiner Kratzer auf der Vorderseite (siehe Bild)<\/p>\n<p><strong>Wichtiger Hinweis:<\/strong> Die Bewertung der Flaschen und Boxen erfolgt nach \u201ebesten Wissen und Gewissen\u201c. dramfolks kann keine Gew\u00e4hrleistung f\u00fcr den Inhalt der Flaschen \u00fcbernehmen. Weitere Infos &amp; Hinweise finden Sie in unseren AGBs. Wir empfehlen Ihnen, vor der Abgabe von Geboten \u00fcber die Zoomfunktion eine Besichtigung \/ genaue Pr\u00fcfung des angebotenen Whiskys vorzunehmen. Bitte kontaktieren sie uns bei Fragen direkt unter info@dramfolks.com<\/p>\n","protected":false},"excerpt":{"rendered":"<p>Destille: Glengoyne Glengoyne Distillery ist eine Whiskybrennerei, die seit ihrer Gr\u00fcndung im Jahr 1833 in Dumgoyne, n\u00f6rdlich von Glasgow ununterbrochen in Betrieb ist. Die Brennerei begann 1833 unter dem Namen &#8220;Burnfoot Distillery&#8221; mit der Destillation von Whisky. Urspr\u00fcnglich im Besitz von George Connell, der die Brennerei baute und einen Pachtvertrag auf dem umliegenden Land abschloss,[&#8230;]\n","protected":false},"featured_media":1714,"comment_status":"closed","ping_status":"closed","template":"","meta":[],"product_brand":[],"product_cat":[369],"product_tag":[],"class_list":{"0":"post-2405","1":"product","2":"type-product","3":"status-publish","4":"has-post-thumbnail","6":"product_cat-no-4","8":"first","9":"instock","10":"shipping-taxable","11":"purchasable","12":"product-type-auction"},"yoast_head":"<!-- This site is optimized with the Yoast SEO plugin v27.4 - https:\/\/yoast.com\/product\/yoast-seo-wordpress\/ -->\n<title>Glengoyne - Twin Collection (10yo &amp; 17yo \/ 2x 350ml) - Dramfolks Whisky Auction<\/title>\n<meta name=\"robots\" content=\"index, follow, max-snippet:-1, max-image-preview:large, max-video-preview:-1\" \/>\n<link rel=\"canonical\" href=\"https:\/\/www.dramfolks-whisky-auction.com\/en\/product\/glengoyne-twin-collection-10yo-17yo-2x-350ml-3\/\" \/>\n<meta property=\"og:locale\" content=\"en_US\" \/>\n<meta property=\"og:type\" content=\"article\" \/>\n<meta property=\"og:title\" content=\"Glengoyne - Twin Collection (10yo &amp; 17yo \/ 2x 350ml) - Dramfolks Whisky Auction\" \/>\n<meta property=\"og:description\" content=\"Destille: Glengoyne Glengoyne Distillery ist eine Whiskybrennerei, die seit ihrer Gr\u00fcndung im Jahr 1833 in Dumgoyne, n\u00f6rdlich von Glasgow ununterbrochen in Betrieb ist. Die Brennerei begann 1833 unter dem Namen &#8220;Burnfoot Distillery&#8221; mit der Destillation von Whisky. Urspr\u00fcnglich im Besitz von George Connell, der die Brennerei baute und einen Pachtvertrag auf dem umliegenden Land abschloss,[...]\" \/>\n<meta property=\"og:url\" content=\"https:\/\/www.dramfolks-whisky-auction.com\/en\/product\/glengoyne-twin-collection-10yo-17yo-2x-350ml-3\/\" \/>\n<meta property=\"og:site_name\" content=\"Dramfolks Whisky Auction\" \/>\n<meta property=\"article:modified_time\" content=\"2023-05-28T18:15:28+00:00\" \/>\n<meta property=\"og:image\" content=\"https:\/\/www.dramfolks-whisky-auction.com\/wp-content\/uploads\/2023\/02\/Glengoyne-vorne-scaled.jpg\" \/>\n\t<meta property=\"og:image:width\" content=\"2560\" \/>\n\t<meta property=\"og:image:height\" content=\"2560\" \/>\n\t<meta property=\"og:image:type\" content=\"image\/jpeg\" \/>\n<meta name=\"twitter:card\" content=\"summary_large_image\" \/>\n<meta name=\"twitter:label1\" content=\"Est. reading time\" \/>\n\t<meta name=\"twitter:data1\" content=\"3 minutes\" \/>\n<script type=\"application\/ld+json\" class=\"yoast-schema-graph\">{\"@context\":\"https:\\\/\\\/schema.org\",\"@graph\":[{\"@type\":\"WebPage\",\"@id\":\"https:\\\/\\\/www.dramfolks-whisky-auction.com\\\/en\\\/product\\\/glengoyne-twin-collection-10yo-17yo-2x-350ml-3\\\/\",\"url\":\"https:\\\/\\\/www.dramfolks-whisky-auction.com\\\/en\\\/product\\\/glengoyne-twin-collection-10yo-17yo-2x-350ml-3\\\/\",\"name\":\"Glengoyne - Twin Collection (10yo & 17yo \\\/ 2x 350ml) - Dramfolks Whisky Auction\",\"isPartOf\":{\"@id\":\"https:\\\/\\\/www.dramfolks-whisky-auction.com\\\/en\\\/#website\"},\"primaryImageOfPage\":{\"@id\":\"https:\\\/\\\/www.dramfolks-whisky-auction.com\\\/en\\\/product\\\/glengoyne-twin-collection-10yo-17yo-2x-350ml-3\\\/#primaryimage\"},\"image\":{\"@id\":\"https:\\\/\\\/www.dramfolks-whisky-auction.com\\\/en\\\/product\\\/glengoyne-twin-collection-10yo-17yo-2x-350ml-3\\\/#primaryimage\"},\"thumbnailUrl\":\"https:\\\/\\\/www.dramfolks-whisky-auction.com\\\/wp-content\\\/uploads\\\/2023\\\/02\\\/Glengoyne-vorne-scaled.jpg\",\"datePublished\":\"2023-05-13T07:05:19+00:00\",\"dateModified\":\"2023-05-28T18:15:28+00:00\",\"breadcrumb\":{\"@id\":\"https:\\\/\\\/www.dramfolks-whisky-auction.com\\\/en\\\/product\\\/glengoyne-twin-collection-10yo-17yo-2x-350ml-3\\\/#breadcrumb\"},\"inLanguage\":\"en-US\",\"potentialAction\":[{\"@type\":\"ReadAction\",\"target\":[\"https:\\\/\\\/www.dramfolks-whisky-auction.com\\\/en\\\/product\\\/glengoyne-twin-collection-10yo-17yo-2x-350ml-3\\\/\"]}]},{\"@type\":\"ImageObject\",\"inLanguage\":\"en-US\",\"@id\":\"https:\\\/\\\/www.dramfolks-whisky-auction.com\\\/en\\\/product\\\/glengoyne-twin-collection-10yo-17yo-2x-350ml-3\\\/#primaryimage\",\"url\":\"https:\\\/\\\/www.dramfolks-whisky-auction.com\\\/wp-content\\\/uploads\\\/2023\\\/02\\\/Glengoyne-vorne-scaled.jpg\",\"contentUrl\":\"https:\\\/\\\/www.dramfolks-whisky-auction.com\\\/wp-content\\\/uploads\\\/2023\\\/02\\\/Glengoyne-vorne-scaled.jpg\",\"width\":2560,\"height\":2560},{\"@type\":\"BreadcrumbList\",\"@id\":\"https:\\\/\\\/www.dramfolks-whisky-auction.com\\\/en\\\/product\\\/glengoyne-twin-collection-10yo-17yo-2x-350ml-3\\\/#breadcrumb\",\"itemListElement\":[{\"@type\":\"ListItem\",\"position\":1,\"name\":\"Startseite\",\"item\":\"https:\\\/\\\/www.dramfolks-whisky-auction.com\\\/en\\\/\"},{\"@type\":\"ListItem\",\"position\":2,\"name\":\"Shop\",\"item\":\"https:\\\/\\\/www.dramfolks-whisky-auction.com\\\/en\\\/shop\\\/\"},{\"@type\":\"ListItem\",\"position\":3,\"name\":\"Glengoyne &#8211; Twin Collection (10yo &#038; 17yo \\\/ 2x 350ml)\"}]},{\"@type\":\"WebSite\",\"@id\":\"https:\\\/\\\/www.dramfolks-whisky-auction.com\\\/en\\\/#website\",\"url\":\"https:\\\/\\\/www.dramfolks-whisky-auction.com\\\/en\\\/\",\"name\":\"Dramfolks Whisky Auction\",\"description\":\"\",\"potentialAction\":[{\"@type\":\"SearchAction\",\"target\":{\"@type\":\"EntryPoint\",\"urlTemplate\":\"https:\\\/\\\/www.dramfolks-whisky-auction.com\\\/en\\\/?s={search_term_string}\"},\"query-input\":{\"@type\":\"PropertyValueSpecification\",\"valueRequired\":true,\"valueName\":\"search_term_string\"}}],\"inLanguage\":\"en-US\"}]}<\/script>\n<!-- \/ Yoast SEO plugin. -->","yoast_head_json":{"title":"Glengoyne - Twin Collection (10yo & 17yo \/ 2x 350ml) - Dramfolks Whisky Auction","robots":{"index":"index","follow":"follow","max-snippet":"max-snippet:-1","max-image-preview":"max-image-preview:large","max-video-preview":"max-video-preview:-1"},"canonical":"https:\/\/www.dramfolks-whisky-auction.com\/en\/product\/glengoyne-twin-collection-10yo-17yo-2x-350ml-3\/","og_locale":"en_US","og_type":"article","og_title":"Glengoyne - Twin Collection (10yo & 17yo \/ 2x 350ml) - Dramfolks Whisky Auction","og_description":"Destille: Glengoyne Glengoyne Distillery ist eine Whiskybrennerei, die seit ihrer Gr\u00fcndung im Jahr 1833 in Dumgoyne, n\u00f6rdlich von Glasgow ununterbrochen in Betrieb ist. Die Brennerei begann 1833 unter dem Namen &#8220;Burnfoot Distillery&#8221; mit der Destillation von Whisky. Urspr\u00fcnglich im Besitz von George Connell, der die Brennerei baute und einen Pachtvertrag auf dem umliegenden Land abschloss,[...]","og_url":"https:\/\/www.dramfolks-whisky-auction.com\/en\/product\/glengoyne-twin-collection-10yo-17yo-2x-350ml-3\/","og_site_name":"Dramfolks Whisky Auction","article_modified_time":"2023-05-28T18:15:28+00:00","og_image":[{"width":2560,"height":2560,"url":"https:\/\/www.dramfolks-whisky-auction.com\/wp-content\/uploads\/2023\/02\/Glengoyne-vorne-scaled.jpg","type":"image\/jpeg"}],"twitter_card":"summary_large_image","twitter_misc":{"Est. reading time":"3 minutes"},"schema":{"@context":"https:\/\/schema.org","@graph":[{"@type":"WebPage","@id":"https:\/\/www.dramfolks-whisky-auction.com\/en\/product\/glengoyne-twin-collection-10yo-17yo-2x-350ml-3\/","url":"https:\/\/www.dramfolks-whisky-auction.com\/en\/product\/glengoyne-twin-collection-10yo-17yo-2x-350ml-3\/","name":"Glengoyne - Twin Collection (10yo & 17yo \/ 2x 350ml) - Dramfolks Whisky Auction","isPartOf":{"@id":"https:\/\/www.dramfolks-whisky-auction.com\/en\/#website"},"primaryImageOfPage":{"@id":"https:\/\/www.dramfolks-whisky-auction.com\/en\/product\/glengoyne-twin-collection-10yo-17yo-2x-350ml-3\/#primaryimage"},"image":{"@id":"https:\/\/www.dramfolks-whisky-auction.com\/en\/product\/glengoyne-twin-collection-10yo-17yo-2x-350ml-3\/#primaryimage"},"thumbnailUrl":"https:\/\/www.dramfolks-whisky-auction.com\/wp-content\/uploads\/2023\/02\/Glengoyne-vorne-scaled.jpg","datePublished":"2023-05-13T07:05:19+00:00","dateModified":"2023-05-28T18:15:28+00:00","breadcrumb":{"@id":"https:\/\/www.dramfolks-whisky-auction.com\/en\/product\/glengoyne-twin-collection-10yo-17yo-2x-350ml-3\/#breadcrumb"},"inLanguage":"en-US","potentialAction":[{"@type":"ReadAction","target":["https:\/\/www.dramfolks-whisky-auction.com\/en\/product\/glengoyne-twin-collection-10yo-17yo-2x-350ml-3\/"]}]},{"@type":"ImageObject","inLanguage":"en-US","@id":"https:\/\/www.dramfolks-whisky-auction.com\/en\/product\/glengoyne-twin-collection-10yo-17yo-2x-350ml-3\/#primaryimage","url":"https:\/\/www.dramfolks-whisky-auction.com\/wp-content\/uploads\/2023\/02\/Glengoyne-vorne-scaled.jpg","contentUrl":"https:\/\/www.dramfolks-whisky-auction.com\/wp-content\/uploads\/2023\/02\/Glengoyne-vorne-scaled.jpg","width":2560,"height":2560},{"@type":"BreadcrumbList","@id":"https:\/\/www.dramfolks-whisky-auction.com\/en\/product\/glengoyne-twin-collection-10yo-17yo-2x-350ml-3\/#breadcrumb","itemListElement":[{"@type":"ListItem","position":1,"name":"Startseite","item":"https:\/\/www.dramfolks-whisky-auction.com\/en\/"},{"@type":"ListItem","position":2,"name":"Shop","item":"https:\/\/www.dramfolks-whisky-auction.com\/en\/shop\/"},{"@type":"ListItem","position":3,"name":"Glengoyne &#8211; Twin Collection (10yo &#038; 17yo \/ 2x 350ml)"}]},{"@type":"WebSite","@id":"https:\/\/www.dramfolks-whisky-auction.com\/en\/#website","url":"https:\/\/www.dramfolks-whisky-auction.com\/en\/","name":"Dramfolks Whisky Auction","description":"","potentialAction":[{"@type":"SearchAction","target":{"@type":"EntryPoint","urlTemplate":"https:\/\/www.dramfolks-whisky-auction.com\/en\/?s={search_term_string}"},"query-input":{"@type":"PropertyValueSpecification","valueRequired":true,"valueName":"search_term_string"}}],"inLanguage":"en-US"}]}},"_links":{"self":[{"href":"https:\/\/www.dramfolks-whisky-auction.com\/en\/wp-json\/wp\/v2\/product\/2405","targetHints":{"allow":["GET"]}}],"collection":[{"href":"https:\/\/www.dramfolks-whisky-auction.com\/en\/wp-json\/wp\/v2\/product"}],"about":[{"href":"https:\/\/www.dramfolks-whisky-auction.com\/en\/wp-json\/wp\/v2\/types\/product"}],"replies":[{"embeddable":true,"href":"https:\/\/www.dramfolks-whisky-auction.com\/en\/wp-json\/wp\/v2\/comments?post=2405"}],"wp:featuredmedia":[{"embeddable":true,"href":"https:\/\/www.dramfolks-whisky-auction.com\/en\/wp-json\/wp\/v2\/media\/1714"}],"wp:attachment":[{"href":"https:\/\/www.dramfolks-whisky-auction.com\/en\/wp-json\/wp\/v2\/media?parent=2405"}],"wp:term":[{"taxonomy":"product_brand","embeddable":true,"href":"https:\/\/www.dramfolks-whisky-auction.com\/en\/wp-json\/wp\/v2\/product_brand?post=2405"},{"taxonomy":"product_cat","embeddable":true,"href":"https:\/\/www.dramfolks-whisky-auction.com\/en\/wp-json\/wp\/v2\/product_cat?post=2405"},{"taxonomy":"product_tag","embeddable":true,"href":"https:\/\/www.dramfolks-whisky-auction.com\/en\/wp-json\/wp\/v2\/product_tag?post=2405"}],"curies":[{"name":"wp","href":"https:\/\/api.w.org\/{rel}","templated":true}]}}