{"id":2393,"date":"2023-05-11T20:52:24","date_gmt":"2023-05-11T18:52:24","guid":{"rendered":"https:\/\/www.dramfolks-whisky-auction.com\/?post_type=product&#038;p=2393"},"modified":"2023-05-28T20:30:27","modified_gmt":"2023-05-28T18:30:27","slug":"edradour-ballechin-single-cask-12yo-3","status":"publish","type":"product","link":"https:\/\/www.dramfolks-whisky-auction.com\/en\/product\/edradour-ballechin-single-cask-12yo-3\/","title":{"rendered":"Edradour &#8211; Ballechin Single Cask 12yo"},"content":{"rendered":"<p><strong>Destille: Edradour<\/strong><\/p>\n<p><span class=\"v1s2\">Edradour gilt als die ehemals kleinste produzierende Destillerie Schottlands. Sie liegt in den Bergen \u00f6stlich von Pitlochry und produziert dort ihren unverkennbaren Malt noch mit Verfahren, die bei anderen Brennereien schon l\u00e4ngst der Vergangenheit angeh\u00f6ren. Gerade mal zw\u00f6lf F\u00e4sser die Woche wurden vor 2014 in der Brennerei in einer Woche abgef\u00fcllt. Vielleicht ist genau das der Grund, warum Edradour etwas ganz Besonderes ist. Nach der \u00dcbernahme durch Signatory wurde die Ausbringungsmenge verdoppelt. Es wurde jedoch auch stets darauf geachtet, die Qualit\u00e4t, Tradition und Handarbeit beizubehalten und so einen vollmundigen und intensiven Single Malt zu kreieren. J\u00e4hrliches Produktionsvolumen: 0,5 Mio. Liter.<br \/>\n<\/span><\/p>\n<p><strong>Fun Fakt:<\/strong>\u00a0Ein (Mit)Besitzer von Edradour war mal ein Mafiaboss!!! 1933 verkaufte die Mackintosh-Familie Edradour an William Whiteley. Die Firma von Whiteley hatte w\u00e4hrend der Prohibition mit ihrer King&#8217;s Ransom-Mischung ein solides Gesch\u00e4ft in den USA aufgebaut. Der Mafiaboss Frank Costello ernannte Whiteley seinerzeit zu seinem US-Handelsvertreter. F\u00fcnf Jahre sp\u00e4ter \u00fcbernahm Costellos Partner Irving Haim die Eigent\u00fcmerschaft von Edradour, wobei Costello (und seine Firma) einen Anteil am Umsatz von King&#8217;s Ransom \u00fcbernahmen. Dieses etwas ungew\u00f6hnliche Arrangement dauerte bis zu Haims Tod 1976.<\/p>\n<p><strong>Whisky\/Whiskey: Ballechin Single Cask 12yo<\/strong><br \/>\nUnter dem Namen Ballechin f\u00fcllt die Brennerei Edradour ihre rauchigen Single Malts ab. Mit der &#8216;Straight from the Cask&#8217; Serie pr\u00e4sentiert die Brennerei hochwertige Einzelfassabf\u00fcllungen, welche in besonderen Fasstypen reifen durften. Dieser Ballechin reifte in einem ehemaligen Bourbon Cask mit der Fassnummer 402 und wurde in 298 Flaschen abgef\u00fcllt.<\/p>\n<p><strong>Info Qualit\u00e4t der Flasche:<\/strong> Exzellent &#8211; ohne Besch\u00e4digungen \/ <strong>F\u00fcllstand:<\/strong> High fill<br \/>\n<strong>Info Qualit\u00e4t der Box:<\/strong> Exzellent &#8211; ohne Besch\u00e4digungen<\/p>\n<p><strong>Wichtiger Hinweis:<\/strong> Die Bewertung der Flaschen und Boxen erfolgt nach \u201ebesten Wissen und Gewissen\u201c. dramfolks kann keine Gew\u00e4hrleistung f\u00fcr den Inhalt der Flaschen \u00fcbernehmen. Weitere Infos &amp; Hinweise finden Sie in unseren AGBs. Wir empfehlen Ihnen, vor der Abgabe von Geboten \u00fcber die Zoomfunktion eine Besichtigung \/ genaue Pr\u00fcfung des angebotenen Whiskys vorzunehmen. Bitte kontaktieren sie uns bei Fragen direkt unter info@dramfolks.com<\/p>\n","protected":false},"excerpt":{"rendered":"<p>Destille: Edradour Edradour gilt als die ehemals kleinste produzierende Destillerie Schottlands. Sie liegt in den Bergen \u00f6stlich von Pitlochry und produziert dort ihren unverkennbaren Malt noch mit Verfahren, die bei anderen Brennereien schon l\u00e4ngst der Vergangenheit angeh\u00f6ren. Gerade mal zw\u00f6lf F\u00e4sser die Woche wurden vor 2014 in der Brennerei in einer Woche abgef\u00fcllt. Vielleicht ist[&#8230;]\n","protected":false},"featured_media":1506,"comment_status":"closed","ping_status":"closed","template":"","meta":[],"product_brand":[],"product_cat":[369],"product_tag":[],"class_list":{"0":"post-2393","1":"product","2":"type-product","3":"status-publish","4":"has-post-thumbnail","6":"product_cat-no-4","8":"first","9":"instock","10":"shipping-taxable","11":"purchasable","12":"product-type-auction"},"yoast_head":"<!-- This site is optimized with the Yoast SEO plugin v27.4 - https:\/\/yoast.com\/product\/yoast-seo-wordpress\/ -->\n<title>Edradour - Ballechin Single Cask 12yo - Dramfolks Whisky Auction<\/title>\n<meta name=\"robots\" content=\"index, follow, max-snippet:-1, max-image-preview:large, max-video-preview:-1\" \/>\n<link rel=\"canonical\" href=\"https:\/\/www.dramfolks-whisky-auction.com\/en\/product\/edradour-ballechin-single-cask-12yo-3\/\" \/>\n<meta property=\"og:locale\" content=\"en_US\" \/>\n<meta property=\"og:type\" content=\"article\" \/>\n<meta property=\"og:title\" content=\"Edradour - Ballechin Single Cask 12yo - Dramfolks Whisky Auction\" \/>\n<meta property=\"og:description\" content=\"Destille: Edradour Edradour gilt als die ehemals kleinste produzierende Destillerie Schottlands. Sie liegt in den Bergen \u00f6stlich von Pitlochry und produziert dort ihren unverkennbaren Malt noch mit Verfahren, die bei anderen Brennereien schon l\u00e4ngst der Vergangenheit angeh\u00f6ren. Gerade mal zw\u00f6lf F\u00e4sser die Woche wurden vor 2014 in der Brennerei in einer Woche abgef\u00fcllt. Vielleicht ist[...]\" \/>\n<meta property=\"og:url\" content=\"https:\/\/www.dramfolks-whisky-auction.com\/en\/product\/edradour-ballechin-single-cask-12yo-3\/\" \/>\n<meta property=\"og:site_name\" content=\"Dramfolks Whisky Auction\" \/>\n<meta property=\"article:modified_time\" content=\"2023-05-28T18:30:27+00:00\" \/>\n<meta property=\"og:image\" content=\"https:\/\/www.dramfolks-whisky-auction.com\/wp-content\/uploads\/2023\/02\/bellechin-vorne.jpg\" \/>\n\t<meta property=\"og:image:width\" content=\"1640\" \/>\n\t<meta property=\"og:image:height\" content=\"1640\" \/>\n\t<meta property=\"og:image:type\" content=\"image\/jpeg\" \/>\n<meta name=\"twitter:card\" content=\"summary_large_image\" \/>\n<meta name=\"twitter:label1\" content=\"Est. reading time\" \/>\n\t<meta name=\"twitter:data1\" content=\"2 minutes\" \/>\n<script type=\"application\/ld+json\" class=\"yoast-schema-graph\">{\"@context\":\"https:\\\/\\\/schema.org\",\"@graph\":[{\"@type\":\"WebPage\",\"@id\":\"https:\\\/\\\/www.dramfolks-whisky-auction.com\\\/en\\\/product\\\/edradour-ballechin-single-cask-12yo-3\\\/\",\"url\":\"https:\\\/\\\/www.dramfolks-whisky-auction.com\\\/en\\\/product\\\/edradour-ballechin-single-cask-12yo-3\\\/\",\"name\":\"Edradour - Ballechin Single Cask 12yo - Dramfolks Whisky Auction\",\"isPartOf\":{\"@id\":\"https:\\\/\\\/www.dramfolks-whisky-auction.com\\\/en\\\/#website\"},\"primaryImageOfPage\":{\"@id\":\"https:\\\/\\\/www.dramfolks-whisky-auction.com\\\/en\\\/product\\\/edradour-ballechin-single-cask-12yo-3\\\/#primaryimage\"},\"image\":{\"@id\":\"https:\\\/\\\/www.dramfolks-whisky-auction.com\\\/en\\\/product\\\/edradour-ballechin-single-cask-12yo-3\\\/#primaryimage\"},\"thumbnailUrl\":\"https:\\\/\\\/www.dramfolks-whisky-auction.com\\\/wp-content\\\/uploads\\\/2023\\\/02\\\/bellechin-vorne.jpg\",\"datePublished\":\"2023-05-11T18:52:24+00:00\",\"dateModified\":\"2023-05-28T18:30:27+00:00\",\"breadcrumb\":{\"@id\":\"https:\\\/\\\/www.dramfolks-whisky-auction.com\\\/en\\\/product\\\/edradour-ballechin-single-cask-12yo-3\\\/#breadcrumb\"},\"inLanguage\":\"en-US\",\"potentialAction\":[{\"@type\":\"ReadAction\",\"target\":[\"https:\\\/\\\/www.dramfolks-whisky-auction.com\\\/en\\\/product\\\/edradour-ballechin-single-cask-12yo-3\\\/\"]}]},{\"@type\":\"ImageObject\",\"inLanguage\":\"en-US\",\"@id\":\"https:\\\/\\\/www.dramfolks-whisky-auction.com\\\/en\\\/product\\\/edradour-ballechin-single-cask-12yo-3\\\/#primaryimage\",\"url\":\"https:\\\/\\\/www.dramfolks-whisky-auction.com\\\/wp-content\\\/uploads\\\/2023\\\/02\\\/bellechin-vorne.jpg\",\"contentUrl\":\"https:\\\/\\\/www.dramfolks-whisky-auction.com\\\/wp-content\\\/uploads\\\/2023\\\/02\\\/bellechin-vorne.jpg\",\"width\":1640,\"height\":1640},{\"@type\":\"BreadcrumbList\",\"@id\":\"https:\\\/\\\/www.dramfolks-whisky-auction.com\\\/en\\\/product\\\/edradour-ballechin-single-cask-12yo-3\\\/#breadcrumb\",\"itemListElement\":[{\"@type\":\"ListItem\",\"position\":1,\"name\":\"Startseite\",\"item\":\"https:\\\/\\\/www.dramfolks-whisky-auction.com\\\/en\\\/\"},{\"@type\":\"ListItem\",\"position\":2,\"name\":\"Shop\",\"item\":\"https:\\\/\\\/www.dramfolks-whisky-auction.com\\\/en\\\/shop\\\/\"},{\"@type\":\"ListItem\",\"position\":3,\"name\":\"Edradour &#8211; Ballechin Single Cask 12yo\"}]},{\"@type\":\"WebSite\",\"@id\":\"https:\\\/\\\/www.dramfolks-whisky-auction.com\\\/en\\\/#website\",\"url\":\"https:\\\/\\\/www.dramfolks-whisky-auction.com\\\/en\\\/\",\"name\":\"Dramfolks Whisky Auction\",\"description\":\"\",\"potentialAction\":[{\"@type\":\"SearchAction\",\"target\":{\"@type\":\"EntryPoint\",\"urlTemplate\":\"https:\\\/\\\/www.dramfolks-whisky-auction.com\\\/en\\\/?s={search_term_string}\"},\"query-input\":{\"@type\":\"PropertyValueSpecification\",\"valueRequired\":true,\"valueName\":\"search_term_string\"}}],\"inLanguage\":\"en-US\"}]}<\/script>\n<!-- \/ Yoast SEO plugin. -->","yoast_head_json":{"title":"Edradour - Ballechin Single Cask 12yo - Dramfolks Whisky Auction","robots":{"index":"index","follow":"follow","max-snippet":"max-snippet:-1","max-image-preview":"max-image-preview:large","max-video-preview":"max-video-preview:-1"},"canonical":"https:\/\/www.dramfolks-whisky-auction.com\/en\/product\/edradour-ballechin-single-cask-12yo-3\/","og_locale":"en_US","og_type":"article","og_title":"Edradour - Ballechin Single Cask 12yo - Dramfolks Whisky Auction","og_description":"Destille: Edradour Edradour gilt als die ehemals kleinste produzierende Destillerie Schottlands. Sie liegt in den Bergen \u00f6stlich von Pitlochry und produziert dort ihren unverkennbaren Malt noch mit Verfahren, die bei anderen Brennereien schon l\u00e4ngst der Vergangenheit angeh\u00f6ren. Gerade mal zw\u00f6lf F\u00e4sser die Woche wurden vor 2014 in der Brennerei in einer Woche abgef\u00fcllt. Vielleicht ist[...]","og_url":"https:\/\/www.dramfolks-whisky-auction.com\/en\/product\/edradour-ballechin-single-cask-12yo-3\/","og_site_name":"Dramfolks Whisky Auction","article_modified_time":"2023-05-28T18:30:27+00:00","og_image":[{"width":1640,"height":1640,"url":"https:\/\/www.dramfolks-whisky-auction.com\/wp-content\/uploads\/2023\/02\/bellechin-vorne.jpg","type":"image\/jpeg"}],"twitter_card":"summary_large_image","twitter_misc":{"Est. reading time":"2 minutes"},"schema":{"@context":"https:\/\/schema.org","@graph":[{"@type":"WebPage","@id":"https:\/\/www.dramfolks-whisky-auction.com\/en\/product\/edradour-ballechin-single-cask-12yo-3\/","url":"https:\/\/www.dramfolks-whisky-auction.com\/en\/product\/edradour-ballechin-single-cask-12yo-3\/","name":"Edradour - Ballechin Single Cask 12yo - Dramfolks Whisky Auction","isPartOf":{"@id":"https:\/\/www.dramfolks-whisky-auction.com\/en\/#website"},"primaryImageOfPage":{"@id":"https:\/\/www.dramfolks-whisky-auction.com\/en\/product\/edradour-ballechin-single-cask-12yo-3\/#primaryimage"},"image":{"@id":"https:\/\/www.dramfolks-whisky-auction.com\/en\/product\/edradour-ballechin-single-cask-12yo-3\/#primaryimage"},"thumbnailUrl":"https:\/\/www.dramfolks-whisky-auction.com\/wp-content\/uploads\/2023\/02\/bellechin-vorne.jpg","datePublished":"2023-05-11T18:52:24+00:00","dateModified":"2023-05-28T18:30:27+00:00","breadcrumb":{"@id":"https:\/\/www.dramfolks-whisky-auction.com\/en\/product\/edradour-ballechin-single-cask-12yo-3\/#breadcrumb"},"inLanguage":"en-US","potentialAction":[{"@type":"ReadAction","target":["https:\/\/www.dramfolks-whisky-auction.com\/en\/product\/edradour-ballechin-single-cask-12yo-3\/"]}]},{"@type":"ImageObject","inLanguage":"en-US","@id":"https:\/\/www.dramfolks-whisky-auction.com\/en\/product\/edradour-ballechin-single-cask-12yo-3\/#primaryimage","url":"https:\/\/www.dramfolks-whisky-auction.com\/wp-content\/uploads\/2023\/02\/bellechin-vorne.jpg","contentUrl":"https:\/\/www.dramfolks-whisky-auction.com\/wp-content\/uploads\/2023\/02\/bellechin-vorne.jpg","width":1640,"height":1640},{"@type":"BreadcrumbList","@id":"https:\/\/www.dramfolks-whisky-auction.com\/en\/product\/edradour-ballechin-single-cask-12yo-3\/#breadcrumb","itemListElement":[{"@type":"ListItem","position":1,"name":"Startseite","item":"https:\/\/www.dramfolks-whisky-auction.com\/en\/"},{"@type":"ListItem","position":2,"name":"Shop","item":"https:\/\/www.dramfolks-whisky-auction.com\/en\/shop\/"},{"@type":"ListItem","position":3,"name":"Edradour &#8211; Ballechin Single Cask 12yo"}]},{"@type":"WebSite","@id":"https:\/\/www.dramfolks-whisky-auction.com\/en\/#website","url":"https:\/\/www.dramfolks-whisky-auction.com\/en\/","name":"Dramfolks Whisky Auction","description":"","potentialAction":[{"@type":"SearchAction","target":{"@type":"EntryPoint","urlTemplate":"https:\/\/www.dramfolks-whisky-auction.com\/en\/?s={search_term_string}"},"query-input":{"@type":"PropertyValueSpecification","valueRequired":true,"valueName":"search_term_string"}}],"inLanguage":"en-US"}]}},"_links":{"self":[{"href":"https:\/\/www.dramfolks-whisky-auction.com\/en\/wp-json\/wp\/v2\/product\/2393","targetHints":{"allow":["GET"]}}],"collection":[{"href":"https:\/\/www.dramfolks-whisky-auction.com\/en\/wp-json\/wp\/v2\/product"}],"about":[{"href":"https:\/\/www.dramfolks-whisky-auction.com\/en\/wp-json\/wp\/v2\/types\/product"}],"replies":[{"embeddable":true,"href":"https:\/\/www.dramfolks-whisky-auction.com\/en\/wp-json\/wp\/v2\/comments?post=2393"}],"wp:featuredmedia":[{"embeddable":true,"href":"https:\/\/www.dramfolks-whisky-auction.com\/en\/wp-json\/wp\/v2\/media\/1506"}],"wp:attachment":[{"href":"https:\/\/www.dramfolks-whisky-auction.com\/en\/wp-json\/wp\/v2\/media?parent=2393"}],"wp:term":[{"taxonomy":"product_brand","embeddable":true,"href":"https:\/\/www.dramfolks-whisky-auction.com\/en\/wp-json\/wp\/v2\/product_brand?post=2393"},{"taxonomy":"product_cat","embeddable":true,"href":"https:\/\/www.dramfolks-whisky-auction.com\/en\/wp-json\/wp\/v2\/product_cat?post=2393"},{"taxonomy":"product_tag","embeddable":true,"href":"https:\/\/www.dramfolks-whisky-auction.com\/en\/wp-json\/wp\/v2\/product_tag?post=2393"}],"curies":[{"name":"wp","href":"https:\/\/api.w.org\/{rel}","templated":true}]}}