{"id":2189,"date":"2023-04-04T20:26:26","date_gmt":"2023-04-04T18:26:26","guid":{"rendered":"https:\/\/www.dramfolks-whisky-auction.com\/?post_type=product&#038;p=2189"},"modified":"2024-04-11T20:17:32","modified_gmt":"2024-04-11T18:17:32","slug":"oban-little-bay","status":"publish","type":"product","link":"https:\/\/www.dramfolks-whisky-auction.com\/en\/product\/oban-little-bay\/","title":{"rendered":"Oban &#8211; Little Bay"},"content":{"rendered":"<p><strong>Destille: Oban<br \/>\n<\/strong><\/p>\n<p>Oban Destillerie ist eine Whiskybrennerei in der schottischen Westk\u00fcstenstadt Oban. Sie wurde 1794 von den Br\u00fcdern John und Hugh Stevenson erbaut und vor der gleichnamigen Stadt errichtet. Bis 1866 blieb sie im Besitz der Br\u00fcder bis sie dann von Peter Curnstie gekauft wurde. 1883 ging Oban dann an Walter Higgin ehe er sie 1898 an Alexander Edward, dem auch die Aultmore Distillery geh\u00f6rte, weiterverkaufte. 1923 wurde Oban an Dewars verkauft und schloss sich 1925 der Distillers Company (heute Diageo) an. Nach einer kurzen Stilllegung von 1931 bis 1937 wurde dann von 1969 bis 1972 ein neues Stillhaus gebaut. Oban hat nur zwei Pot Stills, was es zu einem der kleinsten in Schottland macht und einen Whisky produziert, der als &#8220;West Highland&#8221;-Geschmack beschrieben wurde, der irgendwo zwischen &#8220;einem trockenen, rauchigen Stil der schottischen Inseln&#8221; und &#8220;den leichteren, s\u00fc\u00dferen Malts der Highlands&#8221; liegt. J\u00e4hrliches Produktionsvolumen: ca. 0,67 Mio. Liter.<\/p>\n<p><strong>Fun Fakt:\u00a0<\/strong>Oban ist ungew\u00f6hnlich, da es sowohl eine Destillerie am Meer als auch eine st\u00e4dtische Destillerie ist. Seine Geschichte ist untrennbar mit der Stadt verbunden, in deren Hauptstra\u00dfe es eingekeilt ist. In der Tat ist der Ort so alt wie die heutige Stadt selbst. Im sp\u00e4ten 18. Jahrhundert bot der Herzog von Argyll, der auf seinem Land Gesch\u00e4fte aufbauen wollte, jedem niedrige Mieten an, der ein Haus bauen wollte. Die unternehmungslustigen Stevenson-Br\u00fcder (John und Hugh) kauften 1780 die Insel Belnahua, um Schiefer f\u00fcr ein Projekt abzubauen, das dieses Anreizsystem nutzen w\u00fcrde. Sie planten nicht nur ein Haus zu bauen, sondern eine ganze Stadt. Im Jahr 1793 hatten sie das heutige Oban angelegt und in seinem Kern eine Brauerei gebaut.<\/p>\n<p><strong>Whisky\/Whiskey: Oban Little Bay<br \/>\n<\/strong><\/p>\n<p>Fr\u00fcher Teil des Travel-Retail-Angebots von Oban, ist die 0,7l Abf\u00fcllung mittlerweile in das Kernsortiment aufgestiegen. Die Master Blender Dr. Matthew Crow und Dr. Craig Wilson verwenden einen Whisky, der sowohl in Hogsheads aus amerikanischer Eiche, sowie Sherryf\u00e4ssern aus europ\u00e4ischer Eiche gereift ist. Daher finden sich in der Nase Aromen von &#8220;getrockneten Apfelchips, Bl\u00fctenkr\u00e4uter, gehackte Minze, kandierte Orange und ein Hauch von Milchkaffee&#8221;. Am Gaumen kommen dann &#8220;diese ausgefallenen Pralinen mit den Flocken von Meersalz, Pfundkuchen mit Demerara-Zucker und Zimt&#8221; zum Vorschein. Der Abgang wird gezeichnet durch &#8220;viiiiiiiel Gew\u00fcrze &#8211; haupts\u00e4chlich Zimt und Ingwer&#8221;.<\/p>\n<p><strong>Info Qualit\u00e4t der Flasche:<\/strong> Exzellent &#8211; ohne Besch\u00e4digungen \/ <strong>F\u00fcllstand:<\/strong> Into neck<br \/>\n<strong>Info Qualit\u00e4t der Box:\u00a0<\/strong>Exzellent &#8211; ohne Besch\u00e4digungen<\/p>\n<p><strong>Wichtiger Hinweis:<\/strong> Die Bewertung der Flaschen und Boxen erfolgt nach \u201ebesten Wissen und Gewissen\u201c. dramfolks kann keine Gew\u00e4hrleistung f\u00fcr den Inhalt der Flaschen \u00fcbernehmen. Weitere Infos &amp; Hinweise finden Sie in unseren AGBs. Wir empfehlen Ihnen, vor der Abgabe von Geboten \u00fcber die Zoomfunktion eine Besichtigung \/ genaue Pr\u00fcfung des angebotenen Whiskys vorzunehmen. Bitte kontaktieren sie uns bei Fragen direkt unter info@dramfolks.com<\/p>\n","protected":false},"excerpt":{"rendered":"<p>Destille: Oban Oban Destillerie ist eine Whiskybrennerei in der schottischen Westk\u00fcstenstadt Oban. Sie wurde 1794 von den Br\u00fcdern John und Hugh Stevenson erbaut und vor der gleichnamigen Stadt errichtet. Bis 1866 blieb sie im Besitz der Br\u00fcder bis sie dann von Peter Curnstie gekauft wurde. 1883 ging Oban dann an Walter Higgin ehe er sie[&#8230;]\n","protected":false},"featured_media":2253,"comment_status":"closed","ping_status":"closed","template":"","meta":[],"product_brand":[],"product_cat":[234],"product_tag":[],"class_list":{"0":"post-2189","1":"product","2":"type-product","3":"status-publish","4":"has-post-thumbnail","6":"product_cat-no-3","8":"first","9":"instock","10":"shipping-taxable","11":"purchasable","12":"product-type-auction"},"yoast_head":"<!-- This site is optimized with the Yoast SEO plugin v27.4 - https:\/\/yoast.com\/product\/yoast-seo-wordpress\/ -->\n<title>Oban - Little Bay - Dramfolks Whisky Auction<\/title>\n<meta name=\"robots\" content=\"index, follow, max-snippet:-1, max-image-preview:large, max-video-preview:-1\" \/>\n<link rel=\"canonical\" href=\"https:\/\/www.dramfolks-whisky-auction.com\/en\/product\/oban-little-bay\/\" \/>\n<meta property=\"og:locale\" content=\"en_US\" \/>\n<meta property=\"og:type\" content=\"article\" \/>\n<meta property=\"og:title\" content=\"Oban - Little Bay - Dramfolks Whisky Auction\" \/>\n<meta property=\"og:description\" content=\"Destille: Oban Oban Destillerie ist eine Whiskybrennerei in der schottischen Westk\u00fcstenstadt Oban. Sie wurde 1794 von den Br\u00fcdern John und Hugh Stevenson erbaut und vor der gleichnamigen Stadt errichtet. Bis 1866 blieb sie im Besitz der Br\u00fcder bis sie dann von Peter Curnstie gekauft wurde. 1883 ging Oban dann an Walter Higgin ehe er sie[...]\" \/>\n<meta property=\"og:url\" content=\"https:\/\/www.dramfolks-whisky-auction.com\/en\/product\/oban-little-bay\/\" \/>\n<meta property=\"og:site_name\" content=\"Dramfolks Whisky Auction\" \/>\n<meta property=\"article:modified_time\" content=\"2024-04-11T18:17:32+00:00\" \/>\n<meta property=\"og:image\" content=\"https:\/\/www.dramfolks-whisky-auction.com\/wp-content\/uploads\/2023\/04\/oban-vorne.jpg\" \/>\n\t<meta property=\"og:image:width\" content=\"1682\" \/>\n\t<meta property=\"og:image:height\" content=\"1682\" \/>\n\t<meta property=\"og:image:type\" content=\"image\/jpeg\" \/>\n<meta name=\"twitter:card\" content=\"summary_large_image\" \/>\n<meta name=\"twitter:label1\" content=\"Est. reading time\" \/>\n\t<meta name=\"twitter:data1\" content=\"3 minutes\" \/>\n<script type=\"application\/ld+json\" class=\"yoast-schema-graph\">{\"@context\":\"https:\\\/\\\/schema.org\",\"@graph\":[{\"@type\":\"WebPage\",\"@id\":\"https:\\\/\\\/www.dramfolks-whisky-auction.com\\\/en\\\/product\\\/oban-little-bay\\\/\",\"url\":\"https:\\\/\\\/www.dramfolks-whisky-auction.com\\\/en\\\/product\\\/oban-little-bay\\\/\",\"name\":\"Oban - Little Bay - Dramfolks Whisky Auction\",\"isPartOf\":{\"@id\":\"https:\\\/\\\/www.dramfolks-whisky-auction.com\\\/en\\\/#website\"},\"primaryImageOfPage\":{\"@id\":\"https:\\\/\\\/www.dramfolks-whisky-auction.com\\\/en\\\/product\\\/oban-little-bay\\\/#primaryimage\"},\"image\":{\"@id\":\"https:\\\/\\\/www.dramfolks-whisky-auction.com\\\/en\\\/product\\\/oban-little-bay\\\/#primaryimage\"},\"thumbnailUrl\":\"https:\\\/\\\/www.dramfolks-whisky-auction.com\\\/wp-content\\\/uploads\\\/2023\\\/04\\\/oban-vorne.jpg\",\"datePublished\":\"2023-04-04T18:26:26+00:00\",\"dateModified\":\"2024-04-11T18:17:32+00:00\",\"breadcrumb\":{\"@id\":\"https:\\\/\\\/www.dramfolks-whisky-auction.com\\\/en\\\/product\\\/oban-little-bay\\\/#breadcrumb\"},\"inLanguage\":\"en-US\",\"potentialAction\":[{\"@type\":\"ReadAction\",\"target\":[\"https:\\\/\\\/www.dramfolks-whisky-auction.com\\\/en\\\/product\\\/oban-little-bay\\\/\"]}]},{\"@type\":\"ImageObject\",\"inLanguage\":\"en-US\",\"@id\":\"https:\\\/\\\/www.dramfolks-whisky-auction.com\\\/en\\\/product\\\/oban-little-bay\\\/#primaryimage\",\"url\":\"https:\\\/\\\/www.dramfolks-whisky-auction.com\\\/wp-content\\\/uploads\\\/2023\\\/04\\\/oban-vorne.jpg\",\"contentUrl\":\"https:\\\/\\\/www.dramfolks-whisky-auction.com\\\/wp-content\\\/uploads\\\/2023\\\/04\\\/oban-vorne.jpg\",\"width\":1682,\"height\":1682},{\"@type\":\"BreadcrumbList\",\"@id\":\"https:\\\/\\\/www.dramfolks-whisky-auction.com\\\/en\\\/product\\\/oban-little-bay\\\/#breadcrumb\",\"itemListElement\":[{\"@type\":\"ListItem\",\"position\":1,\"name\":\"Startseite\",\"item\":\"https:\\\/\\\/www.dramfolks-whisky-auction.com\\\/en\\\/\"},{\"@type\":\"ListItem\",\"position\":2,\"name\":\"Shop\",\"item\":\"https:\\\/\\\/www.dramfolks-whisky-auction.com\\\/en\\\/shop\\\/\"},{\"@type\":\"ListItem\",\"position\":3,\"name\":\"Oban &#8211; Little Bay\"}]},{\"@type\":\"WebSite\",\"@id\":\"https:\\\/\\\/www.dramfolks-whisky-auction.com\\\/en\\\/#website\",\"url\":\"https:\\\/\\\/www.dramfolks-whisky-auction.com\\\/en\\\/\",\"name\":\"Dramfolks Whisky Auction\",\"description\":\"\",\"potentialAction\":[{\"@type\":\"SearchAction\",\"target\":{\"@type\":\"EntryPoint\",\"urlTemplate\":\"https:\\\/\\\/www.dramfolks-whisky-auction.com\\\/en\\\/?s={search_term_string}\"},\"query-input\":{\"@type\":\"PropertyValueSpecification\",\"valueRequired\":true,\"valueName\":\"search_term_string\"}}],\"inLanguage\":\"en-US\"}]}<\/script>\n<!-- \/ Yoast SEO plugin. -->","yoast_head_json":{"title":"Oban - Little Bay - Dramfolks Whisky Auction","robots":{"index":"index","follow":"follow","max-snippet":"max-snippet:-1","max-image-preview":"max-image-preview:large","max-video-preview":"max-video-preview:-1"},"canonical":"https:\/\/www.dramfolks-whisky-auction.com\/en\/product\/oban-little-bay\/","og_locale":"en_US","og_type":"article","og_title":"Oban - Little Bay - Dramfolks Whisky Auction","og_description":"Destille: Oban Oban Destillerie ist eine Whiskybrennerei in der schottischen Westk\u00fcstenstadt Oban. Sie wurde 1794 von den Br\u00fcdern John und Hugh Stevenson erbaut und vor der gleichnamigen Stadt errichtet. Bis 1866 blieb sie im Besitz der Br\u00fcder bis sie dann von Peter Curnstie gekauft wurde. 1883 ging Oban dann an Walter Higgin ehe er sie[...]","og_url":"https:\/\/www.dramfolks-whisky-auction.com\/en\/product\/oban-little-bay\/","og_site_name":"Dramfolks Whisky Auction","article_modified_time":"2024-04-11T18:17:32+00:00","og_image":[{"width":1682,"height":1682,"url":"https:\/\/www.dramfolks-whisky-auction.com\/wp-content\/uploads\/2023\/04\/oban-vorne.jpg","type":"image\/jpeg"}],"twitter_card":"summary_large_image","twitter_misc":{"Est. reading time":"3 minutes"},"schema":{"@context":"https:\/\/schema.org","@graph":[{"@type":"WebPage","@id":"https:\/\/www.dramfolks-whisky-auction.com\/en\/product\/oban-little-bay\/","url":"https:\/\/www.dramfolks-whisky-auction.com\/en\/product\/oban-little-bay\/","name":"Oban - Little Bay - Dramfolks Whisky Auction","isPartOf":{"@id":"https:\/\/www.dramfolks-whisky-auction.com\/en\/#website"},"primaryImageOfPage":{"@id":"https:\/\/www.dramfolks-whisky-auction.com\/en\/product\/oban-little-bay\/#primaryimage"},"image":{"@id":"https:\/\/www.dramfolks-whisky-auction.com\/en\/product\/oban-little-bay\/#primaryimage"},"thumbnailUrl":"https:\/\/www.dramfolks-whisky-auction.com\/wp-content\/uploads\/2023\/04\/oban-vorne.jpg","datePublished":"2023-04-04T18:26:26+00:00","dateModified":"2024-04-11T18:17:32+00:00","breadcrumb":{"@id":"https:\/\/www.dramfolks-whisky-auction.com\/en\/product\/oban-little-bay\/#breadcrumb"},"inLanguage":"en-US","potentialAction":[{"@type":"ReadAction","target":["https:\/\/www.dramfolks-whisky-auction.com\/en\/product\/oban-little-bay\/"]}]},{"@type":"ImageObject","inLanguage":"en-US","@id":"https:\/\/www.dramfolks-whisky-auction.com\/en\/product\/oban-little-bay\/#primaryimage","url":"https:\/\/www.dramfolks-whisky-auction.com\/wp-content\/uploads\/2023\/04\/oban-vorne.jpg","contentUrl":"https:\/\/www.dramfolks-whisky-auction.com\/wp-content\/uploads\/2023\/04\/oban-vorne.jpg","width":1682,"height":1682},{"@type":"BreadcrumbList","@id":"https:\/\/www.dramfolks-whisky-auction.com\/en\/product\/oban-little-bay\/#breadcrumb","itemListElement":[{"@type":"ListItem","position":1,"name":"Startseite","item":"https:\/\/www.dramfolks-whisky-auction.com\/en\/"},{"@type":"ListItem","position":2,"name":"Shop","item":"https:\/\/www.dramfolks-whisky-auction.com\/en\/shop\/"},{"@type":"ListItem","position":3,"name":"Oban &#8211; Little Bay"}]},{"@type":"WebSite","@id":"https:\/\/www.dramfolks-whisky-auction.com\/en\/#website","url":"https:\/\/www.dramfolks-whisky-auction.com\/en\/","name":"Dramfolks Whisky Auction","description":"","potentialAction":[{"@type":"SearchAction","target":{"@type":"EntryPoint","urlTemplate":"https:\/\/www.dramfolks-whisky-auction.com\/en\/?s={search_term_string}"},"query-input":{"@type":"PropertyValueSpecification","valueRequired":true,"valueName":"search_term_string"}}],"inLanguage":"en-US"}]}},"_links":{"self":[{"href":"https:\/\/www.dramfolks-whisky-auction.com\/en\/wp-json\/wp\/v2\/product\/2189","targetHints":{"allow":["GET"]}}],"collection":[{"href":"https:\/\/www.dramfolks-whisky-auction.com\/en\/wp-json\/wp\/v2\/product"}],"about":[{"href":"https:\/\/www.dramfolks-whisky-auction.com\/en\/wp-json\/wp\/v2\/types\/product"}],"replies":[{"embeddable":true,"href":"https:\/\/www.dramfolks-whisky-auction.com\/en\/wp-json\/wp\/v2\/comments?post=2189"}],"wp:featuredmedia":[{"embeddable":true,"href":"https:\/\/www.dramfolks-whisky-auction.com\/en\/wp-json\/wp\/v2\/media\/2253"}],"wp:attachment":[{"href":"https:\/\/www.dramfolks-whisky-auction.com\/en\/wp-json\/wp\/v2\/media?parent=2189"}],"wp:term":[{"taxonomy":"product_brand","embeddable":true,"href":"https:\/\/www.dramfolks-whisky-auction.com\/en\/wp-json\/wp\/v2\/product_brand?post=2189"},{"taxonomy":"product_cat","embeddable":true,"href":"https:\/\/www.dramfolks-whisky-auction.com\/en\/wp-json\/wp\/v2\/product_cat?post=2189"},{"taxonomy":"product_tag","embeddable":true,"href":"https:\/\/www.dramfolks-whisky-auction.com\/en\/wp-json\/wp\/v2\/product_tag?post=2189"}],"curies":[{"name":"wp","href":"https:\/\/api.w.org\/{rel}","templated":true}]}}