{"id":2150,"date":"2023-04-03T21:15:21","date_gmt":"2023-04-03T19:15:21","guid":{"rendered":"https:\/\/www.dramfolks-whisky-auction.com\/?post_type=product&#038;p=2150"},"modified":"2023-04-15T20:00:01","modified_gmt":"2023-04-15T18:00:01","slug":"boann-distillery-the-whistler-9-years-marsala-finish-single-cask-2","status":"publish","type":"product","link":"https:\/\/www.dramfolks-whisky-auction.com\/en\/product\/boann-distillery-the-whistler-9-years-marsala-finish-single-cask-2\/","title":{"rendered":"Boann Distillery &#8211; The Whistler 9 Years Marsala Finish Single Cask"},"content":{"rendered":"<p><strong>Destille: Boann Distillery<br \/>\n<\/strong><\/p>\n<p><span class=\"v1s2\">Die Boann Destillerie ist eine neu erbaute Destillerie in Irland, etwa 50 km n\u00f6rdlich von Dublin. Boann ist ein Familienunternehmen mit 300 Millionen EUR Jahresumsatz. Benannt wurde die Brennerei nach der irischen G\u00f6ttin Boann, die den Fluss Boyne geschaffen haben soll.<br \/>\n<\/span><\/p>\n<p>Jeder\u00a0in der Boann Distillery verwendete Rohstoff ist zu 100% nat\u00fcrlich und 100% regional. Das Wasser stammt aus der eigenen Quelle im Boyne Valley. Die Gerste wird von den einheimischen Farmern geliefert. Die Destillerie betreibt ein System mit geschlossenem Wasserkreislauf, bei dem alles eingesetzte Wasser recycelt und Energieverluste minimiert werden. Die Abw\u00e4rme wird genutzt um das Restaurant, das Besucherzentrum und die B\u00fcros zu heizen. Regenwasser wird gesammelt, um den Einfluss auf die Umwelt zu minimieren. Alle proteinreichen Nebenprodukte der Destillation werden als Viehfutter weiterverwendet.<\/p>\n<p><strong>Fun Fakt:\u00a0<\/strong>John McDougall ist ein international anerkannter Master Distiller und Berater der Boann Distillery. John war leitender Brennmeister bei The Balvenie, Laphroaig, Springbank, Tormore und Plymouth Gin und ist der einzige lebende Mensch, der sowohl alle 5 Typen von Scotch Whisky als auch Irish Whiskey destilliert hat.<\/p>\n<p><strong>Whisky\/Whiskey: The Whistler 9 Years Marsala Finish Single Cask<\/strong><\/p>\n<p>The Whistler ist Teil einer Serie aus 4 Whiskeys von The Whistler, die exklusiv anl\u00e4sslich des 10-j\u00e4hrigen Jubil\u00e4ums von DrankDozijn abgef\u00fcllt wurde. Das sind Single Malt Whiskeys, die eine limitierte Auflage haben und auf Fassst\u00e4rke abgef\u00fcllt wurden. Dieser irische Whiskey wurde 9 Jahre lang in Ex-Bourbon-F\u00e4ssern gereift, bevor er 10 Monate lang in Ex-Marsala-F\u00e4ssern veredelt wurde. Insgesamt wurden nur 276 Flaschen abgef\u00fcllt und die hier angebotene Flasche hat die Bottle No. 229.<\/p>\n<p><strong>Info Qualit\u00e4t der Flasche:<\/strong> Exzellent &#8211; ohne Besch\u00e4digungen \/ <strong>F\u00fcllstand:<\/strong> High fill<br \/>\n<strong>Info Qualit\u00e4t der Box:<\/strong> Exzellent &#8211; ohne Besch\u00e4digungen<\/p>\n<p><strong>Wichtiger Hinweis:<\/strong> Die Bewertung der Flaschen und Boxen erfolgt nach \u201ebesten Wissen und Gewissen\u201c. dramfolks kann keine Gew\u00e4hrleistung f\u00fcr den Inhalt der Flaschen \u00fcbernehmen. Weitere Infos &amp; Hinweise finden Sie in unseren AGBs. Wir empfehlen Ihnen, vor der Abgabe von Geboten \u00fcber die Zoomfunktion eine Besichtigung \/ genaue Pr\u00fcfung des angebotenen Whiskys vorzunehmen. Bitte kontaktieren sie uns bei Fragen direkt unter info@dramfolks.com<\/p>\n","protected":false},"excerpt":{"rendered":"<p>Destille: Boann Distillery Die Boann Destillerie ist eine neu erbaute Destillerie in Irland, etwa 50 km n\u00f6rdlich von Dublin. Boann ist ein Familienunternehmen mit 300 Millionen EUR Jahresumsatz. Benannt wurde die Brennerei nach der irischen G\u00f6ttin Boann, die den Fluss Boyne geschaffen haben soll. Jeder\u00a0in der Boann Distillery verwendete Rohstoff ist zu 100% nat\u00fcrlich und[&#8230;]\n","protected":false},"featured_media":1553,"comment_status":"closed","ping_status":"closed","template":"","meta":[],"product_brand":[],"product_cat":[234],"product_tag":[],"class_list":{"0":"post-2150","1":"product","2":"type-product","3":"status-publish","4":"has-post-thumbnail","6":"product_cat-no-3","8":"first","9":"instock","10":"shipping-taxable","11":"purchasable","12":"product-type-auction"},"yoast_head":"<!-- This site is optimized with the Yoast SEO plugin v27.0 - https:\/\/yoast.com\/product\/yoast-seo-wordpress\/ -->\n<title>Boann Distillery - The Whistler 9 Years Marsala Finish Single Cask - Dramfolks Whisky Auction<\/title>\n<meta name=\"robots\" content=\"index, follow, max-snippet:-1, max-image-preview:large, max-video-preview:-1\" \/>\n<link rel=\"canonical\" href=\"https:\/\/www.dramfolks-whisky-auction.com\/en\/product\/boann-distillery-the-whistler-9-years-marsala-finish-single-cask-2\/\" \/>\n<meta property=\"og:locale\" content=\"en_US\" \/>\n<meta property=\"og:type\" content=\"article\" \/>\n<meta property=\"og:title\" content=\"Boann Distillery - The Whistler 9 Years Marsala Finish Single Cask - Dramfolks Whisky Auction\" \/>\n<meta property=\"og:description\" content=\"Destille: Boann Distillery Die Boann Destillerie ist eine neu erbaute Destillerie in Irland, etwa 50 km n\u00f6rdlich von Dublin. Boann ist ein Familienunternehmen mit 300 Millionen EUR Jahresumsatz. Benannt wurde die Brennerei nach der irischen G\u00f6ttin Boann, die den Fluss Boyne geschaffen haben soll. Jeder\u00a0in der Boann Distillery verwendete Rohstoff ist zu 100% nat\u00fcrlich und[...]\" \/>\n<meta property=\"og:url\" content=\"https:\/\/www.dramfolks-whisky-auction.com\/en\/product\/boann-distillery-the-whistler-9-years-marsala-finish-single-cask-2\/\" \/>\n<meta property=\"og:site_name\" content=\"Dramfolks Whisky Auction\" \/>\n<meta property=\"article:modified_time\" content=\"2023-04-15T18:00:01+00:00\" \/>\n<meta property=\"og:image\" content=\"https:\/\/www.dramfolks-whisky-auction.com\/wp-content\/uploads\/2023\/02\/the-whristler-vorne.jpg\" \/>\n\t<meta property=\"og:image:width\" content=\"1740\" \/>\n\t<meta property=\"og:image:height\" content=\"1740\" \/>\n\t<meta property=\"og:image:type\" content=\"image\/jpeg\" \/>\n<meta name=\"twitter:card\" content=\"summary_large_image\" \/>\n<meta name=\"twitter:label1\" content=\"Est. reading time\" \/>\n\t<meta name=\"twitter:data1\" content=\"2 minutes\" \/>\n<script type=\"application\/ld+json\" class=\"yoast-schema-graph\">{\"@context\":\"https:\/\/schema.org\",\"@graph\":[{\"@type\":\"WebPage\",\"@id\":\"https:\/\/www.dramfolks-whisky-auction.com\/en\/product\/boann-distillery-the-whistler-9-years-marsala-finish-single-cask-2\/\",\"url\":\"https:\/\/www.dramfolks-whisky-auction.com\/en\/product\/boann-distillery-the-whistler-9-years-marsala-finish-single-cask-2\/\",\"name\":\"Boann Distillery - The Whistler 9 Years Marsala Finish Single Cask - Dramfolks Whisky Auction\",\"isPartOf\":{\"@id\":\"https:\/\/www.dramfolks-whisky-auction.com\/en\/#website\"},\"primaryImageOfPage\":{\"@id\":\"https:\/\/www.dramfolks-whisky-auction.com\/en\/product\/boann-distillery-the-whistler-9-years-marsala-finish-single-cask-2\/#primaryimage\"},\"image\":{\"@id\":\"https:\/\/www.dramfolks-whisky-auction.com\/en\/product\/boann-distillery-the-whistler-9-years-marsala-finish-single-cask-2\/#primaryimage\"},\"thumbnailUrl\":\"https:\/\/www.dramfolks-whisky-auction.com\/wp-content\/uploads\/2023\/02\/the-whristler-vorne.jpg\",\"datePublished\":\"2023-04-03T19:15:21+00:00\",\"dateModified\":\"2023-04-15T18:00:01+00:00\",\"breadcrumb\":{\"@id\":\"https:\/\/www.dramfolks-whisky-auction.com\/en\/product\/boann-distillery-the-whistler-9-years-marsala-finish-single-cask-2\/#breadcrumb\"},\"inLanguage\":\"en-US\",\"potentialAction\":[{\"@type\":\"ReadAction\",\"target\":[\"https:\/\/www.dramfolks-whisky-auction.com\/en\/product\/boann-distillery-the-whistler-9-years-marsala-finish-single-cask-2\/\"]}]},{\"@type\":\"ImageObject\",\"inLanguage\":\"en-US\",\"@id\":\"https:\/\/www.dramfolks-whisky-auction.com\/en\/product\/boann-distillery-the-whistler-9-years-marsala-finish-single-cask-2\/#primaryimage\",\"url\":\"https:\/\/www.dramfolks-whisky-auction.com\/wp-content\/uploads\/2023\/02\/the-whristler-vorne.jpg\",\"contentUrl\":\"https:\/\/www.dramfolks-whisky-auction.com\/wp-content\/uploads\/2023\/02\/the-whristler-vorne.jpg\",\"width\":1740,\"height\":1740},{\"@type\":\"BreadcrumbList\",\"@id\":\"https:\/\/www.dramfolks-whisky-auction.com\/en\/product\/boann-distillery-the-whistler-9-years-marsala-finish-single-cask-2\/#breadcrumb\",\"itemListElement\":[{\"@type\":\"ListItem\",\"position\":1,\"name\":\"Startseite\",\"item\":\"https:\/\/www.dramfolks-whisky-auction.com\/en\/\"},{\"@type\":\"ListItem\",\"position\":2,\"name\":\"Shop\",\"item\":\"https:\/\/www.dramfolks-whisky-auction.com\/en\/shop\/\"},{\"@type\":\"ListItem\",\"position\":3,\"name\":\"Boann Distillery &#8211; The Whistler 9 Years Marsala Finish Single Cask\"}]},{\"@type\":\"WebSite\",\"@id\":\"https:\/\/www.dramfolks-whisky-auction.com\/en\/#website\",\"url\":\"https:\/\/www.dramfolks-whisky-auction.com\/en\/\",\"name\":\"Dramfolks Whisky Auction\",\"description\":\"\",\"potentialAction\":[{\"@type\":\"SearchAction\",\"target\":{\"@type\":\"EntryPoint\",\"urlTemplate\":\"https:\/\/www.dramfolks-whisky-auction.com\/en\/?s={search_term_string}\"},\"query-input\":{\"@type\":\"PropertyValueSpecification\",\"valueRequired\":true,\"valueName\":\"search_term_string\"}}],\"inLanguage\":\"en-US\"}]}<\/script>\n<!-- \/ Yoast SEO plugin. -->","yoast_head_json":{"title":"Boann Distillery - The Whistler 9 Years Marsala Finish Single Cask - Dramfolks Whisky Auction","robots":{"index":"index","follow":"follow","max-snippet":"max-snippet:-1","max-image-preview":"max-image-preview:large","max-video-preview":"max-video-preview:-1"},"canonical":"https:\/\/www.dramfolks-whisky-auction.com\/en\/product\/boann-distillery-the-whistler-9-years-marsala-finish-single-cask-2\/","og_locale":"en_US","og_type":"article","og_title":"Boann Distillery - The Whistler 9 Years Marsala Finish Single Cask - Dramfolks Whisky Auction","og_description":"Destille: Boann Distillery Die Boann Destillerie ist eine neu erbaute Destillerie in Irland, etwa 50 km n\u00f6rdlich von Dublin. Boann ist ein Familienunternehmen mit 300 Millionen EUR Jahresumsatz. Benannt wurde die Brennerei nach der irischen G\u00f6ttin Boann, die den Fluss Boyne geschaffen haben soll. Jeder\u00a0in der Boann Distillery verwendete Rohstoff ist zu 100% nat\u00fcrlich und[...]","og_url":"https:\/\/www.dramfolks-whisky-auction.com\/en\/product\/boann-distillery-the-whistler-9-years-marsala-finish-single-cask-2\/","og_site_name":"Dramfolks Whisky Auction","article_modified_time":"2023-04-15T18:00:01+00:00","og_image":[{"width":1740,"height":1740,"url":"https:\/\/www.dramfolks-whisky-auction.com\/wp-content\/uploads\/2023\/02\/the-whristler-vorne.jpg","type":"image\/jpeg"}],"twitter_card":"summary_large_image","twitter_misc":{"Est. reading time":"2 minutes"},"schema":{"@context":"https:\/\/schema.org","@graph":[{"@type":"WebPage","@id":"https:\/\/www.dramfolks-whisky-auction.com\/en\/product\/boann-distillery-the-whistler-9-years-marsala-finish-single-cask-2\/","url":"https:\/\/www.dramfolks-whisky-auction.com\/en\/product\/boann-distillery-the-whistler-9-years-marsala-finish-single-cask-2\/","name":"Boann Distillery - The Whistler 9 Years Marsala Finish Single Cask - Dramfolks Whisky Auction","isPartOf":{"@id":"https:\/\/www.dramfolks-whisky-auction.com\/en\/#website"},"primaryImageOfPage":{"@id":"https:\/\/www.dramfolks-whisky-auction.com\/en\/product\/boann-distillery-the-whistler-9-years-marsala-finish-single-cask-2\/#primaryimage"},"image":{"@id":"https:\/\/www.dramfolks-whisky-auction.com\/en\/product\/boann-distillery-the-whistler-9-years-marsala-finish-single-cask-2\/#primaryimage"},"thumbnailUrl":"https:\/\/www.dramfolks-whisky-auction.com\/wp-content\/uploads\/2023\/02\/the-whristler-vorne.jpg","datePublished":"2023-04-03T19:15:21+00:00","dateModified":"2023-04-15T18:00:01+00:00","breadcrumb":{"@id":"https:\/\/www.dramfolks-whisky-auction.com\/en\/product\/boann-distillery-the-whistler-9-years-marsala-finish-single-cask-2\/#breadcrumb"},"inLanguage":"en-US","potentialAction":[{"@type":"ReadAction","target":["https:\/\/www.dramfolks-whisky-auction.com\/en\/product\/boann-distillery-the-whistler-9-years-marsala-finish-single-cask-2\/"]}]},{"@type":"ImageObject","inLanguage":"en-US","@id":"https:\/\/www.dramfolks-whisky-auction.com\/en\/product\/boann-distillery-the-whistler-9-years-marsala-finish-single-cask-2\/#primaryimage","url":"https:\/\/www.dramfolks-whisky-auction.com\/wp-content\/uploads\/2023\/02\/the-whristler-vorne.jpg","contentUrl":"https:\/\/www.dramfolks-whisky-auction.com\/wp-content\/uploads\/2023\/02\/the-whristler-vorne.jpg","width":1740,"height":1740},{"@type":"BreadcrumbList","@id":"https:\/\/www.dramfolks-whisky-auction.com\/en\/product\/boann-distillery-the-whistler-9-years-marsala-finish-single-cask-2\/#breadcrumb","itemListElement":[{"@type":"ListItem","position":1,"name":"Startseite","item":"https:\/\/www.dramfolks-whisky-auction.com\/en\/"},{"@type":"ListItem","position":2,"name":"Shop","item":"https:\/\/www.dramfolks-whisky-auction.com\/en\/shop\/"},{"@type":"ListItem","position":3,"name":"Boann Distillery &#8211; The Whistler 9 Years Marsala Finish Single Cask"}]},{"@type":"WebSite","@id":"https:\/\/www.dramfolks-whisky-auction.com\/en\/#website","url":"https:\/\/www.dramfolks-whisky-auction.com\/en\/","name":"Dramfolks Whisky Auction","description":"","potentialAction":[{"@type":"SearchAction","target":{"@type":"EntryPoint","urlTemplate":"https:\/\/www.dramfolks-whisky-auction.com\/en\/?s={search_term_string}"},"query-input":{"@type":"PropertyValueSpecification","valueRequired":true,"valueName":"search_term_string"}}],"inLanguage":"en-US"}]}},"_links":{"self":[{"href":"https:\/\/www.dramfolks-whisky-auction.com\/en\/wp-json\/wp\/v2\/product\/2150","targetHints":{"allow":["GET"]}}],"collection":[{"href":"https:\/\/www.dramfolks-whisky-auction.com\/en\/wp-json\/wp\/v2\/product"}],"about":[{"href":"https:\/\/www.dramfolks-whisky-auction.com\/en\/wp-json\/wp\/v2\/types\/product"}],"replies":[{"embeddable":true,"href":"https:\/\/www.dramfolks-whisky-auction.com\/en\/wp-json\/wp\/v2\/comments?post=2150"}],"wp:featuredmedia":[{"embeddable":true,"href":"https:\/\/www.dramfolks-whisky-auction.com\/en\/wp-json\/wp\/v2\/media\/1553"}],"wp:attachment":[{"href":"https:\/\/www.dramfolks-whisky-auction.com\/en\/wp-json\/wp\/v2\/media?parent=2150"}],"wp:term":[{"taxonomy":"product_brand","embeddable":true,"href":"https:\/\/www.dramfolks-whisky-auction.com\/en\/wp-json\/wp\/v2\/product_brand?post=2150"},{"taxonomy":"product_cat","embeddable":true,"href":"https:\/\/www.dramfolks-whisky-auction.com\/en\/wp-json\/wp\/v2\/product_cat?post=2150"},{"taxonomy":"product_tag","embeddable":true,"href":"https:\/\/www.dramfolks-whisky-auction.com\/en\/wp-json\/wp\/v2\/product_tag?post=2150"}],"curies":[{"name":"wp","href":"https:\/\/api.w.org\/{rel}","templated":true}]}}