{"id":2081,"date":"2023-03-31T20:40:17","date_gmt":"2023-03-31T18:40:17","guid":{"rendered":"https:\/\/www.dramfolks-whisky-auction.com\/?post_type=product&#038;p=2081"},"modified":"2023-04-15T20:45:05","modified_gmt":"2023-04-15T18:45:05","slug":"north-star-spirits-chaos-limited-edition-no-1","status":"publish","type":"product","link":"https:\/\/www.dramfolks-whisky-auction.com\/en\/product\/north-star-spirits-chaos-limited-edition-no-1\/","title":{"rendered":"North Star Spirits &#8211; Chaos Limited Edition No. 1"},"content":{"rendered":"<p><strong>Destille: North Star Spirits (Caol Ila)<br \/>\n<\/strong><\/p>\n<p>Eigentlich d\u00fcrfte hier kein Text stehen, da es zu diesem Whisky keine Angaben der Destille gibt. H\u00f6chstwahrscheinlich handelt es sich bei dem Chaos Limited Edition No. 1 um die Caol Ila Brennerei.<br \/>\nKann aber nicht zu 100% best\u00e4tigt werden. Was aber best\u00e4tigt werden kann, ist der Abf\u00fcller. North Star Spirits ist ein in Glasgow ans\u00e4ssiges Unternehmen, das stolz darauf ist, die besten Whiskys, Gins, Rums und Bourbons abzuf\u00fcllen. Alle ihre Produkte sind kleine Chargen, ohne K\u00fchlfiltration und immer in Fassst\u00e4rke.<\/p>\n<p><strong>Fun Fakt:\u00a0 <\/strong>North Star Spirits sponsort mehrere Wohlt\u00e4tigkeitsvereine. So sind sie z.B. Unterst\u00fctzer von Accord Hospice (<a href=\"https:\/\/deref-web.de\/mail\/client\/5wt8SE5u8xY\/dereferrer\/?redirectUrl=https%3A%2F%2Fwww.accordhospice.org.uk%2Fhome%2F\" target=\"_blank\" rel=\"noopener\">https:\/\/www.accordhospice.org.uk\/home\/<\/a>), Drum Foodbank (<a href=\"https:\/\/deref-web.de\/mail\/client\/8n_lhSPh044\/dereferrer\/?redirectUrl=https%3A%2F%2Fdurham.foodbank.org.uk%2F\" target=\"_blank\" rel=\"noopener\">https:\/\/durham.foodbank.org.uk\/<\/a>), Feedback Madagascar (<a href=\"https:\/\/deref-web.de\/mail\/client\/jzCQPmV-dEo\/dereferrer\/?redirectUrl=https%3A%2F%2Fwww.feedbackmadagascar.net%2F\" target=\"_blank\" rel=\"noopener\">https:\/\/www.feedbackmadagascar.net\/<\/a>), Herriot Hospice Homecare (<a href=\"https:\/\/deref-web.de\/mail\/client\/wdqZd-ym0rE\/dereferrer\/?redirectUrl=https%3A%2F%2Fwww.macmillan.org.uk%2F\" target=\"_blank\" rel=\"noopener\">https:\/\/www.macmillan.org.uk\/<\/a>), MacMillan Cancer Support (<a href=\"https:\/\/deref-web.de\/mail\/client\/wdqZd-ym0rE\/dereferrer\/?redirectUrl=https%3A%2F%2Fwww.macmillan.org.uk%2F\" target=\"_blank\" rel=\"noopener\">https:\/\/www.macmillan.org.uk\/<\/a>) usw. usw.<\/p>\n<p><strong>Whisky\/Whiskey: Chaos &#8211; Limited Edition No. 1<br \/>\n<\/strong><\/p>\n<p>Ein Islay Single Malt von North Star Spirits, der nach dem gleichnamigen Stern Chaos benannt wurde. Es wird vermutet, das North Star hier zwei Caol Ila Malts mischt und diese dann mit einem Paar 2010er Pedro Xim\u00e9nez-F\u00e4ssern, sowie mit einem einzigen 2009er Hogshead verheiratet. Die drei F\u00e4sser wurden mit 50% ABV abgef\u00fcllt und haben eine Limitierung von 1.200 Flaschen. In der Nase findet sich &#8220;kandierter Ingwer, erdiger Torf und Orangen\u00f6l, mit einem Hauch von ger\u00f6steter Eiche&#8221;. Am Gaumen kommt &#8220;ein Hauch von s\u00e4uerlichen Fr\u00fcchten und eine gute Portion Torfrauch mit Zitrusschalen und Pralinen&#8221; zum Vorschein. Der Abgang zeichnet sich dann mit &#8220;Orangenmarmelade und verkohlte Eiche&#8221; aus.<\/p>\n<p><strong>Info Qualit\u00e4t der Flasche:<\/strong> Exzellent &#8211; ohne Besch\u00e4digungen \/ <strong>F\u00fcllstand: <\/strong>Into neck<br \/>\n<strong>Info Qualit\u00e4t der Box: <\/strong>keine Box vorhanden<\/p>\n<p><strong>Wichtiger Hinweis:<\/strong> Die Bewertung der Flaschen und Boxen erfolgt nach \u201ebesten Wissen und Gewissen\u201c. dramfolks kann keine Gew\u00e4hrleistung f\u00fcr den Inhalt der Flaschen \u00fcbernehmen. Weitere Infos &amp; Hinweise finden Sie in unseren AGBs. Wir empfehlen Ihnen, vor der Abgabe von Geboten \u00fcber die Zoomfunktion eine Besichtigung \/ genaue Pr\u00fcfung des angebotenen Whiskys vorzunehmen. Bitte kontaktieren sie uns bei Fragen direkt unter info@dramfolks.com<\/p>\n","protected":false},"excerpt":{"rendered":"<p>Destille: North Star Spirits (Caol Ila) Eigentlich d\u00fcrfte hier kein Text stehen, da es zu diesem Whisky keine Angaben der Destille gibt. H\u00f6chstwahrscheinlich handelt es sich bei dem Chaos Limited Edition No. 1 um die Caol Ila Brennerei. Kann aber nicht zu 100% best\u00e4tigt werden. Was aber best\u00e4tigt werden kann, ist der Abf\u00fcller. North Star[&#8230;]\n","protected":false},"featured_media":2082,"comment_status":"closed","ping_status":"closed","template":"","meta":[],"product_brand":[],"product_cat":[234],"product_tag":[],"class_list":{"0":"post-2081","1":"product","2":"type-product","3":"status-publish","4":"has-post-thumbnail","6":"product_cat-no-3","8":"first","9":"instock","10":"shipping-taxable","11":"purchasable","12":"product-type-auction"},"yoast_head":"<!-- This site is optimized with the Yoast SEO plugin v27.4 - https:\/\/yoast.com\/product\/yoast-seo-wordpress\/ -->\n<title>North Star Spirits - Chaos Limited Edition No. 1 - Dramfolks Whisky Auction<\/title>\n<meta name=\"robots\" content=\"index, follow, max-snippet:-1, max-image-preview:large, max-video-preview:-1\" \/>\n<link rel=\"canonical\" href=\"https:\/\/www.dramfolks-whisky-auction.com\/en\/product\/north-star-spirits-chaos-limited-edition-no-1\/\" \/>\n<meta property=\"og:locale\" content=\"en_US\" \/>\n<meta property=\"og:type\" content=\"article\" \/>\n<meta property=\"og:title\" content=\"North Star Spirits - Chaos Limited Edition No. 1 - Dramfolks Whisky Auction\" \/>\n<meta property=\"og:description\" content=\"Destille: North Star Spirits (Caol Ila) Eigentlich d\u00fcrfte hier kein Text stehen, da es zu diesem Whisky keine Angaben der Destille gibt. H\u00f6chstwahrscheinlich handelt es sich bei dem Chaos Limited Edition No. 1 um die Caol Ila Brennerei. Kann aber nicht zu 100% best\u00e4tigt werden. Was aber best\u00e4tigt werden kann, ist der Abf\u00fcller. North Star[...]\" \/>\n<meta property=\"og:url\" content=\"https:\/\/www.dramfolks-whisky-auction.com\/en\/product\/north-star-spirits-chaos-limited-edition-no-1\/\" \/>\n<meta property=\"og:site_name\" content=\"Dramfolks Whisky Auction\" \/>\n<meta property=\"article:modified_time\" content=\"2023-04-15T18:45:05+00:00\" \/>\n<meta property=\"og:image\" content=\"https:\/\/www.dramfolks-whisky-auction.com\/wp-content\/uploads\/2023\/03\/northstar-vorne.jpg\" \/>\n\t<meta property=\"og:image:width\" content=\"1538\" \/>\n\t<meta property=\"og:image:height\" content=\"1538\" \/>\n\t<meta property=\"og:image:type\" content=\"image\/jpeg\" \/>\n<meta name=\"twitter:card\" content=\"summary_large_image\" \/>\n<meta name=\"twitter:label1\" content=\"Est. reading time\" \/>\n\t<meta name=\"twitter:data1\" content=\"2 minutes\" \/>\n<script type=\"application\/ld+json\" class=\"yoast-schema-graph\">{\"@context\":\"https:\\\/\\\/schema.org\",\"@graph\":[{\"@type\":\"WebPage\",\"@id\":\"https:\\\/\\\/www.dramfolks-whisky-auction.com\\\/en\\\/product\\\/north-star-spirits-chaos-limited-edition-no-1\\\/\",\"url\":\"https:\\\/\\\/www.dramfolks-whisky-auction.com\\\/en\\\/product\\\/north-star-spirits-chaos-limited-edition-no-1\\\/\",\"name\":\"North Star Spirits - Chaos Limited Edition No. 1 - Dramfolks Whisky Auction\",\"isPartOf\":{\"@id\":\"https:\\\/\\\/www.dramfolks-whisky-auction.com\\\/en\\\/#website\"},\"primaryImageOfPage\":{\"@id\":\"https:\\\/\\\/www.dramfolks-whisky-auction.com\\\/en\\\/product\\\/north-star-spirits-chaos-limited-edition-no-1\\\/#primaryimage\"},\"image\":{\"@id\":\"https:\\\/\\\/www.dramfolks-whisky-auction.com\\\/en\\\/product\\\/north-star-spirits-chaos-limited-edition-no-1\\\/#primaryimage\"},\"thumbnailUrl\":\"https:\\\/\\\/www.dramfolks-whisky-auction.com\\\/wp-content\\\/uploads\\\/2023\\\/03\\\/northstar-vorne.jpg\",\"datePublished\":\"2023-03-31T18:40:17+00:00\",\"dateModified\":\"2023-04-15T18:45:05+00:00\",\"breadcrumb\":{\"@id\":\"https:\\\/\\\/www.dramfolks-whisky-auction.com\\\/en\\\/product\\\/north-star-spirits-chaos-limited-edition-no-1\\\/#breadcrumb\"},\"inLanguage\":\"en-US\",\"potentialAction\":[{\"@type\":\"ReadAction\",\"target\":[\"https:\\\/\\\/www.dramfolks-whisky-auction.com\\\/en\\\/product\\\/north-star-spirits-chaos-limited-edition-no-1\\\/\"]}]},{\"@type\":\"ImageObject\",\"inLanguage\":\"en-US\",\"@id\":\"https:\\\/\\\/www.dramfolks-whisky-auction.com\\\/en\\\/product\\\/north-star-spirits-chaos-limited-edition-no-1\\\/#primaryimage\",\"url\":\"https:\\\/\\\/www.dramfolks-whisky-auction.com\\\/wp-content\\\/uploads\\\/2023\\\/03\\\/northstar-vorne.jpg\",\"contentUrl\":\"https:\\\/\\\/www.dramfolks-whisky-auction.com\\\/wp-content\\\/uploads\\\/2023\\\/03\\\/northstar-vorne.jpg\",\"width\":1538,\"height\":1538},{\"@type\":\"BreadcrumbList\",\"@id\":\"https:\\\/\\\/www.dramfolks-whisky-auction.com\\\/en\\\/product\\\/north-star-spirits-chaos-limited-edition-no-1\\\/#breadcrumb\",\"itemListElement\":[{\"@type\":\"ListItem\",\"position\":1,\"name\":\"Startseite\",\"item\":\"https:\\\/\\\/www.dramfolks-whisky-auction.com\\\/en\\\/\"},{\"@type\":\"ListItem\",\"position\":2,\"name\":\"Shop\",\"item\":\"https:\\\/\\\/www.dramfolks-whisky-auction.com\\\/en\\\/shop\\\/\"},{\"@type\":\"ListItem\",\"position\":3,\"name\":\"North Star Spirits &#8211; Chaos Limited Edition No. 1\"}]},{\"@type\":\"WebSite\",\"@id\":\"https:\\\/\\\/www.dramfolks-whisky-auction.com\\\/en\\\/#website\",\"url\":\"https:\\\/\\\/www.dramfolks-whisky-auction.com\\\/en\\\/\",\"name\":\"Dramfolks Whisky Auction\",\"description\":\"\",\"potentialAction\":[{\"@type\":\"SearchAction\",\"target\":{\"@type\":\"EntryPoint\",\"urlTemplate\":\"https:\\\/\\\/www.dramfolks-whisky-auction.com\\\/en\\\/?s={search_term_string}\"},\"query-input\":{\"@type\":\"PropertyValueSpecification\",\"valueRequired\":true,\"valueName\":\"search_term_string\"}}],\"inLanguage\":\"en-US\"}]}<\/script>\n<!-- \/ Yoast SEO plugin. -->","yoast_head_json":{"title":"North Star Spirits - Chaos Limited Edition No. 1 - Dramfolks Whisky Auction","robots":{"index":"index","follow":"follow","max-snippet":"max-snippet:-1","max-image-preview":"max-image-preview:large","max-video-preview":"max-video-preview:-1"},"canonical":"https:\/\/www.dramfolks-whisky-auction.com\/en\/product\/north-star-spirits-chaos-limited-edition-no-1\/","og_locale":"en_US","og_type":"article","og_title":"North Star Spirits - Chaos Limited Edition No. 1 - Dramfolks Whisky Auction","og_description":"Destille: North Star Spirits (Caol Ila) Eigentlich d\u00fcrfte hier kein Text stehen, da es zu diesem Whisky keine Angaben der Destille gibt. H\u00f6chstwahrscheinlich handelt es sich bei dem Chaos Limited Edition No. 1 um die Caol Ila Brennerei. Kann aber nicht zu 100% best\u00e4tigt werden. Was aber best\u00e4tigt werden kann, ist der Abf\u00fcller. North Star[...]","og_url":"https:\/\/www.dramfolks-whisky-auction.com\/en\/product\/north-star-spirits-chaos-limited-edition-no-1\/","og_site_name":"Dramfolks Whisky Auction","article_modified_time":"2023-04-15T18:45:05+00:00","og_image":[{"width":1538,"height":1538,"url":"https:\/\/www.dramfolks-whisky-auction.com\/wp-content\/uploads\/2023\/03\/northstar-vorne.jpg","type":"image\/jpeg"}],"twitter_card":"summary_large_image","twitter_misc":{"Est. reading time":"2 minutes"},"schema":{"@context":"https:\/\/schema.org","@graph":[{"@type":"WebPage","@id":"https:\/\/www.dramfolks-whisky-auction.com\/en\/product\/north-star-spirits-chaos-limited-edition-no-1\/","url":"https:\/\/www.dramfolks-whisky-auction.com\/en\/product\/north-star-spirits-chaos-limited-edition-no-1\/","name":"North Star Spirits - Chaos Limited Edition No. 1 - Dramfolks Whisky Auction","isPartOf":{"@id":"https:\/\/www.dramfolks-whisky-auction.com\/en\/#website"},"primaryImageOfPage":{"@id":"https:\/\/www.dramfolks-whisky-auction.com\/en\/product\/north-star-spirits-chaos-limited-edition-no-1\/#primaryimage"},"image":{"@id":"https:\/\/www.dramfolks-whisky-auction.com\/en\/product\/north-star-spirits-chaos-limited-edition-no-1\/#primaryimage"},"thumbnailUrl":"https:\/\/www.dramfolks-whisky-auction.com\/wp-content\/uploads\/2023\/03\/northstar-vorne.jpg","datePublished":"2023-03-31T18:40:17+00:00","dateModified":"2023-04-15T18:45:05+00:00","breadcrumb":{"@id":"https:\/\/www.dramfolks-whisky-auction.com\/en\/product\/north-star-spirits-chaos-limited-edition-no-1\/#breadcrumb"},"inLanguage":"en-US","potentialAction":[{"@type":"ReadAction","target":["https:\/\/www.dramfolks-whisky-auction.com\/en\/product\/north-star-spirits-chaos-limited-edition-no-1\/"]}]},{"@type":"ImageObject","inLanguage":"en-US","@id":"https:\/\/www.dramfolks-whisky-auction.com\/en\/product\/north-star-spirits-chaos-limited-edition-no-1\/#primaryimage","url":"https:\/\/www.dramfolks-whisky-auction.com\/wp-content\/uploads\/2023\/03\/northstar-vorne.jpg","contentUrl":"https:\/\/www.dramfolks-whisky-auction.com\/wp-content\/uploads\/2023\/03\/northstar-vorne.jpg","width":1538,"height":1538},{"@type":"BreadcrumbList","@id":"https:\/\/www.dramfolks-whisky-auction.com\/en\/product\/north-star-spirits-chaos-limited-edition-no-1\/#breadcrumb","itemListElement":[{"@type":"ListItem","position":1,"name":"Startseite","item":"https:\/\/www.dramfolks-whisky-auction.com\/en\/"},{"@type":"ListItem","position":2,"name":"Shop","item":"https:\/\/www.dramfolks-whisky-auction.com\/en\/shop\/"},{"@type":"ListItem","position":3,"name":"North Star Spirits &#8211; Chaos Limited Edition No. 1"}]},{"@type":"WebSite","@id":"https:\/\/www.dramfolks-whisky-auction.com\/en\/#website","url":"https:\/\/www.dramfolks-whisky-auction.com\/en\/","name":"Dramfolks Whisky Auction","description":"","potentialAction":[{"@type":"SearchAction","target":{"@type":"EntryPoint","urlTemplate":"https:\/\/www.dramfolks-whisky-auction.com\/en\/?s={search_term_string}"},"query-input":{"@type":"PropertyValueSpecification","valueRequired":true,"valueName":"search_term_string"}}],"inLanguage":"en-US"}]}},"_links":{"self":[{"href":"https:\/\/www.dramfolks-whisky-auction.com\/en\/wp-json\/wp\/v2\/product\/2081","targetHints":{"allow":["GET"]}}],"collection":[{"href":"https:\/\/www.dramfolks-whisky-auction.com\/en\/wp-json\/wp\/v2\/product"}],"about":[{"href":"https:\/\/www.dramfolks-whisky-auction.com\/en\/wp-json\/wp\/v2\/types\/product"}],"replies":[{"embeddable":true,"href":"https:\/\/www.dramfolks-whisky-auction.com\/en\/wp-json\/wp\/v2\/comments?post=2081"}],"wp:featuredmedia":[{"embeddable":true,"href":"https:\/\/www.dramfolks-whisky-auction.com\/en\/wp-json\/wp\/v2\/media\/2082"}],"wp:attachment":[{"href":"https:\/\/www.dramfolks-whisky-auction.com\/en\/wp-json\/wp\/v2\/media?parent=2081"}],"wp:term":[{"taxonomy":"product_brand","embeddable":true,"href":"https:\/\/www.dramfolks-whisky-auction.com\/en\/wp-json\/wp\/v2\/product_brand?post=2081"},{"taxonomy":"product_cat","embeddable":true,"href":"https:\/\/www.dramfolks-whisky-auction.com\/en\/wp-json\/wp\/v2\/product_cat?post=2081"},{"taxonomy":"product_tag","embeddable":true,"href":"https:\/\/www.dramfolks-whisky-auction.com\/en\/wp-json\/wp\/v2\/product_tag?post=2081"}],"curies":[{"name":"wp","href":"https:\/\/api.w.org\/{rel}","templated":true}]}}