{"id":2061305,"date":"2025-02-14T19:54:48","date_gmt":"2025-02-14T18:54:48","guid":{"rendered":"https:\/\/www.dramfolks-whisky-auction.com\/?post_type=product&#038;p=2061305"},"modified":"2025-03-02T19:45:26","modified_gmt":"2025-03-02T18:45:26","slug":"lindores-the-exclusive-cask-no-18-577-3yo","status":"publish","type":"product","link":"https:\/\/www.dramfolks-whisky-auction.com\/en\/product\/lindores-the-exclusive-cask-no-18-577-3yo\/","title":{"rendered":"Lindores &#8211; The Exclusive Cask No.18\/577 3yo"},"content":{"rendered":"<p><strong>Destille: Lindores<\/strong><br \/>\nDie Lindores Abbey Distillery ist eine sehr junge Scotch Whisky Destillerie in Newburgh in der Lowlands Whisky Region in Schottland und befindet sich direkt gegen\u00fcber der Abbey. Im Dezember 2017 begann das Unternehmen mit der Destillation von Whisky, wobei drei Brennblasen von Forsyths of Rothes verwendet wurden. Die Abtei von Lindores plante urspr\u00fcnglich, 150.000 Liter Spirituosen pro Jahr zu produzieren.<br \/>\nDie Brennerei befindet sich auf der Lindores Abbey Farm, die 1913 von Drew McKenzie Smiths Gro\u00dfvater gekauft wurde. Die Familie besitzt die Brennerei und Drew McKenzie Smith tr\u00e4gt den Titel &#8220;Custodian of Lindores&#8221;, da die Familie H\u00fcter des Gel\u00e4ndes der Abtei ist. Die Destillateure haben eine Preservation Society gegr\u00fcndet, deren Aufgabe es ist, die Abtei f\u00fcr zuk\u00fcnftige Generationen zu erhalten.<br \/>\nDie hier verwendete Gerste wird in Fife angebaut und es ist seit Mitte 2019 die Sorte Concerto, die auf zwei Farmen angebaut wird, die an das Anwesen der Abtei angrenzen. Bis Ende 2019 verwendete die Brennerei &#8220;ausschlie\u00dflich lokal angebaute Lindores-Gerste&#8221;. Im Jahr 2021 brachte Lindores Abbey seinen ersten Single Malt Whisky auf den Markt, den Lindores Single Malt Scotch Whisky MCDXCIV. Aktuelle j\u00e4hrliche Produktionsmenge: ca. 260.000l Alk.<\/p>\n<p><strong>Fun Fakt 1: <\/strong>Laut Mackenzie Smith sah sich das Unternehmen trotz der historischen Wurzeln von Lindores mit mindestens einer markenrechtlichen Anfechtung durch Verbrauchermarken konfrontiert, die sich auf die Verwendung des Namens Abbey bezogen hatten. Daher wird die Brennerei niemals einen Schokoladenlik\u00f6r herstellen, um einen Kampf mit Lindt, dem Hersteller von Lindor-Schokolade, zu vermeiden.<\/p>\n<p><strong>Fun Fact 2:<\/strong> Ein spezieller Hefestamm, der m\u00f6glicherweise im 15. Jahrhundert existiert hat, wird in Zusammenarbeit mit der Heriot-Watt University repliziert und zur Herstellung eines Single Malts in limitierter Auflage verwendet. Dar\u00fcber hinaus wird anstelle der Herstellung eines Gins ein Teil der neuen Spirituose von Lindores f\u00fcr die Herstellung von &#8220;Aqua Vitae&#8221; beiseite gelegt \u2013 einer Malzspirituose, die mit lokalen Kr\u00e4utern wie s\u00fc\u00dfem Cicely mazeriert wird und an den Ufern des Flusses Tay reichlich w\u00e4chst.<\/p>\n<p><strong>Whisky\/Whiskey: The Exclusive Cask No.18\/577 3yo<br \/>\n<\/strong>Lands of Scotland \u2013 ein Mystery Malt von Signatory Vintage! Den Lands of Scotland Speyside Single Malt Scotch Whisky hat Signatory Vintage abgef\u00fcllt. \u00dcber die Brennerei hinter dem Mystery Whisky des unabh\u00e4ngigen Abf\u00fcllers ist lediglich der Sitz bekannt: die schottischen Highlands. Hinsichtlich der verwendeten F\u00e4sser halten sich Abf\u00fcller und Angaben auf der Flasche ebenfalls bedeckt. Der Alkoholgehalt betr\u00e4gt 40,0 Volumenprozent. Auf k\u00fcnstliche Farbstoffe hat man beim Abf\u00fcllen verzichtet. Das Resultat ist ein preislich attraktiver Whisky, der sich insbesondere f\u00fcr Einsteiger eignet.<br \/>\n&#8220;In der Nase pr\u00e4sentiert sich der Single Malt Whisky aromatisch. Er duftet nach s\u00fc\u00dfem Toffee und nach Pudding. \u00c4pfel und Birnen sind pr\u00e4sent. Eine feine Rauchnote liegt im Hintergrund. Am Gaumen legt sich der 8 Jahre alte Highland Single Malt Whisky malzig auf die Zunge. Er schmeckt nach Manukahonig. Waln\u00fcsse und Vanille dringen durch. Gew\u00fcrze sind pr\u00e4sent. Der Abgang ist langanhaltend. Der Scotch verabschiedet sich malzig und hinterl\u00e4sst Noten aus N\u00fcssen.&#8221; (Verkostungsnotizen von <a href=\"http:\/\/www.captainscotch.de\" target=\"_blank\" rel=\"noopener noreferrer\">www.captainscotch.de<\/a>)<\/p>\n<p><strong>Info Qualit\u00e4t der Flasche:<\/strong> Exzellent ohne Besch\u00e4digungen \/ <strong>F\u00fcllstand:<\/strong> Top shoulder<br \/>\n<strong>Info Qualit\u00e4t der Box:<\/strong> keine Box vorhanden<\/p>\n<p><strong>Wichtiger Hinweis:<\/strong> Die Bewertung der Flaschen und Boxen erfolgt nach &#8220;besten Wissen und Gewissen&#8221;. dramfolks kann keine Gew\u00e4hrleistung f\u00fcr den Inhalt der Flaschen \u00fcbernehmen. Weitere Infos &amp; Hinweise finden Sie in unseren AGBs. Wir empfehlen Ihnen, vor der Abgabe von Geboten \u00fcber die Zoomfunktion eine Besichtigung \/ genaue Pr\u00fcfung des angebotenen Whiskys vorzunehmen. Bitte kontaktieren sie uns bei Fragen direkt unter info@dramfolks.com<\/p>\n","protected":false},"excerpt":{"rendered":"<p>Destille: Lindores Die Lindores Abbey Distillery ist eine sehr junge Scotch Whisky Destillerie in Newburgh in der Lowlands Whisky Region in Schottland und befindet sich direkt gegen\u00fcber der Abbey. Im Dezember 2017 begann das Unternehmen mit der Destillation von Whisky, wobei drei Brennblasen von Forsyths of Rothes verwendet wurden. Die Abtei von Lindores plante urspr\u00fcnglich,[&#8230;]\n","protected":false},"featured_media":2061306,"comment_status":"closed","ping_status":"closed","template":"","meta":[],"product_brand":[],"product_cat":[1065],"product_tag":[],"class_list":{"0":"post-2061305","1":"product","2":"type-product","3":"status-publish","4":"has-post-thumbnail","6":"product_cat-no-16","8":"first","9":"instock","10":"shipping-taxable","11":"purchasable","12":"product-type-auction"},"yoast_head":"<!-- This site is optimized with the Yoast SEO plugin v27.4 - https:\/\/yoast.com\/product\/yoast-seo-wordpress\/ -->\n<title>Lindores - The Exclusive Cask No.18\/577 3yo - Dramfolks Whisky Auction<\/title>\n<meta name=\"robots\" content=\"index, follow, max-snippet:-1, max-image-preview:large, max-video-preview:-1\" \/>\n<link rel=\"canonical\" href=\"https:\/\/www.dramfolks-whisky-auction.com\/en\/product\/lindores-the-exclusive-cask-no-18-577-3yo\/\" \/>\n<meta property=\"og:locale\" content=\"en_US\" \/>\n<meta property=\"og:type\" content=\"article\" \/>\n<meta property=\"og:title\" content=\"Lindores - The Exclusive Cask No.18\/577 3yo - Dramfolks Whisky Auction\" \/>\n<meta property=\"og:description\" content=\"Destille: Lindores Die Lindores Abbey Distillery ist eine sehr junge Scotch Whisky Destillerie in Newburgh in der Lowlands Whisky Region in Schottland und befindet sich direkt gegen\u00fcber der Abbey. Im Dezember 2017 begann das Unternehmen mit der Destillation von Whisky, wobei drei Brennblasen von Forsyths of Rothes verwendet wurden. Die Abtei von Lindores plante urspr\u00fcnglich,[...]\" \/>\n<meta property=\"og:url\" content=\"https:\/\/www.dramfolks-whisky-auction.com\/en\/product\/lindores-the-exclusive-cask-no-18-577-3yo\/\" \/>\n<meta property=\"og:site_name\" content=\"Dramfolks Whisky Auction\" \/>\n<meta property=\"article:modified_time\" content=\"2025-03-02T18:45:26+00:00\" \/>\n<meta property=\"og:image\" content=\"https:\/\/www.dramfolks-whisky-auction.com\/wp-content\/uploads\/2025\/02\/Lindores-vorne-scaled.jpg\" \/>\n\t<meta property=\"og:image:width\" content=\"2560\" \/>\n\t<meta property=\"og:image:height\" content=\"2560\" \/>\n\t<meta property=\"og:image:type\" content=\"image\/jpeg\" \/>\n<meta name=\"twitter:card\" content=\"summary_large_image\" \/>\n<meta name=\"twitter:label1\" content=\"Est. reading time\" \/>\n\t<meta name=\"twitter:data1\" content=\"4 minutes\" \/>\n<script type=\"application\/ld+json\" class=\"yoast-schema-graph\">{\"@context\":\"https:\\\/\\\/schema.org\",\"@graph\":[{\"@type\":\"WebPage\",\"@id\":\"https:\\\/\\\/www.dramfolks-whisky-auction.com\\\/en\\\/product\\\/lindores-the-exclusive-cask-no-18-577-3yo\\\/\",\"url\":\"https:\\\/\\\/www.dramfolks-whisky-auction.com\\\/en\\\/product\\\/lindores-the-exclusive-cask-no-18-577-3yo\\\/\",\"name\":\"Lindores - The Exclusive Cask No.18\\\/577 3yo - Dramfolks Whisky Auction\",\"isPartOf\":{\"@id\":\"https:\\\/\\\/www.dramfolks-whisky-auction.com\\\/en\\\/#website\"},\"primaryImageOfPage\":{\"@id\":\"https:\\\/\\\/www.dramfolks-whisky-auction.com\\\/en\\\/product\\\/lindores-the-exclusive-cask-no-18-577-3yo\\\/#primaryimage\"},\"image\":{\"@id\":\"https:\\\/\\\/www.dramfolks-whisky-auction.com\\\/en\\\/product\\\/lindores-the-exclusive-cask-no-18-577-3yo\\\/#primaryimage\"},\"thumbnailUrl\":\"https:\\\/\\\/www.dramfolks-whisky-auction.com\\\/wp-content\\\/uploads\\\/2025\\\/02\\\/Lindores-vorne-scaled.jpg\",\"datePublished\":\"2025-02-14T18:54:48+00:00\",\"dateModified\":\"2025-03-02T18:45:26+00:00\",\"breadcrumb\":{\"@id\":\"https:\\\/\\\/www.dramfolks-whisky-auction.com\\\/en\\\/product\\\/lindores-the-exclusive-cask-no-18-577-3yo\\\/#breadcrumb\"},\"inLanguage\":\"en-US\",\"potentialAction\":[{\"@type\":\"ReadAction\",\"target\":[\"https:\\\/\\\/www.dramfolks-whisky-auction.com\\\/en\\\/product\\\/lindores-the-exclusive-cask-no-18-577-3yo\\\/\"]}]},{\"@type\":\"ImageObject\",\"inLanguage\":\"en-US\",\"@id\":\"https:\\\/\\\/www.dramfolks-whisky-auction.com\\\/en\\\/product\\\/lindores-the-exclusive-cask-no-18-577-3yo\\\/#primaryimage\",\"url\":\"https:\\\/\\\/www.dramfolks-whisky-auction.com\\\/wp-content\\\/uploads\\\/2025\\\/02\\\/Lindores-vorne-scaled.jpg\",\"contentUrl\":\"https:\\\/\\\/www.dramfolks-whisky-auction.com\\\/wp-content\\\/uploads\\\/2025\\\/02\\\/Lindores-vorne-scaled.jpg\",\"width\":2560,\"height\":2560},{\"@type\":\"BreadcrumbList\",\"@id\":\"https:\\\/\\\/www.dramfolks-whisky-auction.com\\\/en\\\/product\\\/lindores-the-exclusive-cask-no-18-577-3yo\\\/#breadcrumb\",\"itemListElement\":[{\"@type\":\"ListItem\",\"position\":1,\"name\":\"Startseite\",\"item\":\"https:\\\/\\\/www.dramfolks-whisky-auction.com\\\/en\\\/\"},{\"@type\":\"ListItem\",\"position\":2,\"name\":\"Shop\",\"item\":\"https:\\\/\\\/www.dramfolks-whisky-auction.com\\\/en\\\/shop\\\/\"},{\"@type\":\"ListItem\",\"position\":3,\"name\":\"Lindores &#8211; The Exclusive Cask No.18\\\/577 3yo\"}]},{\"@type\":\"WebSite\",\"@id\":\"https:\\\/\\\/www.dramfolks-whisky-auction.com\\\/en\\\/#website\",\"url\":\"https:\\\/\\\/www.dramfolks-whisky-auction.com\\\/en\\\/\",\"name\":\"Dramfolks Whisky Auction\",\"description\":\"\",\"potentialAction\":[{\"@type\":\"SearchAction\",\"target\":{\"@type\":\"EntryPoint\",\"urlTemplate\":\"https:\\\/\\\/www.dramfolks-whisky-auction.com\\\/en\\\/?s={search_term_string}\"},\"query-input\":{\"@type\":\"PropertyValueSpecification\",\"valueRequired\":true,\"valueName\":\"search_term_string\"}}],\"inLanguage\":\"en-US\"}]}<\/script>\n<!-- \/ Yoast SEO plugin. -->","yoast_head_json":{"title":"Lindores - The Exclusive Cask No.18\/577 3yo - Dramfolks Whisky Auction","robots":{"index":"index","follow":"follow","max-snippet":"max-snippet:-1","max-image-preview":"max-image-preview:large","max-video-preview":"max-video-preview:-1"},"canonical":"https:\/\/www.dramfolks-whisky-auction.com\/en\/product\/lindores-the-exclusive-cask-no-18-577-3yo\/","og_locale":"en_US","og_type":"article","og_title":"Lindores - The Exclusive Cask No.18\/577 3yo - Dramfolks Whisky Auction","og_description":"Destille: Lindores Die Lindores Abbey Distillery ist eine sehr junge Scotch Whisky Destillerie in Newburgh in der Lowlands Whisky Region in Schottland und befindet sich direkt gegen\u00fcber der Abbey. Im Dezember 2017 begann das Unternehmen mit der Destillation von Whisky, wobei drei Brennblasen von Forsyths of Rothes verwendet wurden. Die Abtei von Lindores plante urspr\u00fcnglich,[...]","og_url":"https:\/\/www.dramfolks-whisky-auction.com\/en\/product\/lindores-the-exclusive-cask-no-18-577-3yo\/","og_site_name":"Dramfolks Whisky Auction","article_modified_time":"2025-03-02T18:45:26+00:00","og_image":[{"width":2560,"height":2560,"url":"https:\/\/www.dramfolks-whisky-auction.com\/wp-content\/uploads\/2025\/02\/Lindores-vorne-scaled.jpg","type":"image\/jpeg"}],"twitter_card":"summary_large_image","twitter_misc":{"Est. reading time":"4 minutes"},"schema":{"@context":"https:\/\/schema.org","@graph":[{"@type":"WebPage","@id":"https:\/\/www.dramfolks-whisky-auction.com\/en\/product\/lindores-the-exclusive-cask-no-18-577-3yo\/","url":"https:\/\/www.dramfolks-whisky-auction.com\/en\/product\/lindores-the-exclusive-cask-no-18-577-3yo\/","name":"Lindores - The Exclusive Cask No.18\/577 3yo - Dramfolks Whisky Auction","isPartOf":{"@id":"https:\/\/www.dramfolks-whisky-auction.com\/en\/#website"},"primaryImageOfPage":{"@id":"https:\/\/www.dramfolks-whisky-auction.com\/en\/product\/lindores-the-exclusive-cask-no-18-577-3yo\/#primaryimage"},"image":{"@id":"https:\/\/www.dramfolks-whisky-auction.com\/en\/product\/lindores-the-exclusive-cask-no-18-577-3yo\/#primaryimage"},"thumbnailUrl":"https:\/\/www.dramfolks-whisky-auction.com\/wp-content\/uploads\/2025\/02\/Lindores-vorne-scaled.jpg","datePublished":"2025-02-14T18:54:48+00:00","dateModified":"2025-03-02T18:45:26+00:00","breadcrumb":{"@id":"https:\/\/www.dramfolks-whisky-auction.com\/en\/product\/lindores-the-exclusive-cask-no-18-577-3yo\/#breadcrumb"},"inLanguage":"en-US","potentialAction":[{"@type":"ReadAction","target":["https:\/\/www.dramfolks-whisky-auction.com\/en\/product\/lindores-the-exclusive-cask-no-18-577-3yo\/"]}]},{"@type":"ImageObject","inLanguage":"en-US","@id":"https:\/\/www.dramfolks-whisky-auction.com\/en\/product\/lindores-the-exclusive-cask-no-18-577-3yo\/#primaryimage","url":"https:\/\/www.dramfolks-whisky-auction.com\/wp-content\/uploads\/2025\/02\/Lindores-vorne-scaled.jpg","contentUrl":"https:\/\/www.dramfolks-whisky-auction.com\/wp-content\/uploads\/2025\/02\/Lindores-vorne-scaled.jpg","width":2560,"height":2560},{"@type":"BreadcrumbList","@id":"https:\/\/www.dramfolks-whisky-auction.com\/en\/product\/lindores-the-exclusive-cask-no-18-577-3yo\/#breadcrumb","itemListElement":[{"@type":"ListItem","position":1,"name":"Startseite","item":"https:\/\/www.dramfolks-whisky-auction.com\/en\/"},{"@type":"ListItem","position":2,"name":"Shop","item":"https:\/\/www.dramfolks-whisky-auction.com\/en\/shop\/"},{"@type":"ListItem","position":3,"name":"Lindores &#8211; The Exclusive Cask No.18\/577 3yo"}]},{"@type":"WebSite","@id":"https:\/\/www.dramfolks-whisky-auction.com\/en\/#website","url":"https:\/\/www.dramfolks-whisky-auction.com\/en\/","name":"Dramfolks Whisky Auction","description":"","potentialAction":[{"@type":"SearchAction","target":{"@type":"EntryPoint","urlTemplate":"https:\/\/www.dramfolks-whisky-auction.com\/en\/?s={search_term_string}"},"query-input":{"@type":"PropertyValueSpecification","valueRequired":true,"valueName":"search_term_string"}}],"inLanguage":"en-US"}]}},"_links":{"self":[{"href":"https:\/\/www.dramfolks-whisky-auction.com\/en\/wp-json\/wp\/v2\/product\/2061305","targetHints":{"allow":["GET"]}}],"collection":[{"href":"https:\/\/www.dramfolks-whisky-auction.com\/en\/wp-json\/wp\/v2\/product"}],"about":[{"href":"https:\/\/www.dramfolks-whisky-auction.com\/en\/wp-json\/wp\/v2\/types\/product"}],"replies":[{"embeddable":true,"href":"https:\/\/www.dramfolks-whisky-auction.com\/en\/wp-json\/wp\/v2\/comments?post=2061305"}],"wp:featuredmedia":[{"embeddable":true,"href":"https:\/\/www.dramfolks-whisky-auction.com\/en\/wp-json\/wp\/v2\/media\/2061306"}],"wp:attachment":[{"href":"https:\/\/www.dramfolks-whisky-auction.com\/en\/wp-json\/wp\/v2\/media?parent=2061305"}],"wp:term":[{"taxonomy":"product_brand","embeddable":true,"href":"https:\/\/www.dramfolks-whisky-auction.com\/en\/wp-json\/wp\/v2\/product_brand?post=2061305"},{"taxonomy":"product_cat","embeddable":true,"href":"https:\/\/www.dramfolks-whisky-auction.com\/en\/wp-json\/wp\/v2\/product_cat?post=2061305"},{"taxonomy":"product_tag","embeddable":true,"href":"https:\/\/www.dramfolks-whisky-auction.com\/en\/wp-json\/wp\/v2\/product_tag?post=2061305"}],"curies":[{"name":"wp","href":"https:\/\/api.w.org\/{rel}","templated":true}]}}