{"id":2018,"date":"2023-03-30T21:05:48","date_gmt":"2023-03-30T19:05:48","guid":{"rendered":"https:\/\/www.dramfolks-whisky-auction.com\/?post_type=product&#038;p=2018"},"modified":"2023-04-30T10:05:56","modified_gmt":"2023-04-30T08:05:56","slug":"teeling-single-pot-still","status":"publish","type":"product","link":"https:\/\/www.dramfolks-whisky-auction.com\/en\/product\/teeling-single-pot-still\/","title":{"rendered":"Teeling &#8211; Single Pot Still"},"content":{"rendered":"<p><strong>Destille: Teeling<\/strong><\/p>\n<p>Die Teeling Destillerie wurde 1782 von Walter Teeling in Dublin gegr\u00fcndet. Der Gr\u00fcnder Walter Teeling errichtete seine kleine <span class=\"tx-datamintslossaryextension-no-replacement\">Brennerei<\/span> an der Marrowbone Lane in Dublin. Das neue Destilleriegeb\u00e4ude wurde 2014 erbaut und steht nur wenige hundert Meter vom urspr\u00fcnglichen Standort entfernt. Seit Ende M\u00e4rz 2015 flie\u00dft Spirit durch die Pot Stills und die neue Destille startete.<\/p>\n<p>J\u00e4hrliches Produktionsvolumen 500.000 l.<\/p>\n<p><strong>Fun Fakt:\u00a0 <\/strong>In der goldenen Zeit des irischen Whiskeys im 19. Jahrhundert waren die Destillerien in der &#8220;The Liberties&#8221; genannten Gegend im S\u00fcdwesten der Stadt nicht nur die wichtigsten Brennereien des Landes sie geh\u00f6rten zu den bedeutesten der Welt. Von Dublin aus gelang der legend\u00e4re Irish Whiskey hinaus in die Welt. Zu Beginn des 20. Jahrhunderts wurde der irische Whiskey von zahlreichen Schicksalsschl\u00e4gen getroffen, was zur Folge hatte, dass zu Beginn der 1970er Jahre leider die letzte Whiskeydestillerie in Dublin schlie\u00dfen musste. \u00dcber 40 Jahre sp\u00e4ter h\u00e4lt die irische Whiskeyherstellung wieder Einzug in Dublin. Im Fr\u00fchjahr 2014 begann der Bau der Distillery in den Liberties. Der Phoenix ist das Symbol der Teeling Whisky Company und steht f\u00fcr den Neubeginn.<\/p>\n<p><strong>Whisky\/Whiskey: Single Pot Still<br \/>\n<\/strong><\/p>\n<p>Teeling Single Pot Still ist der erste eigene Whiskey aus der 2015 er\u00f6ffneten Brennerei in Dublin. Der Single Pot Still Whiskey wurde aus 50% gem\u00e4lzter und 50% ungem\u00e4lzter Gerste hergestellt und anschlie\u00dfend, wie in Irland \u00fcblich dreifach destilliert. Der Teeling Single Pot Still Whiskey ist ein klassischer Irish Whiskey im traditionellen Dublin Stil, wie er das letzte Mal vor fast 50 Jahren produziert wurde. Gereift in drei verschiedenen F\u00e4ssern, American Virgin Oak, Ex-Bourbon und Ex-Sherry, bekommt der Klassiker von Teeling einen ganz eigenen Charakter, der auch den Geist Dublins widerspiegelt. Die angebotene Flasche ist aus Batch 1 und im Jahre 2018 abgef\u00fcllt!<\/p>\n<p><strong>Info Qualit\u00e4t der Flasche:<\/strong> Exzellent &#8211; ohne Besch\u00e4digungen \/ <strong>F\u00fcllstand: <\/strong>Into neck<br \/>\n<strong>Info Qualit\u00e4t der Box: <\/strong>Exzellent &#8211; ohne Besch\u00e4digungen<\/p>\n<p><strong>Wichtiger Hinweis:<\/strong> Die Bewertung der Flaschen und Boxen erfolgt nach \u201ebesten Wissen und Gewissen\u201c. dramfolks kann keine Gew\u00e4hrleistung f\u00fcr den Inhalt der Flaschen \u00fcbernehmen. Weitere Infos &amp; Hinweise finden Sie in unseren AGBs. Wir empfehlen Ihnen, vor der Abgabe von Geboten \u00fcber die Zoomfunktion eine Besichtigung \/ genaue Pr\u00fcfung des angebotenen Whiskys vorzunehmen. Bitte kontaktieren sie uns bei Fragen direkt unter info@dramfolks.com<\/p>\n","protected":false},"excerpt":{"rendered":"<p>Destille: Teeling Die Teeling Destillerie wurde 1782 von Walter Teeling in Dublin gegr\u00fcndet. Der Gr\u00fcnder Walter Teeling errichtete seine kleine Brennerei an der Marrowbone Lane in Dublin. Das neue Destilleriegeb\u00e4ude wurde 2014 erbaut und steht nur wenige hundert Meter vom urspr\u00fcnglichen Standort entfernt. Seit Ende M\u00e4rz 2015 flie\u00dft Spirit durch die Pot Stills und die[&#8230;]\n","protected":false},"featured_media":2019,"comment_status":"closed","ping_status":"closed","template":"","meta":[],"product_brand":[],"product_cat":[234],"product_tag":[],"class_list":{"0":"post-2018","1":"product","2":"type-product","3":"status-publish","4":"has-post-thumbnail","6":"product_cat-no-3","8":"first","9":"instock","10":"shipping-taxable","11":"purchasable","12":"product-type-auction"},"yoast_head":"<!-- This site is optimized with the Yoast SEO plugin v27.4 - https:\/\/yoast.com\/product\/yoast-seo-wordpress\/ -->\n<title>Teeling - Single Pot Still - Dramfolks Whisky Auction<\/title>\n<meta name=\"robots\" content=\"index, follow, max-snippet:-1, max-image-preview:large, max-video-preview:-1\" \/>\n<link rel=\"canonical\" href=\"https:\/\/www.dramfolks-whisky-auction.com\/en\/product\/teeling-single-pot-still\/\" \/>\n<meta property=\"og:locale\" content=\"en_US\" \/>\n<meta property=\"og:type\" content=\"article\" \/>\n<meta property=\"og:title\" content=\"Teeling - Single Pot Still - Dramfolks Whisky Auction\" \/>\n<meta property=\"og:description\" content=\"Destille: Teeling Die Teeling Destillerie wurde 1782 von Walter Teeling in Dublin gegr\u00fcndet. Der Gr\u00fcnder Walter Teeling errichtete seine kleine Brennerei an der Marrowbone Lane in Dublin. Das neue Destilleriegeb\u00e4ude wurde 2014 erbaut und steht nur wenige hundert Meter vom urspr\u00fcnglichen Standort entfernt. Seit Ende M\u00e4rz 2015 flie\u00dft Spirit durch die Pot Stills und die[...]\" \/>\n<meta property=\"og:url\" content=\"https:\/\/www.dramfolks-whisky-auction.com\/en\/product\/teeling-single-pot-still\/\" \/>\n<meta property=\"og:site_name\" content=\"Dramfolks Whisky Auction\" \/>\n<meta property=\"article:modified_time\" content=\"2023-04-30T08:05:56+00:00\" \/>\n<meta property=\"og:image\" content=\"https:\/\/www.dramfolks-whisky-auction.com\/wp-content\/uploads\/2023\/03\/DSC_0351-II-scaled.jpg\" \/>\n\t<meta property=\"og:image:width\" content=\"2048\" \/>\n\t<meta property=\"og:image:height\" content=\"2560\" \/>\n\t<meta property=\"og:image:type\" content=\"image\/jpeg\" \/>\n<meta name=\"twitter:card\" content=\"summary_large_image\" \/>\n<meta name=\"twitter:label1\" content=\"Est. reading time\" \/>\n\t<meta name=\"twitter:data1\" content=\"3 minutes\" \/>\n<script type=\"application\/ld+json\" class=\"yoast-schema-graph\">{\"@context\":\"https:\\\/\\\/schema.org\",\"@graph\":[{\"@type\":\"WebPage\",\"@id\":\"https:\\\/\\\/www.dramfolks-whisky-auction.com\\\/en\\\/product\\\/teeling-single-pot-still\\\/\",\"url\":\"https:\\\/\\\/www.dramfolks-whisky-auction.com\\\/en\\\/product\\\/teeling-single-pot-still\\\/\",\"name\":\"Teeling - Single Pot Still - Dramfolks Whisky Auction\",\"isPartOf\":{\"@id\":\"https:\\\/\\\/www.dramfolks-whisky-auction.com\\\/en\\\/#website\"},\"primaryImageOfPage\":{\"@id\":\"https:\\\/\\\/www.dramfolks-whisky-auction.com\\\/en\\\/product\\\/teeling-single-pot-still\\\/#primaryimage\"},\"image\":{\"@id\":\"https:\\\/\\\/www.dramfolks-whisky-auction.com\\\/en\\\/product\\\/teeling-single-pot-still\\\/#primaryimage\"},\"thumbnailUrl\":\"https:\\\/\\\/www.dramfolks-whisky-auction.com\\\/wp-content\\\/uploads\\\/2023\\\/03\\\/DSC_0351-II-scaled.jpg\",\"datePublished\":\"2023-03-30T19:05:48+00:00\",\"dateModified\":\"2023-04-30T08:05:56+00:00\",\"breadcrumb\":{\"@id\":\"https:\\\/\\\/www.dramfolks-whisky-auction.com\\\/en\\\/product\\\/teeling-single-pot-still\\\/#breadcrumb\"},\"inLanguage\":\"en-US\",\"potentialAction\":[{\"@type\":\"ReadAction\",\"target\":[\"https:\\\/\\\/www.dramfolks-whisky-auction.com\\\/en\\\/product\\\/teeling-single-pot-still\\\/\"]}]},{\"@type\":\"ImageObject\",\"inLanguage\":\"en-US\",\"@id\":\"https:\\\/\\\/www.dramfolks-whisky-auction.com\\\/en\\\/product\\\/teeling-single-pot-still\\\/#primaryimage\",\"url\":\"https:\\\/\\\/www.dramfolks-whisky-auction.com\\\/wp-content\\\/uploads\\\/2023\\\/03\\\/DSC_0351-II-scaled.jpg\",\"contentUrl\":\"https:\\\/\\\/www.dramfolks-whisky-auction.com\\\/wp-content\\\/uploads\\\/2023\\\/03\\\/DSC_0351-II-scaled.jpg\",\"width\":2048,\"height\":2560},{\"@type\":\"BreadcrumbList\",\"@id\":\"https:\\\/\\\/www.dramfolks-whisky-auction.com\\\/en\\\/product\\\/teeling-single-pot-still\\\/#breadcrumb\",\"itemListElement\":[{\"@type\":\"ListItem\",\"position\":1,\"name\":\"Startseite\",\"item\":\"https:\\\/\\\/www.dramfolks-whisky-auction.com\\\/en\\\/\"},{\"@type\":\"ListItem\",\"position\":2,\"name\":\"Shop\",\"item\":\"https:\\\/\\\/www.dramfolks-whisky-auction.com\\\/en\\\/shop\\\/\"},{\"@type\":\"ListItem\",\"position\":3,\"name\":\"Teeling &#8211; Single Pot Still\"}]},{\"@type\":\"WebSite\",\"@id\":\"https:\\\/\\\/www.dramfolks-whisky-auction.com\\\/en\\\/#website\",\"url\":\"https:\\\/\\\/www.dramfolks-whisky-auction.com\\\/en\\\/\",\"name\":\"Dramfolks Whisky Auction\",\"description\":\"\",\"potentialAction\":[{\"@type\":\"SearchAction\",\"target\":{\"@type\":\"EntryPoint\",\"urlTemplate\":\"https:\\\/\\\/www.dramfolks-whisky-auction.com\\\/en\\\/?s={search_term_string}\"},\"query-input\":{\"@type\":\"PropertyValueSpecification\",\"valueRequired\":true,\"valueName\":\"search_term_string\"}}],\"inLanguage\":\"en-US\"}]}<\/script>\n<!-- \/ Yoast SEO plugin. -->","yoast_head_json":{"title":"Teeling - Single Pot Still - Dramfolks Whisky Auction","robots":{"index":"index","follow":"follow","max-snippet":"max-snippet:-1","max-image-preview":"max-image-preview:large","max-video-preview":"max-video-preview:-1"},"canonical":"https:\/\/www.dramfolks-whisky-auction.com\/en\/product\/teeling-single-pot-still\/","og_locale":"en_US","og_type":"article","og_title":"Teeling - Single Pot Still - Dramfolks Whisky Auction","og_description":"Destille: Teeling Die Teeling Destillerie wurde 1782 von Walter Teeling in Dublin gegr\u00fcndet. Der Gr\u00fcnder Walter Teeling errichtete seine kleine Brennerei an der Marrowbone Lane in Dublin. Das neue Destilleriegeb\u00e4ude wurde 2014 erbaut und steht nur wenige hundert Meter vom urspr\u00fcnglichen Standort entfernt. Seit Ende M\u00e4rz 2015 flie\u00dft Spirit durch die Pot Stills und die[...]","og_url":"https:\/\/www.dramfolks-whisky-auction.com\/en\/product\/teeling-single-pot-still\/","og_site_name":"Dramfolks Whisky Auction","article_modified_time":"2023-04-30T08:05:56+00:00","og_image":[{"width":2048,"height":2560,"url":"https:\/\/www.dramfolks-whisky-auction.com\/wp-content\/uploads\/2023\/03\/DSC_0351-II-scaled.jpg","type":"image\/jpeg"}],"twitter_card":"summary_large_image","twitter_misc":{"Est. reading time":"3 minutes"},"schema":{"@context":"https:\/\/schema.org","@graph":[{"@type":"WebPage","@id":"https:\/\/www.dramfolks-whisky-auction.com\/en\/product\/teeling-single-pot-still\/","url":"https:\/\/www.dramfolks-whisky-auction.com\/en\/product\/teeling-single-pot-still\/","name":"Teeling - Single Pot Still - Dramfolks Whisky Auction","isPartOf":{"@id":"https:\/\/www.dramfolks-whisky-auction.com\/en\/#website"},"primaryImageOfPage":{"@id":"https:\/\/www.dramfolks-whisky-auction.com\/en\/product\/teeling-single-pot-still\/#primaryimage"},"image":{"@id":"https:\/\/www.dramfolks-whisky-auction.com\/en\/product\/teeling-single-pot-still\/#primaryimage"},"thumbnailUrl":"https:\/\/www.dramfolks-whisky-auction.com\/wp-content\/uploads\/2023\/03\/DSC_0351-II-scaled.jpg","datePublished":"2023-03-30T19:05:48+00:00","dateModified":"2023-04-30T08:05:56+00:00","breadcrumb":{"@id":"https:\/\/www.dramfolks-whisky-auction.com\/en\/product\/teeling-single-pot-still\/#breadcrumb"},"inLanguage":"en-US","potentialAction":[{"@type":"ReadAction","target":["https:\/\/www.dramfolks-whisky-auction.com\/en\/product\/teeling-single-pot-still\/"]}]},{"@type":"ImageObject","inLanguage":"en-US","@id":"https:\/\/www.dramfolks-whisky-auction.com\/en\/product\/teeling-single-pot-still\/#primaryimage","url":"https:\/\/www.dramfolks-whisky-auction.com\/wp-content\/uploads\/2023\/03\/DSC_0351-II-scaled.jpg","contentUrl":"https:\/\/www.dramfolks-whisky-auction.com\/wp-content\/uploads\/2023\/03\/DSC_0351-II-scaled.jpg","width":2048,"height":2560},{"@type":"BreadcrumbList","@id":"https:\/\/www.dramfolks-whisky-auction.com\/en\/product\/teeling-single-pot-still\/#breadcrumb","itemListElement":[{"@type":"ListItem","position":1,"name":"Startseite","item":"https:\/\/www.dramfolks-whisky-auction.com\/en\/"},{"@type":"ListItem","position":2,"name":"Shop","item":"https:\/\/www.dramfolks-whisky-auction.com\/en\/shop\/"},{"@type":"ListItem","position":3,"name":"Teeling &#8211; Single Pot Still"}]},{"@type":"WebSite","@id":"https:\/\/www.dramfolks-whisky-auction.com\/en\/#website","url":"https:\/\/www.dramfolks-whisky-auction.com\/en\/","name":"Dramfolks Whisky Auction","description":"","potentialAction":[{"@type":"SearchAction","target":{"@type":"EntryPoint","urlTemplate":"https:\/\/www.dramfolks-whisky-auction.com\/en\/?s={search_term_string}"},"query-input":{"@type":"PropertyValueSpecification","valueRequired":true,"valueName":"search_term_string"}}],"inLanguage":"en-US"}]}},"_links":{"self":[{"href":"https:\/\/www.dramfolks-whisky-auction.com\/en\/wp-json\/wp\/v2\/product\/2018","targetHints":{"allow":["GET"]}}],"collection":[{"href":"https:\/\/www.dramfolks-whisky-auction.com\/en\/wp-json\/wp\/v2\/product"}],"about":[{"href":"https:\/\/www.dramfolks-whisky-auction.com\/en\/wp-json\/wp\/v2\/types\/product"}],"replies":[{"embeddable":true,"href":"https:\/\/www.dramfolks-whisky-auction.com\/en\/wp-json\/wp\/v2\/comments?post=2018"}],"wp:featuredmedia":[{"embeddable":true,"href":"https:\/\/www.dramfolks-whisky-auction.com\/en\/wp-json\/wp\/v2\/media\/2019"}],"wp:attachment":[{"href":"https:\/\/www.dramfolks-whisky-auction.com\/en\/wp-json\/wp\/v2\/media?parent=2018"}],"wp:term":[{"taxonomy":"product_brand","embeddable":true,"href":"https:\/\/www.dramfolks-whisky-auction.com\/en\/wp-json\/wp\/v2\/product_brand?post=2018"},{"taxonomy":"product_cat","embeddable":true,"href":"https:\/\/www.dramfolks-whisky-auction.com\/en\/wp-json\/wp\/v2\/product_cat?post=2018"},{"taxonomy":"product_tag","embeddable":true,"href":"https:\/\/www.dramfolks-whisky-auction.com\/en\/wp-json\/wp\/v2\/product_tag?post=2018"}],"curies":[{"name":"wp","href":"https:\/\/api.w.org\/{rel}","templated":true}]}}