{"id":1912572,"date":"2025-01-11T09:49:03","date_gmt":"2025-01-11T08:49:03","guid":{"rendered":"https:\/\/www.dramfolks-whisky-auction.com\/?post_type=product&#038;p=1912572"},"modified":"2025-03-25T19:05:26","modified_gmt":"2025-03-25T18:05:26","slug":"aurora-spirit-destillery-bivrost-vanaheim-2","status":"publish","type":"product","link":"https:\/\/www.dramfolks-whisky-auction.com\/en\/product\/aurora-spirit-destillery-bivrost-vanaheim-2\/","title":{"rendered":"Aurora Spirit Destillery &#8211; Bivrost Vanaheim"},"content":{"rendered":"<p><strong>Destille: Aurora Spirit Distillery<br \/>\n<\/strong>2016 feierte die n\u00f6rdlichste Destillerie der Welt ihre Er\u00f6ffnung und brachte kurz darauf ihre ersten Kreationen auf den Markt. Unter dem Licht der Aurora Borealis entstanden so einzigartige Gins, herausragende Aquavite und besonderer Vodka. Auch \u00e4u\u00dferst limitierte Whiskys lassen sich im Sortiment der Distillery finden, die ihre Kreationen nach dem Bivrost \u2013 der Verbindungsbr\u00fccke zwischen den Welten der G\u00f6tter und der Erde \u2013 benannt haben.<br \/>\nDie Anf\u00e4nge der Aurora Spirit Distillery &#8211; Drei Personen und ein Gespr\u00e4ch&#8230; Viel mehr brauchte es nicht, um den ersten Funken einer Idee zu entfachen. Inmitten des arktischen Lyngen sprachen Anne-Lise, ihr Mann Tor und Hans \u00fcber lokales Essen und Getr\u00e4nke. Dabei entdeckten sie schnell, dass sie keine bekannten arktischen Alkoholika nennen konnten. Nach diesem Gespr\u00e4ch blieb der Gedanke an einen arktischen Whisky in den K\u00f6pfen der drei h\u00e4ngen, bis Hans N\u00e4gel mit K\u00f6pfen machte und seinen Job niederlegte. Feuer und Flamme f\u00fcr das Projekt holte sich das Dreigestirn Inspiration von den schottischen Brennereien, wurde von der Organisation \u201eInnovation Norway\u201c gesponsert und konnte so im Fr\u00fchling 2015 mit der Planung der Destillerie beginnen. Im Sommer 2016 \u00f6ffnete die Destillerie ihre Pforten und hei\u00dft seither Besucher aus der ganzen Welt willkommen.<\/p>\n<p><strong>Fun fact No.1:<\/strong> Weiter nach Norden geht nicht&#8230; Es ist die (aktuell) n\u00f6rdlichste Whiskydestillerie der Welt. N\u00f6rdlicher als die Arktis geht ja auch (fast) nicht mehr!<br \/>\n<strong>Fun fact No.2:<\/strong> Sicher ist sicher&#8230; Als Lager nutzen sie alte NATO-Bunkern, wenige Meter vom arktischen Meer entfernt. Eine optimale Temperatur und Luftfeuchtigkeit gew\u00e4hrleistet hier einen gleichm\u00e4\u00dfigen Verlust an Fl\u00fcssigkeit und Alkohol und tr\u00e4gt somit zur Einzigartigkeit der Spirituosen von BIVROST bei.<\/p>\n<p><strong>Whisky\/Whiskey: Bivrost Vanaheim<\/strong><br \/>\nDie Whiskys der Aurora Spirit Distillery sind ein \u00e4u\u00dferst beliebtes Kleinod. Unter dem Namen Bivrost erscheinen die arktischen Tropfen, die kaum zu ergattern sind. Der Grund hierf\u00fcr liegt an der Philosophie der Destillerie, dass man Whisky nicht hetzen sollte, denn Qualit\u00e4t braucht schlie\u00dflich ihre Zeit. So erblicken meist nur zwei limitierte Abf\u00fcllungen pro Jahr das Licht der Welt und k\u00f6nnen ihre Fans erfreuen. Hergestellt werden die beliebten Tropfen aus Gletscherschmelzwasser und nordischer Gerste, ehe man sie in unterschiedliche F\u00e4sser bettet.<br \/>\nDies ist die siebte Ver\u00f6ffentlichung von Aurora Spirit in ihrer Serie &#8220;Nine Worlds of Norse Mythology&#8221;.<br \/>\nDer Bivrost Vanaheim Single Malt Whisky wird er aus nordischen Gerstensorten und mit Wasser aus Elvejordvannet hergestellt, das aus geschmolzenem Gletscherwasser der Lyngen Alpen besteht. Der Vanaheim lagerte in 200 Liter Ex-Bourbonf\u00e4ssern und erhielt sein Finish in Teakf\u00e4ssern mit einem Fassungsverm\u00f6gen von 240 Litern. Dadurch erhielt er s\u00fc\u00dfe und w\u00fcrzige Aromen. Ein Arctic Single Malt wie ihn auch die Wikinger getrunken h\u00e4tten!<\/p>\n<p><strong>Info Qualit\u00e4t der Flasche:<\/strong> Exzellent &#8211; ohne Besch\u00e4digungen \/ <strong>F\u00fcllstand:<\/strong> Top shoulder<br \/>\n<strong>Info Qualit\u00e4t der Box:<\/strong> Exzellent &#8211; ohne Besch\u00e4digungen<\/p>\n<p><strong>Wichtiger Hinweis:<\/strong> Die Bewertung der Flaschen und Boxen erfolgt nach \u201ebesten Wissen und Gewissen\u201c. dramfolks kann keine Gew\u00e4hrleistung f\u00fcr den Inhalt der Flaschen \u00fcbernehmen. Weitere Infos &amp; Hinweise finden Sie in unseren AGBs. Wir empfehlen Ihnen, vor der Abgabe von Geboten \u00fcber die Zoomfunktion eine Besichtigung \/ genaue Pr\u00fcfung des angebotenen Whiskys vorzunehmen. Bitte kontaktieren sie uns bei Fragen direkt unter info@dramfolks.com<\/p>\n","protected":false},"excerpt":{"rendered":"<div class=\"product-short-description\">\n<div class=\"product-short-description\">\n<p><strong>After-Auction-Market by dramfolks<\/strong><\/p>\n<p>Dies ist keine laufende Auktion! \u00dcber den \u201eJetzt Kaufen\u201c-Button direkt erwerben oder dein Gebot ist ein alternativer Preisvorschlag (Maximalgebot)!<\/p>\n<\/div>\n<\/div>\n","protected":false},"featured_media":1313885,"comment_status":"closed","ping_status":"closed","template":"","meta":[],"product_brand":[],"product_cat":[1099],"product_tag":[],"class_list":{"0":"post-1912572","1":"product","2":"type-product","3":"status-publish","4":"has-post-thumbnail","6":"product_cat-aam-sold-out","8":"first","9":"instock","10":"shipping-taxable","11":"purchasable","12":"product-type-auction"},"yoast_head":"<!-- This site is optimized with the Yoast SEO plugin v27.0 - https:\/\/yoast.com\/product\/yoast-seo-wordpress\/ -->\n<title>Aurora Spirit Destillery - Bivrost Vanaheim - Dramfolks Whisky Auction<\/title>\n<meta name=\"robots\" content=\"index, follow, max-snippet:-1, max-image-preview:large, max-video-preview:-1\" \/>\n<link rel=\"canonical\" href=\"https:\/\/www.dramfolks-whisky-auction.com\/en\/product\/aurora-spirit-destillery-bivrost-vanaheim-2\/\" \/>\n<meta property=\"og:locale\" content=\"en_US\" \/>\n<meta property=\"og:type\" content=\"article\" \/>\n<meta property=\"og:title\" content=\"Aurora Spirit Destillery - Bivrost Vanaheim - Dramfolks Whisky Auction\" \/>\n<meta property=\"og:description\" content=\"After-Auction-Market by dramfolks  Dies ist keine laufende Auktion! \u00dcber den \u201eJetzt Kaufen\u201c-Button direkt erwerben oder dein Gebot ist ein alternativer Preisvorschlag (Maximalgebot)!\" \/>\n<meta property=\"og:url\" content=\"https:\/\/www.dramfolks-whisky-auction.com\/en\/product\/aurora-spirit-destillery-bivrost-vanaheim-2\/\" \/>\n<meta property=\"og:site_name\" content=\"Dramfolks Whisky Auction\" \/>\n<meta property=\"article:modified_time\" content=\"2025-03-25T18:05:26+00:00\" \/>\n<meta property=\"og:image\" content=\"https:\/\/www.dramfolks-whisky-auction.com\/wp-content\/uploads\/2024\/12\/Bivrost-Vanaheim-vorne-scaled.jpg\" \/>\n\t<meta property=\"og:image:width\" content=\"2560\" \/>\n\t<meta property=\"og:image:height\" content=\"2560\" \/>\n\t<meta property=\"og:image:type\" content=\"image\/jpeg\" \/>\n<meta name=\"twitter:card\" content=\"summary_large_image\" \/>\n<meta name=\"twitter:label1\" content=\"Est. reading time\" \/>\n\t<meta name=\"twitter:data1\" content=\"4 minutes\" \/>\n<script type=\"application\/ld+json\" class=\"yoast-schema-graph\">{\"@context\":\"https:\/\/schema.org\",\"@graph\":[{\"@type\":\"WebPage\",\"@id\":\"https:\/\/www.dramfolks-whisky-auction.com\/en\/product\/aurora-spirit-destillery-bivrost-vanaheim-2\/\",\"url\":\"https:\/\/www.dramfolks-whisky-auction.com\/en\/product\/aurora-spirit-destillery-bivrost-vanaheim-2\/\",\"name\":\"Aurora Spirit Destillery - Bivrost Vanaheim - Dramfolks Whisky Auction\",\"isPartOf\":{\"@id\":\"https:\/\/www.dramfolks-whisky-auction.com\/en\/#website\"},\"primaryImageOfPage\":{\"@id\":\"https:\/\/www.dramfolks-whisky-auction.com\/en\/product\/aurora-spirit-destillery-bivrost-vanaheim-2\/#primaryimage\"},\"image\":{\"@id\":\"https:\/\/www.dramfolks-whisky-auction.com\/en\/product\/aurora-spirit-destillery-bivrost-vanaheim-2\/#primaryimage\"},\"thumbnailUrl\":\"https:\/\/www.dramfolks-whisky-auction.com\/wp-content\/uploads\/2024\/12\/Bivrost-Vanaheim-vorne-scaled.jpg\",\"datePublished\":\"2025-01-11T08:49:03+00:00\",\"dateModified\":\"2025-03-25T18:05:26+00:00\",\"breadcrumb\":{\"@id\":\"https:\/\/www.dramfolks-whisky-auction.com\/en\/product\/aurora-spirit-destillery-bivrost-vanaheim-2\/#breadcrumb\"},\"inLanguage\":\"en-US\",\"potentialAction\":[{\"@type\":\"ReadAction\",\"target\":[\"https:\/\/www.dramfolks-whisky-auction.com\/en\/product\/aurora-spirit-destillery-bivrost-vanaheim-2\/\"]}]},{\"@type\":\"ImageObject\",\"inLanguage\":\"en-US\",\"@id\":\"https:\/\/www.dramfolks-whisky-auction.com\/en\/product\/aurora-spirit-destillery-bivrost-vanaheim-2\/#primaryimage\",\"url\":\"https:\/\/www.dramfolks-whisky-auction.com\/wp-content\/uploads\/2024\/12\/Bivrost-Vanaheim-vorne-scaled.jpg\",\"contentUrl\":\"https:\/\/www.dramfolks-whisky-auction.com\/wp-content\/uploads\/2024\/12\/Bivrost-Vanaheim-vorne-scaled.jpg\",\"width\":2560,\"height\":2560},{\"@type\":\"BreadcrumbList\",\"@id\":\"https:\/\/www.dramfolks-whisky-auction.com\/en\/product\/aurora-spirit-destillery-bivrost-vanaheim-2\/#breadcrumb\",\"itemListElement\":[{\"@type\":\"ListItem\",\"position\":1,\"name\":\"Startseite\",\"item\":\"https:\/\/www.dramfolks-whisky-auction.com\/en\/\"},{\"@type\":\"ListItem\",\"position\":2,\"name\":\"Shop\",\"item\":\"https:\/\/www.dramfolks-whisky-auction.com\/en\/shop\/\"},{\"@type\":\"ListItem\",\"position\":3,\"name\":\"Aurora Spirit Destillery &#8211; Bivrost Vanaheim\"}]},{\"@type\":\"WebSite\",\"@id\":\"https:\/\/www.dramfolks-whisky-auction.com\/en\/#website\",\"url\":\"https:\/\/www.dramfolks-whisky-auction.com\/en\/\",\"name\":\"Dramfolks Whisky Auction\",\"description\":\"\",\"potentialAction\":[{\"@type\":\"SearchAction\",\"target\":{\"@type\":\"EntryPoint\",\"urlTemplate\":\"https:\/\/www.dramfolks-whisky-auction.com\/en\/?s={search_term_string}\"},\"query-input\":{\"@type\":\"PropertyValueSpecification\",\"valueRequired\":true,\"valueName\":\"search_term_string\"}}],\"inLanguage\":\"en-US\"}]}<\/script>\n<!-- \/ Yoast SEO plugin. -->","yoast_head_json":{"title":"Aurora Spirit Destillery - Bivrost Vanaheim - Dramfolks Whisky Auction","robots":{"index":"index","follow":"follow","max-snippet":"max-snippet:-1","max-image-preview":"max-image-preview:large","max-video-preview":"max-video-preview:-1"},"canonical":"https:\/\/www.dramfolks-whisky-auction.com\/en\/product\/aurora-spirit-destillery-bivrost-vanaheim-2\/","og_locale":"en_US","og_type":"article","og_title":"Aurora Spirit Destillery - Bivrost Vanaheim - Dramfolks Whisky Auction","og_description":"After-Auction-Market by dramfolks  Dies ist keine laufende Auktion! \u00dcber den \u201eJetzt Kaufen\u201c-Button direkt erwerben oder dein Gebot ist ein alternativer Preisvorschlag (Maximalgebot)!","og_url":"https:\/\/www.dramfolks-whisky-auction.com\/en\/product\/aurora-spirit-destillery-bivrost-vanaheim-2\/","og_site_name":"Dramfolks Whisky Auction","article_modified_time":"2025-03-25T18:05:26+00:00","og_image":[{"width":2560,"height":2560,"url":"https:\/\/www.dramfolks-whisky-auction.com\/wp-content\/uploads\/2024\/12\/Bivrost-Vanaheim-vorne-scaled.jpg","type":"image\/jpeg"}],"twitter_card":"summary_large_image","twitter_misc":{"Est. reading time":"4 minutes"},"schema":{"@context":"https:\/\/schema.org","@graph":[{"@type":"WebPage","@id":"https:\/\/www.dramfolks-whisky-auction.com\/en\/product\/aurora-spirit-destillery-bivrost-vanaheim-2\/","url":"https:\/\/www.dramfolks-whisky-auction.com\/en\/product\/aurora-spirit-destillery-bivrost-vanaheim-2\/","name":"Aurora Spirit Destillery - Bivrost Vanaheim - Dramfolks Whisky Auction","isPartOf":{"@id":"https:\/\/www.dramfolks-whisky-auction.com\/en\/#website"},"primaryImageOfPage":{"@id":"https:\/\/www.dramfolks-whisky-auction.com\/en\/product\/aurora-spirit-destillery-bivrost-vanaheim-2\/#primaryimage"},"image":{"@id":"https:\/\/www.dramfolks-whisky-auction.com\/en\/product\/aurora-spirit-destillery-bivrost-vanaheim-2\/#primaryimage"},"thumbnailUrl":"https:\/\/www.dramfolks-whisky-auction.com\/wp-content\/uploads\/2024\/12\/Bivrost-Vanaheim-vorne-scaled.jpg","datePublished":"2025-01-11T08:49:03+00:00","dateModified":"2025-03-25T18:05:26+00:00","breadcrumb":{"@id":"https:\/\/www.dramfolks-whisky-auction.com\/en\/product\/aurora-spirit-destillery-bivrost-vanaheim-2\/#breadcrumb"},"inLanguage":"en-US","potentialAction":[{"@type":"ReadAction","target":["https:\/\/www.dramfolks-whisky-auction.com\/en\/product\/aurora-spirit-destillery-bivrost-vanaheim-2\/"]}]},{"@type":"ImageObject","inLanguage":"en-US","@id":"https:\/\/www.dramfolks-whisky-auction.com\/en\/product\/aurora-spirit-destillery-bivrost-vanaheim-2\/#primaryimage","url":"https:\/\/www.dramfolks-whisky-auction.com\/wp-content\/uploads\/2024\/12\/Bivrost-Vanaheim-vorne-scaled.jpg","contentUrl":"https:\/\/www.dramfolks-whisky-auction.com\/wp-content\/uploads\/2024\/12\/Bivrost-Vanaheim-vorne-scaled.jpg","width":2560,"height":2560},{"@type":"BreadcrumbList","@id":"https:\/\/www.dramfolks-whisky-auction.com\/en\/product\/aurora-spirit-destillery-bivrost-vanaheim-2\/#breadcrumb","itemListElement":[{"@type":"ListItem","position":1,"name":"Startseite","item":"https:\/\/www.dramfolks-whisky-auction.com\/en\/"},{"@type":"ListItem","position":2,"name":"Shop","item":"https:\/\/www.dramfolks-whisky-auction.com\/en\/shop\/"},{"@type":"ListItem","position":3,"name":"Aurora Spirit Destillery &#8211; Bivrost Vanaheim"}]},{"@type":"WebSite","@id":"https:\/\/www.dramfolks-whisky-auction.com\/en\/#website","url":"https:\/\/www.dramfolks-whisky-auction.com\/en\/","name":"Dramfolks Whisky Auction","description":"","potentialAction":[{"@type":"SearchAction","target":{"@type":"EntryPoint","urlTemplate":"https:\/\/www.dramfolks-whisky-auction.com\/en\/?s={search_term_string}"},"query-input":{"@type":"PropertyValueSpecification","valueRequired":true,"valueName":"search_term_string"}}],"inLanguage":"en-US"}]}},"_links":{"self":[{"href":"https:\/\/www.dramfolks-whisky-auction.com\/en\/wp-json\/wp\/v2\/product\/1912572","targetHints":{"allow":["GET"]}}],"collection":[{"href":"https:\/\/www.dramfolks-whisky-auction.com\/en\/wp-json\/wp\/v2\/product"}],"about":[{"href":"https:\/\/www.dramfolks-whisky-auction.com\/en\/wp-json\/wp\/v2\/types\/product"}],"replies":[{"embeddable":true,"href":"https:\/\/www.dramfolks-whisky-auction.com\/en\/wp-json\/wp\/v2\/comments?post=1912572"}],"wp:featuredmedia":[{"embeddable":true,"href":"https:\/\/www.dramfolks-whisky-auction.com\/en\/wp-json\/wp\/v2\/media\/1313885"}],"wp:attachment":[{"href":"https:\/\/www.dramfolks-whisky-auction.com\/en\/wp-json\/wp\/v2\/media?parent=1912572"}],"wp:term":[{"taxonomy":"product_brand","embeddable":true,"href":"https:\/\/www.dramfolks-whisky-auction.com\/en\/wp-json\/wp\/v2\/product_brand?post=1912572"},{"taxonomy":"product_cat","embeddable":true,"href":"https:\/\/www.dramfolks-whisky-auction.com\/en\/wp-json\/wp\/v2\/product_cat?post=1912572"},{"taxonomy":"product_tag","embeddable":true,"href":"https:\/\/www.dramfolks-whisky-auction.com\/en\/wp-json\/wp\/v2\/product_tag?post=1912572"}],"curies":[{"name":"wp","href":"https:\/\/api.w.org\/{rel}","templated":true}]}}