{"id":170814,"date":"2024-08-06T16:54:07","date_gmt":"2024-08-06T14:54:07","guid":{"rendered":"https:\/\/www.dramfolks-whisky-auction.com\/?post_type=product&#038;p=170814"},"modified":"2024-08-25T19:15:03","modified_gmt":"2024-08-25T17:15:03","slug":"glenallachie-12-yo-for-an-amber-dutch-autumn","status":"publish","type":"product","link":"https:\/\/www.dramfolks-whisky-auction.com\/en\/product\/glenallachie-12-yo-for-an-amber-dutch-autumn\/","title":{"rendered":"GlenAllachie &#8211; 12 yo For An Amber Dutch Autumn"},"content":{"rendered":"<p><strong>Destille: GlenAllachie<br \/>\n<\/strong>GlenAllachie ist eine vergleichsweise noch relativ junge Destille in der schottischen Speyside. Der Name kommt aus dem G\u00e4lischen und bedeutet &#8216;Tal der Steine&#8217;. 2017 wurde die <span class=\"tx-datamintslossaryextension-no-replacement\">Brennerei<\/span> von The GlenAllachie Distillers Company Ltd. gekauft, einem Konsortium unter der F\u00fchrung von Billy Walker, Trisha Savage und Graham Stevenson. Die drei zusammen bringen \u00fcber 100 Jahre Erfahrung in der Whiskyindustrie mit ein. Die <span class=\"tx-datamintslossaryextension-no-replacement\">Brennerei<\/span> nutzt ihren Standort und verwendet das ben\u00f6tigte Wasser aus den nahe gelegenen Quellen des Benrinnes. Eine wichtige Besonderheit bei der <span class=\"tx-datamintslossaryextension-no-replacement\">Produktion<\/span> ist die Verwendung von horizontal liegenden Rohrkondensatoren, w\u00e4hrend von den meisten Destillerien stehende verwendet werden. J\u00e4hrliches Produktionsvolumen: ca. 3,2 Mio. Liter.<\/p>\n<p><strong>Fun Fakt: <\/strong>Eine kleine Neuerung war auch das gro\u00dfe &#8216;A&#8217; in GlenAllachie, in Anlehnung an GlenDronach und BenRiach, die Billy Walker vorher leitete.<\/p>\n<p><strong>Whisky\/Whiskey: <span data-v-46783aec=\"\" data-v-162be419=\"\">12 yo For An Amber Dutch Autumn<\/span><br \/>\n<\/strong><span data-v-46783aec=\"\" data-v-162be419=\"\">Der GlenAllachie 12 yo For An Amber Dutch Autumn ist Teil der luxuri\u00f6sen Four Seasons Serie. Diese Serie besteht aus 4 limitierten Single Cask Whiskys, die von den verschiedenen Jahreszeiten inspiriert sind und exklusiv f\u00fcr DrankDozijn unter der Leitung von Billy Walker abgef\u00fcllt wurden. Nach der Destillation 2007 wurde ein Marsala-Fass handverlesen, in dem dieser Single Malt dann 12 Jahre reifte und dabei in aller Ruhe seinen Geschmack verfeinern konnte. 2020 wurden lediglich 317 Flaschen (!!) dieses lebendigen Whiskys in Fassst\u00e4rke abgef\u00fcllt. Es handelt sich hier um Bottle No. 044 von 317!<\/span><\/p>\n<p><strong>Info Qualit\u00e4t der Flasche:<\/strong> Exzellent &#8211; ohne Besch\u00e4digungen \/ <strong>F\u00fcllstand: <\/strong>Top shoulder<br \/>\n<strong>Info Qualit\u00e4t der Box: <\/strong>Exzellent &#8211; ohne Besch\u00e4digungen<\/p>\n<p><strong>Wichtiger Hinweis:<\/strong> Die Bewertung der Flaschen und Boxen erfolgt nach \u201ebesten Wissen und Gewissen\u201c. dramfolks kann keine Gew\u00e4hrleistung f\u00fcr den Inhalt der Flaschen \u00fcbernehmen. Weitere Infos &amp; Hinweise finden Sie in unseren AGBs. Wir empfehlen Ihnen, vor der Abgabe von Geboten \u00fcber die Zoomfunktion eine Besichtigung \/ genaue Pr\u00fcfung des angebotenen Whiskys vorzunehmen. Bitte kontaktieren sie uns bei Fragen direkt unter info@dramfolks.com<\/p>\n","protected":false},"excerpt":{"rendered":"<p>Destille: GlenAllachie GlenAllachie ist eine vergleichsweise noch relativ junge Destille in der schottischen Speyside. Der Name kommt aus dem G\u00e4lischen und bedeutet &#8216;Tal der Steine&#8217;. 2017 wurde die Brennerei von The GlenAllachie Distillers Company Ltd. gekauft, einem Konsortium unter der F\u00fchrung von Billy Walker, Trisha Savage und Graham Stevenson. Die drei zusammen bringen \u00fcber 100[&#8230;]\n","protected":false},"featured_media":170815,"comment_status":"closed","ping_status":"closed","template":"","meta":[],"product_brand":[],"product_cat":[884],"product_tag":[],"class_list":{"0":"post-170814","1":"product","2":"type-product","3":"status-publish","4":"has-post-thumbnail","6":"product_cat-no-12","8":"first","9":"instock","10":"shipping-taxable","11":"purchasable","12":"product-type-auction"},"yoast_head":"<!-- This site is optimized with the Yoast SEO plugin v27.4 - https:\/\/yoast.com\/product\/yoast-seo-wordpress\/ -->\n<title>GlenAllachie - 12 yo For An Amber Dutch Autumn - Dramfolks Whisky Auction<\/title>\n<meta name=\"robots\" content=\"index, follow, max-snippet:-1, max-image-preview:large, max-video-preview:-1\" \/>\n<link rel=\"canonical\" href=\"https:\/\/www.dramfolks-whisky-auction.com\/en\/product\/glenallachie-12-yo-for-an-amber-dutch-autumn\/\" \/>\n<meta property=\"og:locale\" content=\"en_US\" \/>\n<meta property=\"og:type\" content=\"article\" \/>\n<meta property=\"og:title\" content=\"GlenAllachie - 12 yo For An Amber Dutch Autumn - Dramfolks Whisky Auction\" \/>\n<meta property=\"og:description\" content=\"Destille: GlenAllachie GlenAllachie ist eine vergleichsweise noch relativ junge Destille in der schottischen Speyside. Der Name kommt aus dem G\u00e4lischen und bedeutet &#8216;Tal der Steine&#8217;. 2017 wurde die Brennerei von The GlenAllachie Distillers Company Ltd. gekauft, einem Konsortium unter der F\u00fchrung von Billy Walker, Trisha Savage und Graham Stevenson. Die drei zusammen bringen \u00fcber 100[...]\" \/>\n<meta property=\"og:url\" content=\"https:\/\/www.dramfolks-whisky-auction.com\/en\/product\/glenallachie-12-yo-for-an-amber-dutch-autumn\/\" \/>\n<meta property=\"og:site_name\" content=\"Dramfolks Whisky Auction\" \/>\n<meta property=\"article:modified_time\" content=\"2024-08-25T17:15:03+00:00\" \/>\n<meta property=\"og:image\" content=\"https:\/\/www.dramfolks-whisky-auction.com\/wp-content\/uploads\/2024\/08\/Glenallachie-2007-vorne-scaled.jpg\" \/>\n\t<meta property=\"og:image:width\" content=\"2560\" \/>\n\t<meta property=\"og:image:height\" content=\"2560\" \/>\n\t<meta property=\"og:image:type\" content=\"image\/jpeg\" \/>\n<meta name=\"twitter:card\" content=\"summary_large_image\" \/>\n<meta name=\"twitter:label1\" content=\"Est. reading time\" \/>\n\t<meta name=\"twitter:data1\" content=\"2 minutes\" \/>\n<script type=\"application\/ld+json\" class=\"yoast-schema-graph\">{\"@context\":\"https:\\\/\\\/schema.org\",\"@graph\":[{\"@type\":\"WebPage\",\"@id\":\"https:\\\/\\\/www.dramfolks-whisky-auction.com\\\/en\\\/product\\\/glenallachie-12-yo-for-an-amber-dutch-autumn\\\/\",\"url\":\"https:\\\/\\\/www.dramfolks-whisky-auction.com\\\/en\\\/product\\\/glenallachie-12-yo-for-an-amber-dutch-autumn\\\/\",\"name\":\"GlenAllachie - 12 yo For An Amber Dutch Autumn - Dramfolks Whisky Auction\",\"isPartOf\":{\"@id\":\"https:\\\/\\\/www.dramfolks-whisky-auction.com\\\/en\\\/#website\"},\"primaryImageOfPage\":{\"@id\":\"https:\\\/\\\/www.dramfolks-whisky-auction.com\\\/en\\\/product\\\/glenallachie-12-yo-for-an-amber-dutch-autumn\\\/#primaryimage\"},\"image\":{\"@id\":\"https:\\\/\\\/www.dramfolks-whisky-auction.com\\\/en\\\/product\\\/glenallachie-12-yo-for-an-amber-dutch-autumn\\\/#primaryimage\"},\"thumbnailUrl\":\"https:\\\/\\\/www.dramfolks-whisky-auction.com\\\/wp-content\\\/uploads\\\/2024\\\/08\\\/Glenallachie-2007-vorne-scaled.jpg\",\"datePublished\":\"2024-08-06T14:54:07+00:00\",\"dateModified\":\"2024-08-25T17:15:03+00:00\",\"breadcrumb\":{\"@id\":\"https:\\\/\\\/www.dramfolks-whisky-auction.com\\\/en\\\/product\\\/glenallachie-12-yo-for-an-amber-dutch-autumn\\\/#breadcrumb\"},\"inLanguage\":\"en-US\",\"potentialAction\":[{\"@type\":\"ReadAction\",\"target\":[\"https:\\\/\\\/www.dramfolks-whisky-auction.com\\\/en\\\/product\\\/glenallachie-12-yo-for-an-amber-dutch-autumn\\\/\"]}]},{\"@type\":\"ImageObject\",\"inLanguage\":\"en-US\",\"@id\":\"https:\\\/\\\/www.dramfolks-whisky-auction.com\\\/en\\\/product\\\/glenallachie-12-yo-for-an-amber-dutch-autumn\\\/#primaryimage\",\"url\":\"https:\\\/\\\/www.dramfolks-whisky-auction.com\\\/wp-content\\\/uploads\\\/2024\\\/08\\\/Glenallachie-2007-vorne-scaled.jpg\",\"contentUrl\":\"https:\\\/\\\/www.dramfolks-whisky-auction.com\\\/wp-content\\\/uploads\\\/2024\\\/08\\\/Glenallachie-2007-vorne-scaled.jpg\",\"width\":2560,\"height\":2560},{\"@type\":\"BreadcrumbList\",\"@id\":\"https:\\\/\\\/www.dramfolks-whisky-auction.com\\\/en\\\/product\\\/glenallachie-12-yo-for-an-amber-dutch-autumn\\\/#breadcrumb\",\"itemListElement\":[{\"@type\":\"ListItem\",\"position\":1,\"name\":\"Startseite\",\"item\":\"https:\\\/\\\/www.dramfolks-whisky-auction.com\\\/en\\\/\"},{\"@type\":\"ListItem\",\"position\":2,\"name\":\"Shop\",\"item\":\"https:\\\/\\\/www.dramfolks-whisky-auction.com\\\/en\\\/shop\\\/\"},{\"@type\":\"ListItem\",\"position\":3,\"name\":\"GlenAllachie &#8211; 12 yo For An Amber Dutch Autumn\"}]},{\"@type\":\"WebSite\",\"@id\":\"https:\\\/\\\/www.dramfolks-whisky-auction.com\\\/en\\\/#website\",\"url\":\"https:\\\/\\\/www.dramfolks-whisky-auction.com\\\/en\\\/\",\"name\":\"Dramfolks Whisky Auction\",\"description\":\"\",\"potentialAction\":[{\"@type\":\"SearchAction\",\"target\":{\"@type\":\"EntryPoint\",\"urlTemplate\":\"https:\\\/\\\/www.dramfolks-whisky-auction.com\\\/en\\\/?s={search_term_string}\"},\"query-input\":{\"@type\":\"PropertyValueSpecification\",\"valueRequired\":true,\"valueName\":\"search_term_string\"}}],\"inLanguage\":\"en-US\"}]}<\/script>\n<!-- \/ Yoast SEO plugin. -->","yoast_head_json":{"title":"GlenAllachie - 12 yo For An Amber Dutch Autumn - Dramfolks Whisky Auction","robots":{"index":"index","follow":"follow","max-snippet":"max-snippet:-1","max-image-preview":"max-image-preview:large","max-video-preview":"max-video-preview:-1"},"canonical":"https:\/\/www.dramfolks-whisky-auction.com\/en\/product\/glenallachie-12-yo-for-an-amber-dutch-autumn\/","og_locale":"en_US","og_type":"article","og_title":"GlenAllachie - 12 yo For An Amber Dutch Autumn - Dramfolks Whisky Auction","og_description":"Destille: GlenAllachie GlenAllachie ist eine vergleichsweise noch relativ junge Destille in der schottischen Speyside. Der Name kommt aus dem G\u00e4lischen und bedeutet &#8216;Tal der Steine&#8217;. 2017 wurde die Brennerei von The GlenAllachie Distillers Company Ltd. gekauft, einem Konsortium unter der F\u00fchrung von Billy Walker, Trisha Savage und Graham Stevenson. Die drei zusammen bringen \u00fcber 100[...]","og_url":"https:\/\/www.dramfolks-whisky-auction.com\/en\/product\/glenallachie-12-yo-for-an-amber-dutch-autumn\/","og_site_name":"Dramfolks Whisky Auction","article_modified_time":"2024-08-25T17:15:03+00:00","og_image":[{"width":2560,"height":2560,"url":"https:\/\/www.dramfolks-whisky-auction.com\/wp-content\/uploads\/2024\/08\/Glenallachie-2007-vorne-scaled.jpg","type":"image\/jpeg"}],"twitter_card":"summary_large_image","twitter_misc":{"Est. reading time":"2 minutes"},"schema":{"@context":"https:\/\/schema.org","@graph":[{"@type":"WebPage","@id":"https:\/\/www.dramfolks-whisky-auction.com\/en\/product\/glenallachie-12-yo-for-an-amber-dutch-autumn\/","url":"https:\/\/www.dramfolks-whisky-auction.com\/en\/product\/glenallachie-12-yo-for-an-amber-dutch-autumn\/","name":"GlenAllachie - 12 yo For An Amber Dutch Autumn - Dramfolks Whisky Auction","isPartOf":{"@id":"https:\/\/www.dramfolks-whisky-auction.com\/en\/#website"},"primaryImageOfPage":{"@id":"https:\/\/www.dramfolks-whisky-auction.com\/en\/product\/glenallachie-12-yo-for-an-amber-dutch-autumn\/#primaryimage"},"image":{"@id":"https:\/\/www.dramfolks-whisky-auction.com\/en\/product\/glenallachie-12-yo-for-an-amber-dutch-autumn\/#primaryimage"},"thumbnailUrl":"https:\/\/www.dramfolks-whisky-auction.com\/wp-content\/uploads\/2024\/08\/Glenallachie-2007-vorne-scaled.jpg","datePublished":"2024-08-06T14:54:07+00:00","dateModified":"2024-08-25T17:15:03+00:00","breadcrumb":{"@id":"https:\/\/www.dramfolks-whisky-auction.com\/en\/product\/glenallachie-12-yo-for-an-amber-dutch-autumn\/#breadcrumb"},"inLanguage":"en-US","potentialAction":[{"@type":"ReadAction","target":["https:\/\/www.dramfolks-whisky-auction.com\/en\/product\/glenallachie-12-yo-for-an-amber-dutch-autumn\/"]}]},{"@type":"ImageObject","inLanguage":"en-US","@id":"https:\/\/www.dramfolks-whisky-auction.com\/en\/product\/glenallachie-12-yo-for-an-amber-dutch-autumn\/#primaryimage","url":"https:\/\/www.dramfolks-whisky-auction.com\/wp-content\/uploads\/2024\/08\/Glenallachie-2007-vorne-scaled.jpg","contentUrl":"https:\/\/www.dramfolks-whisky-auction.com\/wp-content\/uploads\/2024\/08\/Glenallachie-2007-vorne-scaled.jpg","width":2560,"height":2560},{"@type":"BreadcrumbList","@id":"https:\/\/www.dramfolks-whisky-auction.com\/en\/product\/glenallachie-12-yo-for-an-amber-dutch-autumn\/#breadcrumb","itemListElement":[{"@type":"ListItem","position":1,"name":"Startseite","item":"https:\/\/www.dramfolks-whisky-auction.com\/en\/"},{"@type":"ListItem","position":2,"name":"Shop","item":"https:\/\/www.dramfolks-whisky-auction.com\/en\/shop\/"},{"@type":"ListItem","position":3,"name":"GlenAllachie &#8211; 12 yo For An Amber Dutch Autumn"}]},{"@type":"WebSite","@id":"https:\/\/www.dramfolks-whisky-auction.com\/en\/#website","url":"https:\/\/www.dramfolks-whisky-auction.com\/en\/","name":"Dramfolks Whisky Auction","description":"","potentialAction":[{"@type":"SearchAction","target":{"@type":"EntryPoint","urlTemplate":"https:\/\/www.dramfolks-whisky-auction.com\/en\/?s={search_term_string}"},"query-input":{"@type":"PropertyValueSpecification","valueRequired":true,"valueName":"search_term_string"}}],"inLanguage":"en-US"}]}},"_links":{"self":[{"href":"https:\/\/www.dramfolks-whisky-auction.com\/en\/wp-json\/wp\/v2\/product\/170814","targetHints":{"allow":["GET"]}}],"collection":[{"href":"https:\/\/www.dramfolks-whisky-auction.com\/en\/wp-json\/wp\/v2\/product"}],"about":[{"href":"https:\/\/www.dramfolks-whisky-auction.com\/en\/wp-json\/wp\/v2\/types\/product"}],"replies":[{"embeddable":true,"href":"https:\/\/www.dramfolks-whisky-auction.com\/en\/wp-json\/wp\/v2\/comments?post=170814"}],"wp:featuredmedia":[{"embeddable":true,"href":"https:\/\/www.dramfolks-whisky-auction.com\/en\/wp-json\/wp\/v2\/media\/170815"}],"wp:attachment":[{"href":"https:\/\/www.dramfolks-whisky-auction.com\/en\/wp-json\/wp\/v2\/media?parent=170814"}],"wp:term":[{"taxonomy":"product_brand","embeddable":true,"href":"https:\/\/www.dramfolks-whisky-auction.com\/en\/wp-json\/wp\/v2\/product_brand?post=170814"},{"taxonomy":"product_cat","embeddable":true,"href":"https:\/\/www.dramfolks-whisky-auction.com\/en\/wp-json\/wp\/v2\/product_cat?post=170814"},{"taxonomy":"product_tag","embeddable":true,"href":"https:\/\/www.dramfolks-whisky-auction.com\/en\/wp-json\/wp\/v2\/product_tag?post=170814"}],"curies":[{"name":"wp","href":"https:\/\/api.w.org\/{rel}","templated":true}]}}