{"id":167989,"date":"2024-08-05T16:29:15","date_gmt":"2024-08-05T14:29:15","guid":{"rendered":"https:\/\/www.dramfolks-whisky-auction.com\/?post_type=product&#038;p=167989"},"modified":"2024-08-28T09:37:14","modified_gmt":"2024-08-28T07:37:14","slug":"glenlivet-captains-reserve","status":"publish","type":"product","link":"https:\/\/www.dramfolks-whisky-auction.com\/en\/product\/glenlivet-captains-reserve\/","title":{"rendered":"Glenlivet &#8211; Captain&#8217;s Reserve"},"content":{"rendered":"<p><strong>Destille: Glenlivet<br \/>\n<\/strong>Die Glenlivet Distillery ist eine Destillerie in der N\u00e4he von Ballindalloch in Moray, Schottland. Es ist die \u00e4lteste legale Destillerie in ganz Schottland. Sie wurde 1824 gegr\u00fcndet und ist seitdem fast ununterbrochen in Betrieb. Die Destillerie blieb w\u00e4hrend der Weltwirtschaftskrise ge\u00f6ffnet und wurde erst w\u00e4hrend des Zweiten Weltkriegs geschlossen. Die Glenlivet Destillerie hat sich in der Nachkriegszeit zu einer der gr\u00f6\u00dften Single Malt Destillerien entwickelt. Die Marke Glenlivet ist der meistverkaufte Single Malt Whisky in den Vereinigten Staaten und die zweitmeistverkaufte Single Malt Marke weltweit &#8211; nach Glenfiddich. Heute ist die Destillerie im Besitz der Tochtergesellschaft Chivas Brothers des franz\u00f6sischen Alkoholherstellers Pernod Ricard. J\u00e4hrliche Produktionskapazit\u00e4t: ca. 10,5 Mio. Liter.<\/p>\n<p><strong>Fun fact:<\/strong> Die Whiskywelt ist sich nicht ganz einig&#8230; Obwohl The Glenlivet weithin als die \u00e4lteste noch in Betrieb befindliche Destillerie Schottlands gilt, ist sie es (wahrscheinlich) doch nicht. Diese Ehre geb\u00fchrt Strathisla, w\u00e4hrend Glen Garioch noch \u00e4lter sein k\u00f6nnte. Glenlivet war jedoch eines der ersten Destillerien, welches eine der neuen Lizenzen erwarb, die nach der Verabschiedung des Excise Act von 1823 ausgestellt wurden (gilt als Ausgangspunkt der modernen schottischen Whiskyindustrie).<\/p>\n<p><strong>Whisky\/Whiskey: Captain\u00b4s Reserve<\/strong><br \/>\nDer zweit-meistverkaufte Whiskyhersteller Schottlands pr\u00e4sentiert mit dem Captain\u00b4s Reserve einen Single Malt mit Cognac Fass Finish. Die Speyside-Perle bezieht sich damit mit dem Captain\u00b4s Reserve auf Captain William Smith Grant &#8211; ein Urenkel des Destillerie-Gr\u00fcnders Mr. George Smith, der im ersten Weltkrieg in Frankreich gek\u00e4mpft hat. Der Single Malt bestreitet sein Finish in F\u00e4ssern aus franz\u00f6sischer Limousineiche, die vorher Cognac ein Zuhause gegeben haben.<\/p>\n<p><strong>Info Qualit\u00e4t der Flasche:<\/strong> Exzellent &#8211; ohne Besch\u00e4digungen \/ <strong>F\u00fcllstand:<\/strong> Into neck<br \/>\n<strong>Info Qualit\u00e4t der Box:<\/strong> Exzellent &#8211; ohne Besch\u00e4digungen<\/p>\n<p><strong>Wichtiger Hinweis:<\/strong> Die Bewertung der Flaschen und Boxen erfolgt nach \u201ebesten Wissen und Gewissen\u201c. dramfolks kann keine Gew\u00e4hrleistung f\u00fcr den Inhalt der Flaschen \u00fcbernehmen. Weitere Infos &amp; Hinweise finden Sie in unseren AGBs. Wir empfehlen Ihnen, vor der Abgabe von Geboten \u00fcber die Zoomfunktion eine Besichtigung \/ genaue Pr\u00fcfung des angebotenen Whiskys vorzunehmen. Bitte kontaktieren sie uns bei Fragen direkt unter info@dramfolks.com<\/p>\n","protected":false},"excerpt":{"rendered":"<p>Destille: Glenlivet Die Glenlivet Distillery ist eine Destillerie in der N\u00e4he von Ballindalloch in Moray, Schottland. Es ist die \u00e4lteste legale Destillerie in ganz Schottland. Sie wurde 1824 gegr\u00fcndet und ist seitdem fast ununterbrochen in Betrieb. Die Destillerie blieb w\u00e4hrend der Weltwirtschaftskrise ge\u00f6ffnet und wurde erst w\u00e4hrend des Zweiten Weltkriegs geschlossen. Die Glenlivet Destillerie hat[&#8230;]\n","protected":false},"featured_media":167990,"comment_status":"closed","ping_status":"closed","template":"","meta":[],"product_brand":[],"product_cat":[884],"product_tag":[],"class_list":{"0":"post-167989","1":"product","2":"type-product","3":"status-publish","4":"has-post-thumbnail","6":"product_cat-no-12","8":"first","9":"instock","10":"shipping-taxable","11":"purchasable","12":"product-type-auction"},"yoast_head":"<!-- This site is optimized with the Yoast SEO plugin v27.4 - https:\/\/yoast.com\/product\/yoast-seo-wordpress\/ -->\n<title>Glenlivet - Captain&#039;s Reserve - Dramfolks Whisky Auction<\/title>\n<meta name=\"robots\" content=\"index, follow, max-snippet:-1, max-image-preview:large, max-video-preview:-1\" \/>\n<link rel=\"canonical\" href=\"https:\/\/www.dramfolks-whisky-auction.com\/en\/product\/glenlivet-captains-reserve\/\" \/>\n<meta property=\"og:locale\" content=\"en_US\" \/>\n<meta property=\"og:type\" content=\"article\" \/>\n<meta property=\"og:title\" content=\"Glenlivet - Captain&#039;s Reserve - Dramfolks Whisky Auction\" \/>\n<meta property=\"og:description\" content=\"Destille: Glenlivet Die Glenlivet Distillery ist eine Destillerie in der N\u00e4he von Ballindalloch in Moray, Schottland. Es ist die \u00e4lteste legale Destillerie in ganz Schottland. Sie wurde 1824 gegr\u00fcndet und ist seitdem fast ununterbrochen in Betrieb. Die Destillerie blieb w\u00e4hrend der Weltwirtschaftskrise ge\u00f6ffnet und wurde erst w\u00e4hrend des Zweiten Weltkriegs geschlossen. Die Glenlivet Destillerie hat[...]\" \/>\n<meta property=\"og:url\" content=\"https:\/\/www.dramfolks-whisky-auction.com\/en\/product\/glenlivet-captains-reserve\/\" \/>\n<meta property=\"og:site_name\" content=\"Dramfolks Whisky Auction\" \/>\n<meta property=\"article:modified_time\" content=\"2024-08-28T07:37:14+00:00\" \/>\n<meta property=\"og:image\" content=\"https:\/\/www.dramfolks-whisky-auction.com\/wp-content\/uploads\/2024\/08\/Glenlivit-Captains-Reserve-vorne-scaled.jpg\" \/>\n\t<meta property=\"og:image:width\" content=\"2560\" \/>\n\t<meta property=\"og:image:height\" content=\"2560\" \/>\n\t<meta property=\"og:image:type\" content=\"image\/jpeg\" \/>\n<meta name=\"twitter:card\" content=\"summary_large_image\" \/>\n<meta name=\"twitter:label1\" content=\"Est. reading time\" \/>\n\t<meta name=\"twitter:data1\" content=\"3 minutes\" \/>\n<script type=\"application\/ld+json\" class=\"yoast-schema-graph\">{\"@context\":\"https:\\\/\\\/schema.org\",\"@graph\":[{\"@type\":\"WebPage\",\"@id\":\"https:\\\/\\\/www.dramfolks-whisky-auction.com\\\/en\\\/product\\\/glenlivet-captains-reserve\\\/\",\"url\":\"https:\\\/\\\/www.dramfolks-whisky-auction.com\\\/en\\\/product\\\/glenlivet-captains-reserve\\\/\",\"name\":\"Glenlivet - Captain's Reserve - Dramfolks Whisky Auction\",\"isPartOf\":{\"@id\":\"https:\\\/\\\/www.dramfolks-whisky-auction.com\\\/en\\\/#website\"},\"primaryImageOfPage\":{\"@id\":\"https:\\\/\\\/www.dramfolks-whisky-auction.com\\\/en\\\/product\\\/glenlivet-captains-reserve\\\/#primaryimage\"},\"image\":{\"@id\":\"https:\\\/\\\/www.dramfolks-whisky-auction.com\\\/en\\\/product\\\/glenlivet-captains-reserve\\\/#primaryimage\"},\"thumbnailUrl\":\"https:\\\/\\\/www.dramfolks-whisky-auction.com\\\/wp-content\\\/uploads\\\/2024\\\/08\\\/Glenlivit-Captains-Reserve-vorne-scaled.jpg\",\"datePublished\":\"2024-08-05T14:29:15+00:00\",\"dateModified\":\"2024-08-28T07:37:14+00:00\",\"breadcrumb\":{\"@id\":\"https:\\\/\\\/www.dramfolks-whisky-auction.com\\\/en\\\/product\\\/glenlivet-captains-reserve\\\/#breadcrumb\"},\"inLanguage\":\"en-US\",\"potentialAction\":[{\"@type\":\"ReadAction\",\"target\":[\"https:\\\/\\\/www.dramfolks-whisky-auction.com\\\/en\\\/product\\\/glenlivet-captains-reserve\\\/\"]}]},{\"@type\":\"ImageObject\",\"inLanguage\":\"en-US\",\"@id\":\"https:\\\/\\\/www.dramfolks-whisky-auction.com\\\/en\\\/product\\\/glenlivet-captains-reserve\\\/#primaryimage\",\"url\":\"https:\\\/\\\/www.dramfolks-whisky-auction.com\\\/wp-content\\\/uploads\\\/2024\\\/08\\\/Glenlivit-Captains-Reserve-vorne-scaled.jpg\",\"contentUrl\":\"https:\\\/\\\/www.dramfolks-whisky-auction.com\\\/wp-content\\\/uploads\\\/2024\\\/08\\\/Glenlivit-Captains-Reserve-vorne-scaled.jpg\",\"width\":2560,\"height\":2560},{\"@type\":\"BreadcrumbList\",\"@id\":\"https:\\\/\\\/www.dramfolks-whisky-auction.com\\\/en\\\/product\\\/glenlivet-captains-reserve\\\/#breadcrumb\",\"itemListElement\":[{\"@type\":\"ListItem\",\"position\":1,\"name\":\"Startseite\",\"item\":\"https:\\\/\\\/www.dramfolks-whisky-auction.com\\\/en\\\/\"},{\"@type\":\"ListItem\",\"position\":2,\"name\":\"Shop\",\"item\":\"https:\\\/\\\/www.dramfolks-whisky-auction.com\\\/en\\\/shop\\\/\"},{\"@type\":\"ListItem\",\"position\":3,\"name\":\"Glenlivet &#8211; Captain&#8217;s Reserve\"}]},{\"@type\":\"WebSite\",\"@id\":\"https:\\\/\\\/www.dramfolks-whisky-auction.com\\\/en\\\/#website\",\"url\":\"https:\\\/\\\/www.dramfolks-whisky-auction.com\\\/en\\\/\",\"name\":\"Dramfolks Whisky Auction\",\"description\":\"\",\"potentialAction\":[{\"@type\":\"SearchAction\",\"target\":{\"@type\":\"EntryPoint\",\"urlTemplate\":\"https:\\\/\\\/www.dramfolks-whisky-auction.com\\\/en\\\/?s={search_term_string}\"},\"query-input\":{\"@type\":\"PropertyValueSpecification\",\"valueRequired\":true,\"valueName\":\"search_term_string\"}}],\"inLanguage\":\"en-US\"}]}<\/script>\n<!-- \/ Yoast SEO plugin. -->","yoast_head_json":{"title":"Glenlivet - Captain's Reserve - Dramfolks Whisky Auction","robots":{"index":"index","follow":"follow","max-snippet":"max-snippet:-1","max-image-preview":"max-image-preview:large","max-video-preview":"max-video-preview:-1"},"canonical":"https:\/\/www.dramfolks-whisky-auction.com\/en\/product\/glenlivet-captains-reserve\/","og_locale":"en_US","og_type":"article","og_title":"Glenlivet - Captain's Reserve - Dramfolks Whisky Auction","og_description":"Destille: Glenlivet Die Glenlivet Distillery ist eine Destillerie in der N\u00e4he von Ballindalloch in Moray, Schottland. Es ist die \u00e4lteste legale Destillerie in ganz Schottland. Sie wurde 1824 gegr\u00fcndet und ist seitdem fast ununterbrochen in Betrieb. Die Destillerie blieb w\u00e4hrend der Weltwirtschaftskrise ge\u00f6ffnet und wurde erst w\u00e4hrend des Zweiten Weltkriegs geschlossen. Die Glenlivet Destillerie hat[...]","og_url":"https:\/\/www.dramfolks-whisky-auction.com\/en\/product\/glenlivet-captains-reserve\/","og_site_name":"Dramfolks Whisky Auction","article_modified_time":"2024-08-28T07:37:14+00:00","og_image":[{"width":2560,"height":2560,"url":"https:\/\/www.dramfolks-whisky-auction.com\/wp-content\/uploads\/2024\/08\/Glenlivit-Captains-Reserve-vorne-scaled.jpg","type":"image\/jpeg"}],"twitter_card":"summary_large_image","twitter_misc":{"Est. reading time":"3 minutes"},"schema":{"@context":"https:\/\/schema.org","@graph":[{"@type":"WebPage","@id":"https:\/\/www.dramfolks-whisky-auction.com\/en\/product\/glenlivet-captains-reserve\/","url":"https:\/\/www.dramfolks-whisky-auction.com\/en\/product\/glenlivet-captains-reserve\/","name":"Glenlivet - Captain's Reserve - Dramfolks Whisky Auction","isPartOf":{"@id":"https:\/\/www.dramfolks-whisky-auction.com\/en\/#website"},"primaryImageOfPage":{"@id":"https:\/\/www.dramfolks-whisky-auction.com\/en\/product\/glenlivet-captains-reserve\/#primaryimage"},"image":{"@id":"https:\/\/www.dramfolks-whisky-auction.com\/en\/product\/glenlivet-captains-reserve\/#primaryimage"},"thumbnailUrl":"https:\/\/www.dramfolks-whisky-auction.com\/wp-content\/uploads\/2024\/08\/Glenlivit-Captains-Reserve-vorne-scaled.jpg","datePublished":"2024-08-05T14:29:15+00:00","dateModified":"2024-08-28T07:37:14+00:00","breadcrumb":{"@id":"https:\/\/www.dramfolks-whisky-auction.com\/en\/product\/glenlivet-captains-reserve\/#breadcrumb"},"inLanguage":"en-US","potentialAction":[{"@type":"ReadAction","target":["https:\/\/www.dramfolks-whisky-auction.com\/en\/product\/glenlivet-captains-reserve\/"]}]},{"@type":"ImageObject","inLanguage":"en-US","@id":"https:\/\/www.dramfolks-whisky-auction.com\/en\/product\/glenlivet-captains-reserve\/#primaryimage","url":"https:\/\/www.dramfolks-whisky-auction.com\/wp-content\/uploads\/2024\/08\/Glenlivit-Captains-Reserve-vorne-scaled.jpg","contentUrl":"https:\/\/www.dramfolks-whisky-auction.com\/wp-content\/uploads\/2024\/08\/Glenlivit-Captains-Reserve-vorne-scaled.jpg","width":2560,"height":2560},{"@type":"BreadcrumbList","@id":"https:\/\/www.dramfolks-whisky-auction.com\/en\/product\/glenlivet-captains-reserve\/#breadcrumb","itemListElement":[{"@type":"ListItem","position":1,"name":"Startseite","item":"https:\/\/www.dramfolks-whisky-auction.com\/en\/"},{"@type":"ListItem","position":2,"name":"Shop","item":"https:\/\/www.dramfolks-whisky-auction.com\/en\/shop\/"},{"@type":"ListItem","position":3,"name":"Glenlivet &#8211; Captain&#8217;s Reserve"}]},{"@type":"WebSite","@id":"https:\/\/www.dramfolks-whisky-auction.com\/en\/#website","url":"https:\/\/www.dramfolks-whisky-auction.com\/en\/","name":"Dramfolks Whisky Auction","description":"","potentialAction":[{"@type":"SearchAction","target":{"@type":"EntryPoint","urlTemplate":"https:\/\/www.dramfolks-whisky-auction.com\/en\/?s={search_term_string}"},"query-input":{"@type":"PropertyValueSpecification","valueRequired":true,"valueName":"search_term_string"}}],"inLanguage":"en-US"}]}},"_links":{"self":[{"href":"https:\/\/www.dramfolks-whisky-auction.com\/en\/wp-json\/wp\/v2\/product\/167989","targetHints":{"allow":["GET"]}}],"collection":[{"href":"https:\/\/www.dramfolks-whisky-auction.com\/en\/wp-json\/wp\/v2\/product"}],"about":[{"href":"https:\/\/www.dramfolks-whisky-auction.com\/en\/wp-json\/wp\/v2\/types\/product"}],"replies":[{"embeddable":true,"href":"https:\/\/www.dramfolks-whisky-auction.com\/en\/wp-json\/wp\/v2\/comments?post=167989"}],"wp:featuredmedia":[{"embeddable":true,"href":"https:\/\/www.dramfolks-whisky-auction.com\/en\/wp-json\/wp\/v2\/media\/167990"}],"wp:attachment":[{"href":"https:\/\/www.dramfolks-whisky-auction.com\/en\/wp-json\/wp\/v2\/media?parent=167989"}],"wp:term":[{"taxonomy":"product_brand","embeddable":true,"href":"https:\/\/www.dramfolks-whisky-auction.com\/en\/wp-json\/wp\/v2\/product_brand?post=167989"},{"taxonomy":"product_cat","embeddable":true,"href":"https:\/\/www.dramfolks-whisky-auction.com\/en\/wp-json\/wp\/v2\/product_cat?post=167989"},{"taxonomy":"product_tag","embeddable":true,"href":"https:\/\/www.dramfolks-whisky-auction.com\/en\/wp-json\/wp\/v2\/product_tag?post=167989"}],"curies":[{"name":"wp","href":"https:\/\/api.w.org\/{rel}","templated":true}]}}