{"id":1625,"date":"2023-02-18T06:30:10","date_gmt":"2023-02-18T05:30:10","guid":{"rendered":"https:\/\/www.dramfolks-whisky-auction.com\/?post_type=product&#038;p=1625"},"modified":"2023-03-30T20:36:13","modified_gmt":"2023-03-30T18:36:13","slug":"humbel-distillery-the-valereuss-whisky","status":"publish","type":"product","link":"https:\/\/www.dramfolks-whisky-auction.com\/en\/product\/humbel-distillery-the-valereuss-whisky\/","title":{"rendered":"Humbel Distillery &#8211; The Valereuss Whisky"},"content":{"rendered":"<p><strong>Destille: Humbel Distillery<br \/>\n<\/strong><\/p>\n<p>Es handelt sich um eine Schweizer Brennerei aus Stetten im Aargauer Reusstal. Den Grund\u00adstein zum heutigen Unter\u00adnehmen legte Max Humbel 1918 und nun wird bereits in dritter Gene\u00adra\u00adtion gebrannt. Das Humbel-Sorti\u00adment bein\u00adhaltet nicht nur die tradi\u00adtio\u00adnelle Schweizer Obst\u00adbrand\u00adkultur, sondern auch Fruchtbr\u00e4nde, Bio-Obst\u00adde\u00adstil\u00adlate und die Bio-Import\u00adspi\u00adri\u00adtuosen. Die Philo\u00adso\u00adphie der Qualit\u00e4t der Rohstoffe setzt Humbel konse\u00adquent um. Wenn gehan\u00addelt und impor\u00adtiert wird, wird der Bio-Stan\u00addard voraus\u00adge\u00adsetzt und Humbel setzt auf fairen Handel. Dies gilt auch, wenn Humbel selbst einen neuen Gin oder Whisky kreiert.<\/p>\n<p><strong>Fun Fakt: <\/strong>Zur Humbel Philo\u00adso\u00adphie geh\u00f6rt, dass auch einfache Produkte in Top-Qualit\u00e4t angeboten werden. F\u00fcr einhei\u00admi\u00adsche Obstbr\u00e4nde wird mindes\u00adtens die Hoch\u00adstamm-Suisse- oder Bio-Suisse-Zerti\u00adfi\u00adzie\u00adrung angestrebt und daher eine neue Obst\u00adbrand\u00adlinie eingef\u00fchrt. Bei jeder gekauften Flasche wird die Rettung der Hoch\u00adstammb\u00e4ume in der Schweiz unterst\u00fctzt.<strong><br \/>\n<\/strong><\/p>\n<p><strong>Whisky\/Whiskey: The Valereuss Whisky<\/strong><\/p>\n<div class=\"description-long\">In Stetten, wenige hundert Meter von der Reuss entfernt, wurde der Bio Roggen geerntet, eingemaischt, destilliert und in Holzf\u00e4ssern gereift. Das Finish erhielt der Single Rye Whisky in Weinf\u00e4ssern von Nauer Bremgarten und J\u00fcrg Wetzel Ennetbaden. Klare, frische Getreidenoten, verspielt mit verf\u00fchrerischem Duft von Vanille und Schokolade. Ausbalancierter, kr\u00e4ftiger K\u00f6rper, weiches ausf\u00fcllendes Mundgef\u00fchl mit leichtem, s\u00fc\u00dfem Finish. Es wurden nur 2.621 Flaschen abgef\u00fcllt und jede Flasche ist individuell nummeriert. Bei der hier angebotenen Flasche handelt es sich um die Bottle No.637.<\/div>\n<p><strong>Info Qualit\u00e4t der Flasche:<\/strong> Exzellent &#8211; ohne Besch\u00e4digungen \/ <strong>F\u00fcllstand: <\/strong>High fill<br \/>\n<strong>Info Qualit\u00e4t der Box: <\/strong>kein Box vorhanden<\/p>\n<p><strong>Wichtiger Hinweis:<\/strong> Die Bewertung der Flaschen und Boxen erfolgt nach \u201ebesten Wissen und Gewissen\u201c. dramfolks kann keine Gew\u00e4hrleistung f\u00fcr den Inhalt der Flaschen \u00fcbernehmen. Weitere Infos &amp; Hinweise finden Sie in unseren AGBs. Wir empfehlen Ihnen, vor der Abgabe von Geboten \u00fcber die Zoomfunktion eine Besichtigung \/ genaue Pr\u00fcfung des angebotenen Whiskys vorzunehmen. Bitte kontaktieren sie uns bei Fragen direkt unter info@dramfolks.com<\/p>\n","protected":false},"excerpt":{"rendered":"<p>Destille: Humbel Distillery Es handelt sich um eine Schweizer Brennerei aus Stetten im Aargauer Reusstal. Den Grund\u00adstein zum heutigen Unter\u00adnehmen legte Max Humbel 1918 und nun wird bereits in dritter Gene\u00adra\u00adtion gebrannt. Das Humbel-Sorti\u00adment bein\u00adhaltet nicht nur die tradi\u00adtio\u00adnelle Schweizer Obst\u00adbrand\u00adkultur, sondern auch Fruchtbr\u00e4nde, Bio-Obst\u00adde\u00adstil\u00adlate und die Bio-Import\u00adspi\u00adri\u00adtuosen. Die Philo\u00adso\u00adphie der Qualit\u00e4t der Rohstoffe setzt[&#8230;]\n","protected":false},"featured_media":1626,"comment_status":"closed","ping_status":"closed","template":"","meta":[],"product_brand":[],"product_cat":[79],"product_tag":[],"class_list":{"0":"post-1625","1":"product","2":"type-product","3":"status-publish","4":"has-post-thumbnail","6":"product_cat-no-2","8":"first","9":"instock","10":"shipping-taxable","11":"purchasable","12":"product-type-auction"},"yoast_head":"<!-- This site is optimized with the Yoast SEO plugin v27.4 - https:\/\/yoast.com\/product\/yoast-seo-wordpress\/ -->\n<title>Humbel Distillery - The Valereuss Whisky - Dramfolks Whisky Auction<\/title>\n<meta name=\"robots\" content=\"index, follow, max-snippet:-1, max-image-preview:large, max-video-preview:-1\" \/>\n<link rel=\"canonical\" href=\"https:\/\/www.dramfolks-whisky-auction.com\/en\/product\/humbel-distillery-the-valereuss-whisky\/\" \/>\n<meta property=\"og:locale\" content=\"en_US\" \/>\n<meta property=\"og:type\" content=\"article\" \/>\n<meta property=\"og:title\" content=\"Humbel Distillery - The Valereuss Whisky - Dramfolks Whisky Auction\" \/>\n<meta property=\"og:description\" content=\"Destille: Humbel Distillery Es handelt sich um eine Schweizer Brennerei aus Stetten im Aargauer Reusstal. Den Grund\u00adstein zum heutigen Unter\u00adnehmen legte Max Humbel 1918 und nun wird bereits in dritter Gene\u00adra\u00adtion gebrannt. Das Humbel-Sorti\u00adment bein\u00adhaltet nicht nur die tradi\u00adtio\u00adnelle Schweizer Obst\u00adbrand\u00adkultur, sondern auch Fruchtbr\u00e4nde, Bio-Obst\u00adde\u00adstil\u00adlate und die Bio-Import\u00adspi\u00adri\u00adtuosen. Die Philo\u00adso\u00adphie der Qualit\u00e4t der Rohstoffe setzt[...]\" \/>\n<meta property=\"og:url\" content=\"https:\/\/www.dramfolks-whisky-auction.com\/en\/product\/humbel-distillery-the-valereuss-whisky\/\" \/>\n<meta property=\"og:site_name\" content=\"Dramfolks Whisky Auction\" \/>\n<meta property=\"article:modified_time\" content=\"2023-03-30T18:36:13+00:00\" \/>\n<meta property=\"og:image\" content=\"https:\/\/www.dramfolks-whisky-auction.com\/wp-content\/uploads\/2023\/02\/valereuss-whisky-vorne.jpg\" \/>\n\t<meta property=\"og:image:width\" content=\"1574\" \/>\n\t<meta property=\"og:image:height\" content=\"1574\" \/>\n\t<meta property=\"og:image:type\" content=\"image\/jpeg\" \/>\n<meta name=\"twitter:card\" content=\"summary_large_image\" \/>\n<meta name=\"twitter:label1\" content=\"Est. reading time\" \/>\n\t<meta name=\"twitter:data1\" content=\"2 minutes\" \/>\n<script type=\"application\/ld+json\" class=\"yoast-schema-graph\">{\"@context\":\"https:\\\/\\\/schema.org\",\"@graph\":[{\"@type\":\"WebPage\",\"@id\":\"https:\\\/\\\/www.dramfolks-whisky-auction.com\\\/en\\\/product\\\/humbel-distillery-the-valereuss-whisky\\\/\",\"url\":\"https:\\\/\\\/www.dramfolks-whisky-auction.com\\\/en\\\/product\\\/humbel-distillery-the-valereuss-whisky\\\/\",\"name\":\"Humbel Distillery - The Valereuss Whisky - Dramfolks Whisky Auction\",\"isPartOf\":{\"@id\":\"https:\\\/\\\/www.dramfolks-whisky-auction.com\\\/en\\\/#website\"},\"primaryImageOfPage\":{\"@id\":\"https:\\\/\\\/www.dramfolks-whisky-auction.com\\\/en\\\/product\\\/humbel-distillery-the-valereuss-whisky\\\/#primaryimage\"},\"image\":{\"@id\":\"https:\\\/\\\/www.dramfolks-whisky-auction.com\\\/en\\\/product\\\/humbel-distillery-the-valereuss-whisky\\\/#primaryimage\"},\"thumbnailUrl\":\"https:\\\/\\\/www.dramfolks-whisky-auction.com\\\/wp-content\\\/uploads\\\/2023\\\/02\\\/valereuss-whisky-vorne.jpg\",\"datePublished\":\"2023-02-18T05:30:10+00:00\",\"dateModified\":\"2023-03-30T18:36:13+00:00\",\"breadcrumb\":{\"@id\":\"https:\\\/\\\/www.dramfolks-whisky-auction.com\\\/en\\\/product\\\/humbel-distillery-the-valereuss-whisky\\\/#breadcrumb\"},\"inLanguage\":\"en-US\",\"potentialAction\":[{\"@type\":\"ReadAction\",\"target\":[\"https:\\\/\\\/www.dramfolks-whisky-auction.com\\\/en\\\/product\\\/humbel-distillery-the-valereuss-whisky\\\/\"]}]},{\"@type\":\"ImageObject\",\"inLanguage\":\"en-US\",\"@id\":\"https:\\\/\\\/www.dramfolks-whisky-auction.com\\\/en\\\/product\\\/humbel-distillery-the-valereuss-whisky\\\/#primaryimage\",\"url\":\"https:\\\/\\\/www.dramfolks-whisky-auction.com\\\/wp-content\\\/uploads\\\/2023\\\/02\\\/valereuss-whisky-vorne.jpg\",\"contentUrl\":\"https:\\\/\\\/www.dramfolks-whisky-auction.com\\\/wp-content\\\/uploads\\\/2023\\\/02\\\/valereuss-whisky-vorne.jpg\",\"width\":1574,\"height\":1574},{\"@type\":\"BreadcrumbList\",\"@id\":\"https:\\\/\\\/www.dramfolks-whisky-auction.com\\\/en\\\/product\\\/humbel-distillery-the-valereuss-whisky\\\/#breadcrumb\",\"itemListElement\":[{\"@type\":\"ListItem\",\"position\":1,\"name\":\"Startseite\",\"item\":\"https:\\\/\\\/www.dramfolks-whisky-auction.com\\\/en\\\/\"},{\"@type\":\"ListItem\",\"position\":2,\"name\":\"Shop\",\"item\":\"https:\\\/\\\/www.dramfolks-whisky-auction.com\\\/en\\\/shop\\\/\"},{\"@type\":\"ListItem\",\"position\":3,\"name\":\"Humbel Distillery &#8211; The Valereuss Whisky\"}]},{\"@type\":\"WebSite\",\"@id\":\"https:\\\/\\\/www.dramfolks-whisky-auction.com\\\/en\\\/#website\",\"url\":\"https:\\\/\\\/www.dramfolks-whisky-auction.com\\\/en\\\/\",\"name\":\"Dramfolks Whisky Auction\",\"description\":\"\",\"potentialAction\":[{\"@type\":\"SearchAction\",\"target\":{\"@type\":\"EntryPoint\",\"urlTemplate\":\"https:\\\/\\\/www.dramfolks-whisky-auction.com\\\/en\\\/?s={search_term_string}\"},\"query-input\":{\"@type\":\"PropertyValueSpecification\",\"valueRequired\":true,\"valueName\":\"search_term_string\"}}],\"inLanguage\":\"en-US\"}]}<\/script>\n<!-- \/ Yoast SEO plugin. -->","yoast_head_json":{"title":"Humbel Distillery - The Valereuss Whisky - Dramfolks Whisky Auction","robots":{"index":"index","follow":"follow","max-snippet":"max-snippet:-1","max-image-preview":"max-image-preview:large","max-video-preview":"max-video-preview:-1"},"canonical":"https:\/\/www.dramfolks-whisky-auction.com\/en\/product\/humbel-distillery-the-valereuss-whisky\/","og_locale":"en_US","og_type":"article","og_title":"Humbel Distillery - The Valereuss Whisky - Dramfolks Whisky Auction","og_description":"Destille: Humbel Distillery Es handelt sich um eine Schweizer Brennerei aus Stetten im Aargauer Reusstal. Den Grund\u00adstein zum heutigen Unter\u00adnehmen legte Max Humbel 1918 und nun wird bereits in dritter Gene\u00adra\u00adtion gebrannt. Das Humbel-Sorti\u00adment bein\u00adhaltet nicht nur die tradi\u00adtio\u00adnelle Schweizer Obst\u00adbrand\u00adkultur, sondern auch Fruchtbr\u00e4nde, Bio-Obst\u00adde\u00adstil\u00adlate und die Bio-Import\u00adspi\u00adri\u00adtuosen. Die Philo\u00adso\u00adphie der Qualit\u00e4t der Rohstoffe setzt[...]","og_url":"https:\/\/www.dramfolks-whisky-auction.com\/en\/product\/humbel-distillery-the-valereuss-whisky\/","og_site_name":"Dramfolks Whisky Auction","article_modified_time":"2023-03-30T18:36:13+00:00","og_image":[{"width":1574,"height":1574,"url":"https:\/\/www.dramfolks-whisky-auction.com\/wp-content\/uploads\/2023\/02\/valereuss-whisky-vorne.jpg","type":"image\/jpeg"}],"twitter_card":"summary_large_image","twitter_misc":{"Est. reading time":"2 minutes"},"schema":{"@context":"https:\/\/schema.org","@graph":[{"@type":"WebPage","@id":"https:\/\/www.dramfolks-whisky-auction.com\/en\/product\/humbel-distillery-the-valereuss-whisky\/","url":"https:\/\/www.dramfolks-whisky-auction.com\/en\/product\/humbel-distillery-the-valereuss-whisky\/","name":"Humbel Distillery - The Valereuss Whisky - Dramfolks Whisky Auction","isPartOf":{"@id":"https:\/\/www.dramfolks-whisky-auction.com\/en\/#website"},"primaryImageOfPage":{"@id":"https:\/\/www.dramfolks-whisky-auction.com\/en\/product\/humbel-distillery-the-valereuss-whisky\/#primaryimage"},"image":{"@id":"https:\/\/www.dramfolks-whisky-auction.com\/en\/product\/humbel-distillery-the-valereuss-whisky\/#primaryimage"},"thumbnailUrl":"https:\/\/www.dramfolks-whisky-auction.com\/wp-content\/uploads\/2023\/02\/valereuss-whisky-vorne.jpg","datePublished":"2023-02-18T05:30:10+00:00","dateModified":"2023-03-30T18:36:13+00:00","breadcrumb":{"@id":"https:\/\/www.dramfolks-whisky-auction.com\/en\/product\/humbel-distillery-the-valereuss-whisky\/#breadcrumb"},"inLanguage":"en-US","potentialAction":[{"@type":"ReadAction","target":["https:\/\/www.dramfolks-whisky-auction.com\/en\/product\/humbel-distillery-the-valereuss-whisky\/"]}]},{"@type":"ImageObject","inLanguage":"en-US","@id":"https:\/\/www.dramfolks-whisky-auction.com\/en\/product\/humbel-distillery-the-valereuss-whisky\/#primaryimage","url":"https:\/\/www.dramfolks-whisky-auction.com\/wp-content\/uploads\/2023\/02\/valereuss-whisky-vorne.jpg","contentUrl":"https:\/\/www.dramfolks-whisky-auction.com\/wp-content\/uploads\/2023\/02\/valereuss-whisky-vorne.jpg","width":1574,"height":1574},{"@type":"BreadcrumbList","@id":"https:\/\/www.dramfolks-whisky-auction.com\/en\/product\/humbel-distillery-the-valereuss-whisky\/#breadcrumb","itemListElement":[{"@type":"ListItem","position":1,"name":"Startseite","item":"https:\/\/www.dramfolks-whisky-auction.com\/en\/"},{"@type":"ListItem","position":2,"name":"Shop","item":"https:\/\/www.dramfolks-whisky-auction.com\/en\/shop\/"},{"@type":"ListItem","position":3,"name":"Humbel Distillery &#8211; The Valereuss Whisky"}]},{"@type":"WebSite","@id":"https:\/\/www.dramfolks-whisky-auction.com\/en\/#website","url":"https:\/\/www.dramfolks-whisky-auction.com\/en\/","name":"Dramfolks Whisky Auction","description":"","potentialAction":[{"@type":"SearchAction","target":{"@type":"EntryPoint","urlTemplate":"https:\/\/www.dramfolks-whisky-auction.com\/en\/?s={search_term_string}"},"query-input":{"@type":"PropertyValueSpecification","valueRequired":true,"valueName":"search_term_string"}}],"inLanguage":"en-US"}]}},"_links":{"self":[{"href":"https:\/\/www.dramfolks-whisky-auction.com\/en\/wp-json\/wp\/v2\/product\/1625","targetHints":{"allow":["GET"]}}],"collection":[{"href":"https:\/\/www.dramfolks-whisky-auction.com\/en\/wp-json\/wp\/v2\/product"}],"about":[{"href":"https:\/\/www.dramfolks-whisky-auction.com\/en\/wp-json\/wp\/v2\/types\/product"}],"replies":[{"embeddable":true,"href":"https:\/\/www.dramfolks-whisky-auction.com\/en\/wp-json\/wp\/v2\/comments?post=1625"}],"wp:featuredmedia":[{"embeddable":true,"href":"https:\/\/www.dramfolks-whisky-auction.com\/en\/wp-json\/wp\/v2\/media\/1626"}],"wp:attachment":[{"href":"https:\/\/www.dramfolks-whisky-auction.com\/en\/wp-json\/wp\/v2\/media?parent=1625"}],"wp:term":[{"taxonomy":"product_brand","embeddable":true,"href":"https:\/\/www.dramfolks-whisky-auction.com\/en\/wp-json\/wp\/v2\/product_brand?post=1625"},{"taxonomy":"product_cat","embeddable":true,"href":"https:\/\/www.dramfolks-whisky-auction.com\/en\/wp-json\/wp\/v2\/product_cat?post=1625"},{"taxonomy":"product_tag","embeddable":true,"href":"https:\/\/www.dramfolks-whisky-auction.com\/en\/wp-json\/wp\/v2\/product_tag?post=1625"}],"curies":[{"name":"wp","href":"https:\/\/api.w.org\/{rel}","templated":true}]}}