{"id":1610,"date":"2023-02-17T16:16:34","date_gmt":"2023-02-17T15:16:34","guid":{"rendered":"https:\/\/www.dramfolks-whisky-auction.com\/?post_type=product&#038;p=1610"},"modified":"2023-09-04T20:51:29","modified_gmt":"2023-09-04T18:51:29","slug":"hart-brothers-17-year-old-blended-malt-sherry-finish","status":"publish","type":"product","link":"https:\/\/www.dramfolks-whisky-auction.com\/en\/product\/hart-brothers-17-year-old-blended-malt-sherry-finish\/","title":{"rendered":"Hart Brothers &#8211; 17-year-old Blended Malt Sherry Finish"},"content":{"rendered":"<p><strong>Destille: Unbekannt<\/strong><\/p>\n<p>Der unabh\u00e4ngige Abf\u00fcller Hart Brothers ist ein traditioneller Familienbetrieb und hat seinen Ursprung im sp\u00e4ten 19. Jahrhundert, als die Familie in Paisley, der M\u00fchlenstadt am Rande von Glasgow, als Schankwirte und Gastwirte t\u00e4tig waren. Aber erst 1964 gr\u00fcndeten die Br\u00fcder Iain und Donald Hart das Unternehmen als Wein- und Spirituosengro\u00dfh\u00e4ndler und Scotch Whisky Blender. Alistair Hart trat 1975 in das Unternehmen ein. Als Chef-Blender ist er daf\u00fcr verantwortlich, alte F\u00e4sser mit Single Malt Whisky zu beschaffen. Diese seltenen Malt Whiskys werden weiter gereift und erst nach sorgf\u00e4ltigen Whiskyverkostungen f\u00fcr die Abf\u00fcllung in Einzelf\u00e4sser ausgew\u00e4hlt. Um sicherzustellen, dass ihre Kunden dieses Single Malt Scotch Whisky-Erlebnis bestm\u00f6glich mit ihnen teilen k\u00f6nnen, f\u00fcgt Hart Brothers dem Malt Whisky nichts au\u00dfer reinstem Wasser zu.<strong>\u00a0<\/strong><\/p>\n<p><strong>Fun Fakt: <\/strong>Alistair Hart hat von einer der gr\u00f6\u00dften Legenden im Whisky-Business der letzten 50 Jahre gelernt und war sogar sein Assistent. Die Rede ist von Richard Paterson! Master Blender mit 26, ersten Whisky vom Vater mit 8, Spitzname &#8220;The Nose&#8221; und 2002 zum Master Blender of the Year gek\u00fcrt&#8230;wenn man von den Besten lernen kann!<\/p>\n<p><strong>Whisky\/Whiskey: 17-year-old Blended Malt Sherry Finish<\/strong><\/p>\n<div class=\"description-long\">\n<p>Nachdem die Malt-Whiskys ausgew\u00e4hlt und miteinander verschnitten wurden, werden sie zur weiteren Reifung in First-Fill-Sherry- F\u00e4ssern gelagert, um absolute Harmonie und Konsistenz zu gew\u00e4hrleisten. Dieser Whisky ist 17 Jahre bis zur Vollkommenheit gereift. Es wurde keine k\u00fcnstliche Farbe hinzugef\u00fcgt, sondern die F\u00e4sser haben die tiefen Mahagoni- und Rotbraunt\u00f6ne verliehen, die durch das Fehlen der K\u00e4ltefiltration zum Zeitpunkt der Abf\u00fcllung erhalten wurden.<\/p>\n<\/div>\n<p><strong>Info Qualit\u00e4t der Flasche:<\/strong> Exzellent &#8211; ohne Besch\u00e4digungen \/ <strong>F\u00fcllstand: <\/strong>High fill<br \/>\n<strong>Info Qualit\u00e4t der Box: <\/strong>Exzellent &#8211; ohne Besch\u00e4digungen<\/p>\n<p><strong>Wichtiger Hinweis:<\/strong> Die Bewertung der Flaschen und Boxen erfolgt nach \u201ebesten Wissen und Gewissen\u201c. dramfolks kann keine Gew\u00e4hrleistung f\u00fcr den Inhalt der Flaschen \u00fcbernehmen. Weitere Infos &amp; Hinweise finden Sie in unseren AGBs. Wir empfehlen Ihnen, vor der Abgabe von Geboten \u00fcber die Zoomfunktion eine Besichtigung \/ genaue Pr\u00fcfung des angebotenen Whiskys vorzunehmen. Bitte kontaktieren sie uns bei Fragen direkt unter info@dramfolks.com<\/p>\n","protected":false},"excerpt":{"rendered":"<p>Destille: Unbekannt Der unabh\u00e4ngige Abf\u00fcller Hart Brothers ist ein traditioneller Familienbetrieb und hat seinen Ursprung im sp\u00e4ten 19. Jahrhundert, als die Familie in Paisley, der M\u00fchlenstadt am Rande von Glasgow, als Schankwirte und Gastwirte t\u00e4tig waren. Aber erst 1964 gr\u00fcndeten die Br\u00fcder Iain und Donald Hart das Unternehmen als Wein- und Spirituosengro\u00dfh\u00e4ndler und Scotch Whisky[&#8230;]\n","protected":false},"featured_media":1611,"comment_status":"closed","ping_status":"closed","template":"","meta":[],"product_brand":[],"product_cat":[79],"product_tag":[],"class_list":{"0":"post-1610","1":"product","2":"type-product","3":"status-publish","4":"has-post-thumbnail","6":"product_cat-no-2","8":"first","9":"instock","10":"shipping-taxable","11":"purchasable","12":"product-type-auction"},"yoast_head":"<!-- This site is optimized with the Yoast SEO plugin v27.4 - https:\/\/yoast.com\/product\/yoast-seo-wordpress\/ -->\n<title>Hart Brothers - 17-year-old Blended Malt Sherry Finish - Dramfolks Whisky Auction<\/title>\n<meta name=\"robots\" content=\"index, follow, max-snippet:-1, max-image-preview:large, max-video-preview:-1\" \/>\n<link rel=\"canonical\" href=\"https:\/\/www.dramfolks-whisky-auction.com\/en\/product\/hart-brothers-17-year-old-blended-malt-sherry-finish\/\" \/>\n<meta property=\"og:locale\" content=\"en_US\" \/>\n<meta property=\"og:type\" content=\"article\" \/>\n<meta property=\"og:title\" content=\"Hart Brothers - 17-year-old Blended Malt Sherry Finish - Dramfolks Whisky Auction\" \/>\n<meta property=\"og:description\" content=\"Destille: Unbekannt Der unabh\u00e4ngige Abf\u00fcller Hart Brothers ist ein traditioneller Familienbetrieb und hat seinen Ursprung im sp\u00e4ten 19. Jahrhundert, als die Familie in Paisley, der M\u00fchlenstadt am Rande von Glasgow, als Schankwirte und Gastwirte t\u00e4tig waren. Aber erst 1964 gr\u00fcndeten die Br\u00fcder Iain und Donald Hart das Unternehmen als Wein- und Spirituosengro\u00dfh\u00e4ndler und Scotch Whisky[...]\" \/>\n<meta property=\"og:url\" content=\"https:\/\/www.dramfolks-whisky-auction.com\/en\/product\/hart-brothers-17-year-old-blended-malt-sherry-finish\/\" \/>\n<meta property=\"og:site_name\" content=\"Dramfolks Whisky Auction\" \/>\n<meta property=\"article:modified_time\" content=\"2023-09-04T18:51:29+00:00\" \/>\n<meta property=\"og:image\" content=\"https:\/\/www.dramfolks-whisky-auction.com\/wp-content\/uploads\/2023\/02\/DSC_0288.jpg\" \/>\n\t<meta property=\"og:image:width\" content=\"1704\" \/>\n\t<meta property=\"og:image:height\" content=\"1704\" \/>\n\t<meta property=\"og:image:type\" content=\"image\/jpeg\" \/>\n<meta name=\"twitter:card\" content=\"summary_large_image\" \/>\n<meta name=\"twitter:label1\" content=\"Est. reading time\" \/>\n\t<meta name=\"twitter:data1\" content=\"2 minutes\" \/>\n<script type=\"application\/ld+json\" class=\"yoast-schema-graph\">{\"@context\":\"https:\\\/\\\/schema.org\",\"@graph\":[{\"@type\":\"WebPage\",\"@id\":\"https:\\\/\\\/www.dramfolks-whisky-auction.com\\\/en\\\/product\\\/hart-brothers-17-year-old-blended-malt-sherry-finish\\\/\",\"url\":\"https:\\\/\\\/www.dramfolks-whisky-auction.com\\\/en\\\/product\\\/hart-brothers-17-year-old-blended-malt-sherry-finish\\\/\",\"name\":\"Hart Brothers - 17-year-old Blended Malt Sherry Finish - Dramfolks Whisky Auction\",\"isPartOf\":{\"@id\":\"https:\\\/\\\/www.dramfolks-whisky-auction.com\\\/en\\\/#website\"},\"primaryImageOfPage\":{\"@id\":\"https:\\\/\\\/www.dramfolks-whisky-auction.com\\\/en\\\/product\\\/hart-brothers-17-year-old-blended-malt-sherry-finish\\\/#primaryimage\"},\"image\":{\"@id\":\"https:\\\/\\\/www.dramfolks-whisky-auction.com\\\/en\\\/product\\\/hart-brothers-17-year-old-blended-malt-sherry-finish\\\/#primaryimage\"},\"thumbnailUrl\":\"https:\\\/\\\/www.dramfolks-whisky-auction.com\\\/wp-content\\\/uploads\\\/2023\\\/02\\\/DSC_0288.jpg\",\"datePublished\":\"2023-02-17T15:16:34+00:00\",\"dateModified\":\"2023-09-04T18:51:29+00:00\",\"breadcrumb\":{\"@id\":\"https:\\\/\\\/www.dramfolks-whisky-auction.com\\\/en\\\/product\\\/hart-brothers-17-year-old-blended-malt-sherry-finish\\\/#breadcrumb\"},\"inLanguage\":\"en-US\",\"potentialAction\":[{\"@type\":\"ReadAction\",\"target\":[\"https:\\\/\\\/www.dramfolks-whisky-auction.com\\\/en\\\/product\\\/hart-brothers-17-year-old-blended-malt-sherry-finish\\\/\"]}]},{\"@type\":\"ImageObject\",\"inLanguage\":\"en-US\",\"@id\":\"https:\\\/\\\/www.dramfolks-whisky-auction.com\\\/en\\\/product\\\/hart-brothers-17-year-old-blended-malt-sherry-finish\\\/#primaryimage\",\"url\":\"https:\\\/\\\/www.dramfolks-whisky-auction.com\\\/wp-content\\\/uploads\\\/2023\\\/02\\\/DSC_0288.jpg\",\"contentUrl\":\"https:\\\/\\\/www.dramfolks-whisky-auction.com\\\/wp-content\\\/uploads\\\/2023\\\/02\\\/DSC_0288.jpg\",\"width\":1704,\"height\":1704},{\"@type\":\"BreadcrumbList\",\"@id\":\"https:\\\/\\\/www.dramfolks-whisky-auction.com\\\/en\\\/product\\\/hart-brothers-17-year-old-blended-malt-sherry-finish\\\/#breadcrumb\",\"itemListElement\":[{\"@type\":\"ListItem\",\"position\":1,\"name\":\"Startseite\",\"item\":\"https:\\\/\\\/www.dramfolks-whisky-auction.com\\\/en\\\/\"},{\"@type\":\"ListItem\",\"position\":2,\"name\":\"Shop\",\"item\":\"https:\\\/\\\/www.dramfolks-whisky-auction.com\\\/en\\\/shop\\\/\"},{\"@type\":\"ListItem\",\"position\":3,\"name\":\"Hart Brothers &#8211; 17-year-old Blended Malt Sherry Finish\"}]},{\"@type\":\"WebSite\",\"@id\":\"https:\\\/\\\/www.dramfolks-whisky-auction.com\\\/en\\\/#website\",\"url\":\"https:\\\/\\\/www.dramfolks-whisky-auction.com\\\/en\\\/\",\"name\":\"Dramfolks Whisky Auction\",\"description\":\"\",\"potentialAction\":[{\"@type\":\"SearchAction\",\"target\":{\"@type\":\"EntryPoint\",\"urlTemplate\":\"https:\\\/\\\/www.dramfolks-whisky-auction.com\\\/en\\\/?s={search_term_string}\"},\"query-input\":{\"@type\":\"PropertyValueSpecification\",\"valueRequired\":true,\"valueName\":\"search_term_string\"}}],\"inLanguage\":\"en-US\"}]}<\/script>\n<!-- \/ Yoast SEO plugin. -->","yoast_head_json":{"title":"Hart Brothers - 17-year-old Blended Malt Sherry Finish - Dramfolks Whisky Auction","robots":{"index":"index","follow":"follow","max-snippet":"max-snippet:-1","max-image-preview":"max-image-preview:large","max-video-preview":"max-video-preview:-1"},"canonical":"https:\/\/www.dramfolks-whisky-auction.com\/en\/product\/hart-brothers-17-year-old-blended-malt-sherry-finish\/","og_locale":"en_US","og_type":"article","og_title":"Hart Brothers - 17-year-old Blended Malt Sherry Finish - Dramfolks Whisky Auction","og_description":"Destille: Unbekannt Der unabh\u00e4ngige Abf\u00fcller Hart Brothers ist ein traditioneller Familienbetrieb und hat seinen Ursprung im sp\u00e4ten 19. Jahrhundert, als die Familie in Paisley, der M\u00fchlenstadt am Rande von Glasgow, als Schankwirte und Gastwirte t\u00e4tig waren. Aber erst 1964 gr\u00fcndeten die Br\u00fcder Iain und Donald Hart das Unternehmen als Wein- und Spirituosengro\u00dfh\u00e4ndler und Scotch Whisky[...]","og_url":"https:\/\/www.dramfolks-whisky-auction.com\/en\/product\/hart-brothers-17-year-old-blended-malt-sherry-finish\/","og_site_name":"Dramfolks Whisky Auction","article_modified_time":"2023-09-04T18:51:29+00:00","og_image":[{"width":1704,"height":1704,"url":"https:\/\/www.dramfolks-whisky-auction.com\/wp-content\/uploads\/2023\/02\/DSC_0288.jpg","type":"image\/jpeg"}],"twitter_card":"summary_large_image","twitter_misc":{"Est. reading time":"2 minutes"},"schema":{"@context":"https:\/\/schema.org","@graph":[{"@type":"WebPage","@id":"https:\/\/www.dramfolks-whisky-auction.com\/en\/product\/hart-brothers-17-year-old-blended-malt-sherry-finish\/","url":"https:\/\/www.dramfolks-whisky-auction.com\/en\/product\/hart-brothers-17-year-old-blended-malt-sherry-finish\/","name":"Hart Brothers - 17-year-old Blended Malt Sherry Finish - Dramfolks Whisky Auction","isPartOf":{"@id":"https:\/\/www.dramfolks-whisky-auction.com\/en\/#website"},"primaryImageOfPage":{"@id":"https:\/\/www.dramfolks-whisky-auction.com\/en\/product\/hart-brothers-17-year-old-blended-malt-sherry-finish\/#primaryimage"},"image":{"@id":"https:\/\/www.dramfolks-whisky-auction.com\/en\/product\/hart-brothers-17-year-old-blended-malt-sherry-finish\/#primaryimage"},"thumbnailUrl":"https:\/\/www.dramfolks-whisky-auction.com\/wp-content\/uploads\/2023\/02\/DSC_0288.jpg","datePublished":"2023-02-17T15:16:34+00:00","dateModified":"2023-09-04T18:51:29+00:00","breadcrumb":{"@id":"https:\/\/www.dramfolks-whisky-auction.com\/en\/product\/hart-brothers-17-year-old-blended-malt-sherry-finish\/#breadcrumb"},"inLanguage":"en-US","potentialAction":[{"@type":"ReadAction","target":["https:\/\/www.dramfolks-whisky-auction.com\/en\/product\/hart-brothers-17-year-old-blended-malt-sherry-finish\/"]}]},{"@type":"ImageObject","inLanguage":"en-US","@id":"https:\/\/www.dramfolks-whisky-auction.com\/en\/product\/hart-brothers-17-year-old-blended-malt-sherry-finish\/#primaryimage","url":"https:\/\/www.dramfolks-whisky-auction.com\/wp-content\/uploads\/2023\/02\/DSC_0288.jpg","contentUrl":"https:\/\/www.dramfolks-whisky-auction.com\/wp-content\/uploads\/2023\/02\/DSC_0288.jpg","width":1704,"height":1704},{"@type":"BreadcrumbList","@id":"https:\/\/www.dramfolks-whisky-auction.com\/en\/product\/hart-brothers-17-year-old-blended-malt-sherry-finish\/#breadcrumb","itemListElement":[{"@type":"ListItem","position":1,"name":"Startseite","item":"https:\/\/www.dramfolks-whisky-auction.com\/en\/"},{"@type":"ListItem","position":2,"name":"Shop","item":"https:\/\/www.dramfolks-whisky-auction.com\/en\/shop\/"},{"@type":"ListItem","position":3,"name":"Hart Brothers &#8211; 17-year-old Blended Malt Sherry Finish"}]},{"@type":"WebSite","@id":"https:\/\/www.dramfolks-whisky-auction.com\/en\/#website","url":"https:\/\/www.dramfolks-whisky-auction.com\/en\/","name":"Dramfolks Whisky Auction","description":"","potentialAction":[{"@type":"SearchAction","target":{"@type":"EntryPoint","urlTemplate":"https:\/\/www.dramfolks-whisky-auction.com\/en\/?s={search_term_string}"},"query-input":{"@type":"PropertyValueSpecification","valueRequired":true,"valueName":"search_term_string"}}],"inLanguage":"en-US"}]}},"_links":{"self":[{"href":"https:\/\/www.dramfolks-whisky-auction.com\/en\/wp-json\/wp\/v2\/product\/1610","targetHints":{"allow":["GET"]}}],"collection":[{"href":"https:\/\/www.dramfolks-whisky-auction.com\/en\/wp-json\/wp\/v2\/product"}],"about":[{"href":"https:\/\/www.dramfolks-whisky-auction.com\/en\/wp-json\/wp\/v2\/types\/product"}],"replies":[{"embeddable":true,"href":"https:\/\/www.dramfolks-whisky-auction.com\/en\/wp-json\/wp\/v2\/comments?post=1610"}],"wp:featuredmedia":[{"embeddable":true,"href":"https:\/\/www.dramfolks-whisky-auction.com\/en\/wp-json\/wp\/v2\/media\/1611"}],"wp:attachment":[{"href":"https:\/\/www.dramfolks-whisky-auction.com\/en\/wp-json\/wp\/v2\/media?parent=1610"}],"wp:term":[{"taxonomy":"product_brand","embeddable":true,"href":"https:\/\/www.dramfolks-whisky-auction.com\/en\/wp-json\/wp\/v2\/product_brand?post=1610"},{"taxonomy":"product_cat","embeddable":true,"href":"https:\/\/www.dramfolks-whisky-auction.com\/en\/wp-json\/wp\/v2\/product_cat?post=1610"},{"taxonomy":"product_tag","embeddable":true,"href":"https:\/\/www.dramfolks-whisky-auction.com\/en\/wp-json\/wp\/v2\/product_tag?post=1610"}],"curies":[{"name":"wp","href":"https:\/\/api.w.org\/{rel}","templated":true}]}}