{"id":1580,"date":"2023-02-10T17:25:45","date_gmt":"2023-02-10T16:25:45","guid":{"rendered":"https:\/\/www.dramfolks-whisky-auction.com\/?post_type=product&#038;p=1580"},"modified":"2023-03-30T15:16:48","modified_gmt":"2023-03-30T13:16:48","slug":"mossburn-distillers-caisteal-chamuis-blended-malt-scotch-whisky-2","status":"publish","type":"product","link":"https:\/\/www.dramfolks-whisky-auction.com\/en\/product\/mossburn-distillers-caisteal-chamuis-blended-malt-scotch-whisky-2\/","title":{"rendered":"Mossburn Distillers &#8211; Caisteal Chamuis Blended Malt Scotch Whisky"},"content":{"rendered":"<p><strong>Destille: Mossburn Distillers<br \/>\n<\/strong>Mossburn Distillers, mit Hauptsitz in London, ist ein junges Unternehmen auf dem heutigen Whiskymarkt. Bereits seit Anfang 1990 besch\u00e4ftigt sich das Team von Mossburn mit dem Blenden und Abf\u00fcllen von Whisky. Ihre geb\u00fcndelte Erfahrung erstreckt sich \u00fcber mehrere Generationen, mit mehr als einem Jahrhundert kontinuierlicher Familiengeschichte in der Scotch Whisky Industrie. Als &#8220;Master of Mossburn&#8221; gilt Neil Macleod Mathieson. Als Mitgr\u00fcnder von Mossburn half er ma\u00dfgeblich die Firma und deren beiden Brennereien aufzubauen. Die ersten Abf\u00fcllung unter dem Namen Mossburn wurden 2017 als eine Reihe klassischer Independent Bottler Malts ver\u00f6ffentlicht. Zu den Mossburn Distillers geh\u00f6ren die Brennereien TORABHAIG und REIVERS aus Schottland. Mossburn selbst geh\u00f6rt mittlerweile zum Marussia Beverages Konzern aus England, der seinen Hauptsitz in die Schweiz verlegt hat.<strong><br \/>\n<\/strong><\/p>\n<p><strong>Fun Fakt:<\/strong> Gr\u00fcnder Neil Macleod Mathieson begann seine &#8220;Karriere&#8221; als Importeur von anspruchsvollen Spiritousen. Er gr\u00fcndete das Unternehmen in England und nutzte f\u00fcr den Firmennamen (eher ungew\u00f6hnlich) einen franz\u00f6sischen Namen &#8220;Eaux de vie&#8221;. Es bedeutet soviel wie &#8220;Wasser des Lebens&#8221; bzw. ein klarer, farbloser Obstbrand, der durch G\u00e4rung und doppelte Destillation hergestellt wird. Perfekt f\u00fcr sein sp\u00e4teres Whisky-Abenteuer.<\/p>\n<p><strong>Whisky\/Whiskey: Caisteal Chamuis Blended Malt Scotch Whisky<\/strong><br \/>\nCaisteal Chamuis, auch bekannt als Knock Castle oder Castle Camus, war einst eine strategische Festung, die dem Clan Macleod half, seinen Einfluss auf die Halbinsel Sleat auf Skye zu sichern. Verm\u00e4hlt aus Single Malts von den Inseln Orkney, Skye und Islay wurde der Whisky f\u00fcr den Caisteal Chamuis in First-Fill-Bourbonf\u00e4ssern gefinisht. \u201eDer Einsatz von First-Fill Bourbon-F\u00e4ssern erzeugt einen Charakter, der sich nach und nach offenbart: im Antritt eleganter Torf, ohne jemals medizinisch zu sein, dann honig-pfeffrig mit der Komplexit\u00e4t s\u00fc\u00dfer Gew\u00fcrze und einem cremigen Vanille-Finish,\u201c berichtet Marussia Beverages \u00fcber diesen Malt.<\/p>\n<p><strong>Info Qualit\u00e4t der Flasche:<\/strong> Exzellent ohne Besch\u00e4digungen \/ <strong>F\u00fcllstand:<\/strong> Into neck<br \/>\n<strong>Info Qualit\u00e4t der Box: <\/strong>Exzellent &#8211; ohne Besch\u00e4digungen<\/p>\n<p><strong>Wichtiger Hinweis:<\/strong> Die Bewertung der Flaschen und Boxen erfolgt nach \u201ebesten Wissen und Gewissen\u201c. dramfolks kann keine Gew\u00e4hrleistung f\u00fcr den Inhalt der Flaschen \u00fcbernehmen. Weitere Infos &amp; Hinweise finden Sie in unseren AGBs. Wir empfehlen Ihnen, vor der Abgabe von Geboten \u00fcber die Zoomfunktion eine Besichtigung \/ genaue Pr\u00fcfung des angebotenen Whiskys vorzunehmen. Bitte kontaktieren sie uns bei Fragen direkt unter info@dramfolks.com<\/p>\n","protected":false},"excerpt":{"rendered":"<p>Destille: Mossburn Distillers Mossburn Distillers, mit Hauptsitz in London, ist ein junges Unternehmen auf dem heutigen Whiskymarkt. Bereits seit Anfang 1990 besch\u00e4ftigt sich das Team von Mossburn mit dem Blenden und Abf\u00fcllen von Whisky. Ihre geb\u00fcndelte Erfahrung erstreckt sich \u00fcber mehrere Generationen, mit mehr als einem Jahrhundert kontinuierlicher Familiengeschichte in der Scotch Whisky Industrie. Als[&#8230;]\n","protected":false},"featured_media":1238,"comment_status":"closed","ping_status":"closed","template":"","meta":[],"product_brand":[],"product_cat":[79],"product_tag":[],"class_list":{"0":"post-1580","1":"product","2":"type-product","3":"status-publish","4":"has-post-thumbnail","6":"product_cat-no-2","8":"first","9":"instock","10":"shipping-taxable","11":"purchasable","12":"product-type-auction"},"yoast_head":"<!-- This site is optimized with the Yoast SEO plugin v27.4 - https:\/\/yoast.com\/product\/yoast-seo-wordpress\/ -->\n<title>Mossburn Distillers - Caisteal Chamuis Blended Malt Scotch Whisky - Dramfolks Whisky Auction<\/title>\n<meta name=\"robots\" content=\"index, follow, max-snippet:-1, max-image-preview:large, max-video-preview:-1\" \/>\n<link rel=\"canonical\" href=\"https:\/\/www.dramfolks-whisky-auction.com\/en\/product\/mossburn-distillers-caisteal-chamuis-blended-malt-scotch-whisky-2\/\" \/>\n<meta property=\"og:locale\" content=\"en_US\" \/>\n<meta property=\"og:type\" content=\"article\" \/>\n<meta property=\"og:title\" content=\"Mossburn Distillers - Caisteal Chamuis Blended Malt Scotch Whisky - Dramfolks Whisky Auction\" \/>\n<meta property=\"og:description\" content=\"Destille: Mossburn Distillers Mossburn Distillers, mit Hauptsitz in London, ist ein junges Unternehmen auf dem heutigen Whiskymarkt. Bereits seit Anfang 1990 besch\u00e4ftigt sich das Team von Mossburn mit dem Blenden und Abf\u00fcllen von Whisky. Ihre geb\u00fcndelte Erfahrung erstreckt sich \u00fcber mehrere Generationen, mit mehr als einem Jahrhundert kontinuierlicher Familiengeschichte in der Scotch Whisky Industrie. Als[...]\" \/>\n<meta property=\"og:url\" content=\"https:\/\/www.dramfolks-whisky-auction.com\/en\/product\/mossburn-distillers-caisteal-chamuis-blended-malt-scotch-whisky-2\/\" \/>\n<meta property=\"og:site_name\" content=\"Dramfolks Whisky Auction\" \/>\n<meta property=\"article:modified_time\" content=\"2023-03-30T13:16:48+00:00\" \/>\n<meta property=\"og:image\" content=\"https:\/\/www.dramfolks-whisky-auction.com\/wp-content\/uploads\/2022\/12\/Mossburn-Caisteal-vorne.jpg\" \/>\n\t<meta property=\"og:image:width\" content=\"1804\" \/>\n\t<meta property=\"og:image:height\" content=\"1804\" \/>\n\t<meta property=\"og:image:type\" content=\"image\/jpeg\" \/>\n<meta name=\"twitter:card\" content=\"summary_large_image\" \/>\n<meta name=\"twitter:label1\" content=\"Est. reading time\" \/>\n\t<meta name=\"twitter:data1\" content=\"2 minutes\" \/>\n<script type=\"application\/ld+json\" class=\"yoast-schema-graph\">{\"@context\":\"https:\\\/\\\/schema.org\",\"@graph\":[{\"@type\":\"WebPage\",\"@id\":\"https:\\\/\\\/www.dramfolks-whisky-auction.com\\\/en\\\/product\\\/mossburn-distillers-caisteal-chamuis-blended-malt-scotch-whisky-2\\\/\",\"url\":\"https:\\\/\\\/www.dramfolks-whisky-auction.com\\\/en\\\/product\\\/mossburn-distillers-caisteal-chamuis-blended-malt-scotch-whisky-2\\\/\",\"name\":\"Mossburn Distillers - Caisteal Chamuis Blended Malt Scotch Whisky - Dramfolks Whisky Auction\",\"isPartOf\":{\"@id\":\"https:\\\/\\\/www.dramfolks-whisky-auction.com\\\/en\\\/#website\"},\"primaryImageOfPage\":{\"@id\":\"https:\\\/\\\/www.dramfolks-whisky-auction.com\\\/en\\\/product\\\/mossburn-distillers-caisteal-chamuis-blended-malt-scotch-whisky-2\\\/#primaryimage\"},\"image\":{\"@id\":\"https:\\\/\\\/www.dramfolks-whisky-auction.com\\\/en\\\/product\\\/mossburn-distillers-caisteal-chamuis-blended-malt-scotch-whisky-2\\\/#primaryimage\"},\"thumbnailUrl\":\"https:\\\/\\\/www.dramfolks-whisky-auction.com\\\/wp-content\\\/uploads\\\/2022\\\/12\\\/Mossburn-Caisteal-vorne.jpg\",\"datePublished\":\"2023-02-10T16:25:45+00:00\",\"dateModified\":\"2023-03-30T13:16:48+00:00\",\"breadcrumb\":{\"@id\":\"https:\\\/\\\/www.dramfolks-whisky-auction.com\\\/en\\\/product\\\/mossburn-distillers-caisteal-chamuis-blended-malt-scotch-whisky-2\\\/#breadcrumb\"},\"inLanguage\":\"en-US\",\"potentialAction\":[{\"@type\":\"ReadAction\",\"target\":[\"https:\\\/\\\/www.dramfolks-whisky-auction.com\\\/en\\\/product\\\/mossburn-distillers-caisteal-chamuis-blended-malt-scotch-whisky-2\\\/\"]}]},{\"@type\":\"ImageObject\",\"inLanguage\":\"en-US\",\"@id\":\"https:\\\/\\\/www.dramfolks-whisky-auction.com\\\/en\\\/product\\\/mossburn-distillers-caisteal-chamuis-blended-malt-scotch-whisky-2\\\/#primaryimage\",\"url\":\"https:\\\/\\\/www.dramfolks-whisky-auction.com\\\/wp-content\\\/uploads\\\/2022\\\/12\\\/Mossburn-Caisteal-vorne.jpg\",\"contentUrl\":\"https:\\\/\\\/www.dramfolks-whisky-auction.com\\\/wp-content\\\/uploads\\\/2022\\\/12\\\/Mossburn-Caisteal-vorne.jpg\",\"width\":1804,\"height\":1804},{\"@type\":\"BreadcrumbList\",\"@id\":\"https:\\\/\\\/www.dramfolks-whisky-auction.com\\\/en\\\/product\\\/mossburn-distillers-caisteal-chamuis-blended-malt-scotch-whisky-2\\\/#breadcrumb\",\"itemListElement\":[{\"@type\":\"ListItem\",\"position\":1,\"name\":\"Startseite\",\"item\":\"https:\\\/\\\/www.dramfolks-whisky-auction.com\\\/en\\\/\"},{\"@type\":\"ListItem\",\"position\":2,\"name\":\"Shop\",\"item\":\"https:\\\/\\\/www.dramfolks-whisky-auction.com\\\/en\\\/shop\\\/\"},{\"@type\":\"ListItem\",\"position\":3,\"name\":\"Mossburn Distillers &#8211; Caisteal Chamuis Blended Malt Scotch Whisky\"}]},{\"@type\":\"WebSite\",\"@id\":\"https:\\\/\\\/www.dramfolks-whisky-auction.com\\\/en\\\/#website\",\"url\":\"https:\\\/\\\/www.dramfolks-whisky-auction.com\\\/en\\\/\",\"name\":\"Dramfolks Whisky Auction\",\"description\":\"\",\"potentialAction\":[{\"@type\":\"SearchAction\",\"target\":{\"@type\":\"EntryPoint\",\"urlTemplate\":\"https:\\\/\\\/www.dramfolks-whisky-auction.com\\\/en\\\/?s={search_term_string}\"},\"query-input\":{\"@type\":\"PropertyValueSpecification\",\"valueRequired\":true,\"valueName\":\"search_term_string\"}}],\"inLanguage\":\"en-US\"}]}<\/script>\n<!-- \/ Yoast SEO plugin. -->","yoast_head_json":{"title":"Mossburn Distillers - Caisteal Chamuis Blended Malt Scotch Whisky - Dramfolks Whisky Auction","robots":{"index":"index","follow":"follow","max-snippet":"max-snippet:-1","max-image-preview":"max-image-preview:large","max-video-preview":"max-video-preview:-1"},"canonical":"https:\/\/www.dramfolks-whisky-auction.com\/en\/product\/mossburn-distillers-caisteal-chamuis-blended-malt-scotch-whisky-2\/","og_locale":"en_US","og_type":"article","og_title":"Mossburn Distillers - Caisteal Chamuis Blended Malt Scotch Whisky - Dramfolks Whisky Auction","og_description":"Destille: Mossburn Distillers Mossburn Distillers, mit Hauptsitz in London, ist ein junges Unternehmen auf dem heutigen Whiskymarkt. Bereits seit Anfang 1990 besch\u00e4ftigt sich das Team von Mossburn mit dem Blenden und Abf\u00fcllen von Whisky. Ihre geb\u00fcndelte Erfahrung erstreckt sich \u00fcber mehrere Generationen, mit mehr als einem Jahrhundert kontinuierlicher Familiengeschichte in der Scotch Whisky Industrie. Als[...]","og_url":"https:\/\/www.dramfolks-whisky-auction.com\/en\/product\/mossburn-distillers-caisteal-chamuis-blended-malt-scotch-whisky-2\/","og_site_name":"Dramfolks Whisky Auction","article_modified_time":"2023-03-30T13:16:48+00:00","og_image":[{"width":1804,"height":1804,"url":"https:\/\/www.dramfolks-whisky-auction.com\/wp-content\/uploads\/2022\/12\/Mossburn-Caisteal-vorne.jpg","type":"image\/jpeg"}],"twitter_card":"summary_large_image","twitter_misc":{"Est. reading time":"2 minutes"},"schema":{"@context":"https:\/\/schema.org","@graph":[{"@type":"WebPage","@id":"https:\/\/www.dramfolks-whisky-auction.com\/en\/product\/mossburn-distillers-caisteal-chamuis-blended-malt-scotch-whisky-2\/","url":"https:\/\/www.dramfolks-whisky-auction.com\/en\/product\/mossburn-distillers-caisteal-chamuis-blended-malt-scotch-whisky-2\/","name":"Mossburn Distillers - Caisteal Chamuis Blended Malt Scotch Whisky - Dramfolks Whisky Auction","isPartOf":{"@id":"https:\/\/www.dramfolks-whisky-auction.com\/en\/#website"},"primaryImageOfPage":{"@id":"https:\/\/www.dramfolks-whisky-auction.com\/en\/product\/mossburn-distillers-caisteal-chamuis-blended-malt-scotch-whisky-2\/#primaryimage"},"image":{"@id":"https:\/\/www.dramfolks-whisky-auction.com\/en\/product\/mossburn-distillers-caisteal-chamuis-blended-malt-scotch-whisky-2\/#primaryimage"},"thumbnailUrl":"https:\/\/www.dramfolks-whisky-auction.com\/wp-content\/uploads\/2022\/12\/Mossburn-Caisteal-vorne.jpg","datePublished":"2023-02-10T16:25:45+00:00","dateModified":"2023-03-30T13:16:48+00:00","breadcrumb":{"@id":"https:\/\/www.dramfolks-whisky-auction.com\/en\/product\/mossburn-distillers-caisteal-chamuis-blended-malt-scotch-whisky-2\/#breadcrumb"},"inLanguage":"en-US","potentialAction":[{"@type":"ReadAction","target":["https:\/\/www.dramfolks-whisky-auction.com\/en\/product\/mossburn-distillers-caisteal-chamuis-blended-malt-scotch-whisky-2\/"]}]},{"@type":"ImageObject","inLanguage":"en-US","@id":"https:\/\/www.dramfolks-whisky-auction.com\/en\/product\/mossburn-distillers-caisteal-chamuis-blended-malt-scotch-whisky-2\/#primaryimage","url":"https:\/\/www.dramfolks-whisky-auction.com\/wp-content\/uploads\/2022\/12\/Mossburn-Caisteal-vorne.jpg","contentUrl":"https:\/\/www.dramfolks-whisky-auction.com\/wp-content\/uploads\/2022\/12\/Mossburn-Caisteal-vorne.jpg","width":1804,"height":1804},{"@type":"BreadcrumbList","@id":"https:\/\/www.dramfolks-whisky-auction.com\/en\/product\/mossburn-distillers-caisteal-chamuis-blended-malt-scotch-whisky-2\/#breadcrumb","itemListElement":[{"@type":"ListItem","position":1,"name":"Startseite","item":"https:\/\/www.dramfolks-whisky-auction.com\/en\/"},{"@type":"ListItem","position":2,"name":"Shop","item":"https:\/\/www.dramfolks-whisky-auction.com\/en\/shop\/"},{"@type":"ListItem","position":3,"name":"Mossburn Distillers &#8211; Caisteal Chamuis Blended Malt Scotch Whisky"}]},{"@type":"WebSite","@id":"https:\/\/www.dramfolks-whisky-auction.com\/en\/#website","url":"https:\/\/www.dramfolks-whisky-auction.com\/en\/","name":"Dramfolks Whisky Auction","description":"","potentialAction":[{"@type":"SearchAction","target":{"@type":"EntryPoint","urlTemplate":"https:\/\/www.dramfolks-whisky-auction.com\/en\/?s={search_term_string}"},"query-input":{"@type":"PropertyValueSpecification","valueRequired":true,"valueName":"search_term_string"}}],"inLanguage":"en-US"}]}},"_links":{"self":[{"href":"https:\/\/www.dramfolks-whisky-auction.com\/en\/wp-json\/wp\/v2\/product\/1580","targetHints":{"allow":["GET"]}}],"collection":[{"href":"https:\/\/www.dramfolks-whisky-auction.com\/en\/wp-json\/wp\/v2\/product"}],"about":[{"href":"https:\/\/www.dramfolks-whisky-auction.com\/en\/wp-json\/wp\/v2\/types\/product"}],"replies":[{"embeddable":true,"href":"https:\/\/www.dramfolks-whisky-auction.com\/en\/wp-json\/wp\/v2\/comments?post=1580"}],"wp:featuredmedia":[{"embeddable":true,"href":"https:\/\/www.dramfolks-whisky-auction.com\/en\/wp-json\/wp\/v2\/media\/1238"}],"wp:attachment":[{"href":"https:\/\/www.dramfolks-whisky-auction.com\/en\/wp-json\/wp\/v2\/media?parent=1580"}],"wp:term":[{"taxonomy":"product_brand","embeddable":true,"href":"https:\/\/www.dramfolks-whisky-auction.com\/en\/wp-json\/wp\/v2\/product_brand?post=1580"},{"taxonomy":"product_cat","embeddable":true,"href":"https:\/\/www.dramfolks-whisky-auction.com\/en\/wp-json\/wp\/v2\/product_cat?post=1580"},{"taxonomy":"product_tag","embeddable":true,"href":"https:\/\/www.dramfolks-whisky-auction.com\/en\/wp-json\/wp\/v2\/product_tag?post=1580"}],"curies":[{"name":"wp","href":"https:\/\/api.w.org\/{rel}","templated":true}]}}