{"id":1577,"date":"2023-02-10T17:16:51","date_gmt":"2023-02-10T16:16:51","guid":{"rendered":"https:\/\/www.dramfolks-whisky-auction.com\/?post_type=product&#038;p=1577"},"modified":"2023-03-30T05:35:11","modified_gmt":"2023-03-30T03:35:11","slug":"benriach-private-cellar-selection-22-yo-2","status":"publish","type":"product","link":"https:\/\/www.dramfolks-whisky-auction.com\/en\/product\/benriach-private-cellar-selection-22-yo-2\/","title":{"rendered":"Benriach &#8211; Private Cellar Selection 22 yo"},"content":{"rendered":"<p><strong>Destille: Benriach<\/strong><\/p>\n<p>Benriach ist eine Whiskybrennerei bei Elgin, in der Speyside Schottlands. Die Brennerei wurde 1898 von John Duff erbaut, musste allerdings, bis auf die M\u00e4lzerei, die u. a. Longmorn versorgte, schon 1900 wieder schlie\u00dfen. Nach einer Wieder\u00f6ffnung durch Glenlivet Distillers Ltd. ging Benriach 2001 an Pernod Ricard, die erst die Produktion drosselten, dann die Brennerei nur 3 Monate im Jahr betrieben und sie schlie\u00dflich im August 2002 ganz stilllegten. Im April 2004 kauften Billy Walker, Geoff Bell und Wayne Keiswetter die Brennerei, die seitdem wieder im Normalbetrieb l\u00e4uft. Zur Benriach Distillery Co. Ltd. geh\u00f6rt seit 2008 auch Glendronach und seit 2013 Glenglassaugh. 2016 wurde die Benriach Distillery Co. Ltd. f\u00fcr 285 Millionen Pfund Sterling von dem US-amerikanischen Konzern Brown-Forman \u00fcbernommen. J\u00e4hrliches Produktionsvolumen: ca. 3 Mio. Liter.<\/p>\n<p><strong>Fun fact:<\/strong> Benriach kann auf eine aufregende Geschichte blicken&#8230; Zwar wurde die Destillerie vor \u00fcber 125 Jahre gegr\u00fcndet, aber dennoch musste sie schon 2 Jahre nach Er\u00f6ffnung wieder schlie\u00dfen und ganze 65 Jahre (also \u00fcber die H\u00e4lfte ihrer aktuellen Geschichte) im &#8220;Dornr\u00f6schenschlaf&#8221; (von 1899 bis 1965) verbringen.<\/p>\n<p><strong>Whisky\/Whiskey: Private Cellar Selection 22 yo<\/strong><br \/>\nThe Whisky Cellar ist ein unabh\u00e4ngiger Scotch Whisky-Abf\u00fcller mit Sitz in Edinburgh, der F\u00e4sser aus seinem privaten Lager ausw\u00e4hlt und dann abf\u00fcllt. Jede einzelne Serie unter dem Label &#8220;Private Cellars Selection&#8221; wird sorgf\u00e4ltig ausgew\u00e4hlt, um ein breites Spektrum an nat\u00fcrlichen Farben, Aromen und Geschm\u00e4cken zu liefern. &#8220;Uneingeschr\u00e4nkt durch Alter oder Angabe von Jahrgang, Regionalit\u00e4t oder Fasstyp&#8230; Wenn unser Verkostungsgremium den Whisky genug liebt, werden wir ihn abf\u00fcllen.&#8221; ist das Credo von Keith Bonnington, Gr\u00fcnder von The Whisky Cellar.<br \/>\nBenriach Distillery hat zwar in den letzten Jahren echtes Know-how in der Fassveredelung gezeigt, aber bei diesem Single Cask Whisky eine doppelte Reifung (durch 4 Jahre in einem goldenen Rumfass) vollzogen. Das Rum-Finish erg\u00e4nzt diesen sehr hochwertigen Benriach perfekt. Wer also eine gute L\u00e4nge von Ingwer und Muskatnussgew\u00fcrz, kombiniert mit einem fantastischen Rumfinish im Abgang probieren m\u00f6chte ist hier genau richtig!<\/p>\n<p><strong>Info Qualit\u00e4t der Flasche:<\/strong> Exzellent ohne Besch\u00e4digungen \/ <strong>F\u00fcllstand:<\/strong> Into neck<br \/>\n<strong>Info Qualit\u00e4t der Box:<\/strong> Exzellent ohne Besch\u00e4digungen<\/p>\n<p><strong>Wichtiger Hinweis:<\/strong> Die Bewertung der Flaschen und Boxen erfolgt nach \u201ebesten Wissen und Gewissen\u201c. dramfolks kann keine Gew\u00e4hrleistung f\u00fcr den Inhalt der Flaschen \u00fcbernehmen. Weitere Infos &amp; Hinweise finden Sie in unseren AGBs. Wir empfehlen Ihnen, vor der Abgabe von Geboten \u00fcber die Zoomfunktion eine Besichtigung \/ genaue Pr\u00fcfung des angebotenen Whiskys vorzunehmen. Bitte kontaktieren sie uns bei Fragen direkt unter info@dramfolks.com<\/p>\n","protected":false},"excerpt":{"rendered":"<p>Destille: Benriach Benriach ist eine Whiskybrennerei bei Elgin, in der Speyside Schottlands. Die Brennerei wurde 1898 von John Duff erbaut, musste allerdings, bis auf die M\u00e4lzerei, die u. a. Longmorn versorgte, schon 1900 wieder schlie\u00dfen. Nach einer Wieder\u00f6ffnung durch Glenlivet Distillers Ltd. ging Benriach 2001 an Pernod Ricard, die erst die Produktion drosselten, dann die[&#8230;]\n","protected":false},"featured_media":1146,"comment_status":"closed","ping_status":"closed","template":"","meta":[],"product_brand":[],"product_cat":[79],"product_tag":[],"class_list":{"0":"post-1577","1":"product","2":"type-product","3":"status-publish","4":"has-post-thumbnail","6":"product_cat-no-2","8":"first","9":"instock","10":"shipping-taxable","11":"purchasable","12":"product-type-auction"},"yoast_head":"<!-- This site is optimized with the Yoast SEO plugin v27.4 - https:\/\/yoast.com\/product\/yoast-seo-wordpress\/ -->\n<title>Benriach - Private Cellar Selection 22 yo - Dramfolks Whisky Auction<\/title>\n<meta name=\"robots\" content=\"index, follow, max-snippet:-1, max-image-preview:large, max-video-preview:-1\" \/>\n<link rel=\"canonical\" href=\"https:\/\/www.dramfolks-whisky-auction.com\/en\/product\/benriach-private-cellar-selection-22-yo-2\/\" \/>\n<meta property=\"og:locale\" content=\"en_US\" \/>\n<meta property=\"og:type\" content=\"article\" \/>\n<meta property=\"og:title\" content=\"Benriach - Private Cellar Selection 22 yo - Dramfolks Whisky Auction\" \/>\n<meta property=\"og:description\" content=\"Destille: Benriach Benriach ist eine Whiskybrennerei bei Elgin, in der Speyside Schottlands. Die Brennerei wurde 1898 von John Duff erbaut, musste allerdings, bis auf die M\u00e4lzerei, die u. a. Longmorn versorgte, schon 1900 wieder schlie\u00dfen. Nach einer Wieder\u00f6ffnung durch Glenlivet Distillers Ltd. ging Benriach 2001 an Pernod Ricard, die erst die Produktion drosselten, dann die[...]\" \/>\n<meta property=\"og:url\" content=\"https:\/\/www.dramfolks-whisky-auction.com\/en\/product\/benriach-private-cellar-selection-22-yo-2\/\" \/>\n<meta property=\"og:site_name\" content=\"Dramfolks Whisky Auction\" \/>\n<meta property=\"article:modified_time\" content=\"2023-03-30T03:35:11+00:00\" \/>\n<meta property=\"og:image\" content=\"https:\/\/www.dramfolks-whisky-auction.com\/wp-content\/uploads\/2022\/12\/Benriach-Private-Cellar-vorne-scaled.jpg\" \/>\n\t<meta property=\"og:image:width\" content=\"2560\" \/>\n\t<meta property=\"og:image:height\" content=\"2560\" \/>\n\t<meta property=\"og:image:type\" content=\"image\/jpeg\" \/>\n<meta name=\"twitter:card\" content=\"summary_large_image\" \/>\n<meta name=\"twitter:label1\" content=\"Est. reading time\" \/>\n\t<meta name=\"twitter:data1\" content=\"3 minutes\" \/>\n<script type=\"application\/ld+json\" class=\"yoast-schema-graph\">{\"@context\":\"https:\\\/\\\/schema.org\",\"@graph\":[{\"@type\":\"WebPage\",\"@id\":\"https:\\\/\\\/www.dramfolks-whisky-auction.com\\\/en\\\/product\\\/benriach-private-cellar-selection-22-yo-2\\\/\",\"url\":\"https:\\\/\\\/www.dramfolks-whisky-auction.com\\\/en\\\/product\\\/benriach-private-cellar-selection-22-yo-2\\\/\",\"name\":\"Benriach - Private Cellar Selection 22 yo - Dramfolks Whisky Auction\",\"isPartOf\":{\"@id\":\"https:\\\/\\\/www.dramfolks-whisky-auction.com\\\/en\\\/#website\"},\"primaryImageOfPage\":{\"@id\":\"https:\\\/\\\/www.dramfolks-whisky-auction.com\\\/en\\\/product\\\/benriach-private-cellar-selection-22-yo-2\\\/#primaryimage\"},\"image\":{\"@id\":\"https:\\\/\\\/www.dramfolks-whisky-auction.com\\\/en\\\/product\\\/benriach-private-cellar-selection-22-yo-2\\\/#primaryimage\"},\"thumbnailUrl\":\"https:\\\/\\\/www.dramfolks-whisky-auction.com\\\/wp-content\\\/uploads\\\/2022\\\/12\\\/Benriach-Private-Cellar-vorne-scaled.jpg\",\"datePublished\":\"2023-02-10T16:16:51+00:00\",\"dateModified\":\"2023-03-30T03:35:11+00:00\",\"breadcrumb\":{\"@id\":\"https:\\\/\\\/www.dramfolks-whisky-auction.com\\\/en\\\/product\\\/benriach-private-cellar-selection-22-yo-2\\\/#breadcrumb\"},\"inLanguage\":\"en-US\",\"potentialAction\":[{\"@type\":\"ReadAction\",\"target\":[\"https:\\\/\\\/www.dramfolks-whisky-auction.com\\\/en\\\/product\\\/benriach-private-cellar-selection-22-yo-2\\\/\"]}]},{\"@type\":\"ImageObject\",\"inLanguage\":\"en-US\",\"@id\":\"https:\\\/\\\/www.dramfolks-whisky-auction.com\\\/en\\\/product\\\/benriach-private-cellar-selection-22-yo-2\\\/#primaryimage\",\"url\":\"https:\\\/\\\/www.dramfolks-whisky-auction.com\\\/wp-content\\\/uploads\\\/2022\\\/12\\\/Benriach-Private-Cellar-vorne-scaled.jpg\",\"contentUrl\":\"https:\\\/\\\/www.dramfolks-whisky-auction.com\\\/wp-content\\\/uploads\\\/2022\\\/12\\\/Benriach-Private-Cellar-vorne-scaled.jpg\",\"width\":2560,\"height\":2560},{\"@type\":\"BreadcrumbList\",\"@id\":\"https:\\\/\\\/www.dramfolks-whisky-auction.com\\\/en\\\/product\\\/benriach-private-cellar-selection-22-yo-2\\\/#breadcrumb\",\"itemListElement\":[{\"@type\":\"ListItem\",\"position\":1,\"name\":\"Startseite\",\"item\":\"https:\\\/\\\/www.dramfolks-whisky-auction.com\\\/en\\\/\"},{\"@type\":\"ListItem\",\"position\":2,\"name\":\"Shop\",\"item\":\"https:\\\/\\\/www.dramfolks-whisky-auction.com\\\/en\\\/shop\\\/\"},{\"@type\":\"ListItem\",\"position\":3,\"name\":\"Benriach &#8211; Private Cellar Selection 22 yo\"}]},{\"@type\":\"WebSite\",\"@id\":\"https:\\\/\\\/www.dramfolks-whisky-auction.com\\\/en\\\/#website\",\"url\":\"https:\\\/\\\/www.dramfolks-whisky-auction.com\\\/en\\\/\",\"name\":\"Dramfolks Whisky Auction\",\"description\":\"\",\"potentialAction\":[{\"@type\":\"SearchAction\",\"target\":{\"@type\":\"EntryPoint\",\"urlTemplate\":\"https:\\\/\\\/www.dramfolks-whisky-auction.com\\\/en\\\/?s={search_term_string}\"},\"query-input\":{\"@type\":\"PropertyValueSpecification\",\"valueRequired\":true,\"valueName\":\"search_term_string\"}}],\"inLanguage\":\"en-US\"}]}<\/script>\n<!-- \/ Yoast SEO plugin. -->","yoast_head_json":{"title":"Benriach - Private Cellar Selection 22 yo - Dramfolks Whisky Auction","robots":{"index":"index","follow":"follow","max-snippet":"max-snippet:-1","max-image-preview":"max-image-preview:large","max-video-preview":"max-video-preview:-1"},"canonical":"https:\/\/www.dramfolks-whisky-auction.com\/en\/product\/benriach-private-cellar-selection-22-yo-2\/","og_locale":"en_US","og_type":"article","og_title":"Benriach - Private Cellar Selection 22 yo - Dramfolks Whisky Auction","og_description":"Destille: Benriach Benriach ist eine Whiskybrennerei bei Elgin, in der Speyside Schottlands. Die Brennerei wurde 1898 von John Duff erbaut, musste allerdings, bis auf die M\u00e4lzerei, die u. a. Longmorn versorgte, schon 1900 wieder schlie\u00dfen. Nach einer Wieder\u00f6ffnung durch Glenlivet Distillers Ltd. ging Benriach 2001 an Pernod Ricard, die erst die Produktion drosselten, dann die[...]","og_url":"https:\/\/www.dramfolks-whisky-auction.com\/en\/product\/benriach-private-cellar-selection-22-yo-2\/","og_site_name":"Dramfolks Whisky Auction","article_modified_time":"2023-03-30T03:35:11+00:00","og_image":[{"width":2560,"height":2560,"url":"https:\/\/www.dramfolks-whisky-auction.com\/wp-content\/uploads\/2022\/12\/Benriach-Private-Cellar-vorne-scaled.jpg","type":"image\/jpeg"}],"twitter_card":"summary_large_image","twitter_misc":{"Est. reading time":"3 minutes"},"schema":{"@context":"https:\/\/schema.org","@graph":[{"@type":"WebPage","@id":"https:\/\/www.dramfolks-whisky-auction.com\/en\/product\/benriach-private-cellar-selection-22-yo-2\/","url":"https:\/\/www.dramfolks-whisky-auction.com\/en\/product\/benriach-private-cellar-selection-22-yo-2\/","name":"Benriach - Private Cellar Selection 22 yo - Dramfolks Whisky Auction","isPartOf":{"@id":"https:\/\/www.dramfolks-whisky-auction.com\/en\/#website"},"primaryImageOfPage":{"@id":"https:\/\/www.dramfolks-whisky-auction.com\/en\/product\/benriach-private-cellar-selection-22-yo-2\/#primaryimage"},"image":{"@id":"https:\/\/www.dramfolks-whisky-auction.com\/en\/product\/benriach-private-cellar-selection-22-yo-2\/#primaryimage"},"thumbnailUrl":"https:\/\/www.dramfolks-whisky-auction.com\/wp-content\/uploads\/2022\/12\/Benriach-Private-Cellar-vorne-scaled.jpg","datePublished":"2023-02-10T16:16:51+00:00","dateModified":"2023-03-30T03:35:11+00:00","breadcrumb":{"@id":"https:\/\/www.dramfolks-whisky-auction.com\/en\/product\/benriach-private-cellar-selection-22-yo-2\/#breadcrumb"},"inLanguage":"en-US","potentialAction":[{"@type":"ReadAction","target":["https:\/\/www.dramfolks-whisky-auction.com\/en\/product\/benriach-private-cellar-selection-22-yo-2\/"]}]},{"@type":"ImageObject","inLanguage":"en-US","@id":"https:\/\/www.dramfolks-whisky-auction.com\/en\/product\/benriach-private-cellar-selection-22-yo-2\/#primaryimage","url":"https:\/\/www.dramfolks-whisky-auction.com\/wp-content\/uploads\/2022\/12\/Benriach-Private-Cellar-vorne-scaled.jpg","contentUrl":"https:\/\/www.dramfolks-whisky-auction.com\/wp-content\/uploads\/2022\/12\/Benriach-Private-Cellar-vorne-scaled.jpg","width":2560,"height":2560},{"@type":"BreadcrumbList","@id":"https:\/\/www.dramfolks-whisky-auction.com\/en\/product\/benriach-private-cellar-selection-22-yo-2\/#breadcrumb","itemListElement":[{"@type":"ListItem","position":1,"name":"Startseite","item":"https:\/\/www.dramfolks-whisky-auction.com\/en\/"},{"@type":"ListItem","position":2,"name":"Shop","item":"https:\/\/www.dramfolks-whisky-auction.com\/en\/shop\/"},{"@type":"ListItem","position":3,"name":"Benriach &#8211; Private Cellar Selection 22 yo"}]},{"@type":"WebSite","@id":"https:\/\/www.dramfolks-whisky-auction.com\/en\/#website","url":"https:\/\/www.dramfolks-whisky-auction.com\/en\/","name":"Dramfolks Whisky Auction","description":"","potentialAction":[{"@type":"SearchAction","target":{"@type":"EntryPoint","urlTemplate":"https:\/\/www.dramfolks-whisky-auction.com\/en\/?s={search_term_string}"},"query-input":{"@type":"PropertyValueSpecification","valueRequired":true,"valueName":"search_term_string"}}],"inLanguage":"en-US"}]}},"_links":{"self":[{"href":"https:\/\/www.dramfolks-whisky-auction.com\/en\/wp-json\/wp\/v2\/product\/1577","targetHints":{"allow":["GET"]}}],"collection":[{"href":"https:\/\/www.dramfolks-whisky-auction.com\/en\/wp-json\/wp\/v2\/product"}],"about":[{"href":"https:\/\/www.dramfolks-whisky-auction.com\/en\/wp-json\/wp\/v2\/types\/product"}],"replies":[{"embeddable":true,"href":"https:\/\/www.dramfolks-whisky-auction.com\/en\/wp-json\/wp\/v2\/comments?post=1577"}],"wp:featuredmedia":[{"embeddable":true,"href":"https:\/\/www.dramfolks-whisky-auction.com\/en\/wp-json\/wp\/v2\/media\/1146"}],"wp:attachment":[{"href":"https:\/\/www.dramfolks-whisky-auction.com\/en\/wp-json\/wp\/v2\/media?parent=1577"}],"wp:term":[{"taxonomy":"product_brand","embeddable":true,"href":"https:\/\/www.dramfolks-whisky-auction.com\/en\/wp-json\/wp\/v2\/product_brand?post=1577"},{"taxonomy":"product_cat","embeddable":true,"href":"https:\/\/www.dramfolks-whisky-auction.com\/en\/wp-json\/wp\/v2\/product_cat?post=1577"},{"taxonomy":"product_tag","embeddable":true,"href":"https:\/\/www.dramfolks-whisky-auction.com\/en\/wp-json\/wp\/v2\/product_tag?post=1577"}],"curies":[{"name":"wp","href":"https:\/\/api.w.org\/{rel}","templated":true}]}}