{"id":1568,"date":"2023-02-10T16:29:57","date_gmt":"2023-02-10T15:29:57","guid":{"rendered":"https:\/\/www.dramfolks-whisky-auction.com\/?post_type=product&#038;p=1568"},"modified":"2023-03-27T20:09:12","modified_gmt":"2023-03-27T18:09:12","slug":"mars-shinshu-komagatake-tsunuki-aging-2020","status":"publish","type":"product","link":"https:\/\/www.dramfolks-whisky-auction.com\/en\/product\/mars-shinshu-komagatake-tsunuki-aging-2020\/","title":{"rendered":"Mars Shinshu &#8211; Komagatake Tsunuki Aging (2020)"},"content":{"rendered":"<p><strong>Destille: Mars Shinshu<\/strong><br \/>\nDie kleine japanische Whiskydestillerie Mars ist vielen kein Begriff und f\u00fchrt sein Dasein abseits der gro\u00dfen japanischen Brennereien. Mars Shinshu Distillery umfasst mehrere Weing\u00fcter und insgesamt zwei Whisky-Destillerien (Shinshu und Tsunuki). Gegr\u00fcndet 1985 experimentiert Mars Shinshu permanent mit dem Einfluss des Klimas auf die Alterung von Whisky. Die daraus resultierenden Single Malts werden u.a. jedes Jahr in limitierten Editionen unter dem Namen Komagatake angeboten. Seit Jahren werden die Whiskys von Mars Shinshu immer wieder mit internationalen Preisen geehrt. Ein echter Geheimtipp!<\/p>\n<p><strong>Fun fact:<\/strong> Die Brennerei befindet sich Miyada (\u5bae\u7530\u6751), einem Dorf in dem Gebiet Nagano und ist mit rund 800m \u00fcber dem Meeresspiegel die h\u00f6chste Whiskybrennerei Japans.<\/p>\n<p><strong>Whisky\/Whiskey: Komagatake Tsunuki Aging (2020)<\/strong><br \/>\nAls &#8220;Komagatake Tsunuki Aging&#8221; bezeichnet Mars Shinshu einen Single Malt, der in der Shinshu Destillerie destilliert wird und in der Tsunuki Destillerie reifen darf. Der Komagatake Tsunuki Aging 2020 ist ein Single Malt mit einem s\u00fc\u00dfen, weichen und leicht w\u00fcrzigen Profil, das fruchtige Noten von Zitrusfr\u00fcchten und kandierten Fr\u00fcchten in der Nase offenbart. Das Ganze wird final umh\u00fcllt von einem Hauch Torf. Der Tsunuki Aging (2020) ist limitiert auf 5.161 Flaschen!!<\/p>\n<p><strong>Info Qualit\u00e4t der Flasche:<\/strong> Excellent &#8211; ohne Besch\u00e4digungen \/ <strong>F\u00fcllstand:<\/strong> Top Shoulder<\/p>\n<p><strong>Info Qualit\u00e4t der Box:<\/strong> Excellent &#8211; ohne Besch\u00e4digungen<\/p>\n<p><strong>Wichtiger Hinweis:<\/strong> Die Bewertung der Flaschen und Boxen erfolgt nach \u201ebesten Wissen und Gewissen\u201c. dramfolks kann keine Gew\u00e4hrleistung f\u00fcr den Inhalt der Flaschen \u00fcbernehmen. Weitere Infos &amp; Hinweise finden Sie in unseren AGBs. Wir empfehlen Ihnen, vor der Abgabe von Geboten \u00fcber die Zoomfunktion eine Besichtigung \/ genaue Pr\u00fcfung des angebotenen Whiskys vorzunehmen. Bitte kontaktieren sie uns bei Fragen direkt unter info@dramfolks.com<\/p>\n","protected":false},"excerpt":{"rendered":"<p>Destille: Mars Shinshu Die kleine japanische Whiskydestillerie Mars ist vielen kein Begriff und f\u00fchrt sein Dasein abseits der gro\u00dfen japanischen Brennereien. Mars Shinshu Distillery umfasst mehrere Weing\u00fcter und insgesamt zwei Whisky-Destillerien (Shinshu und Tsunuki). Gegr\u00fcndet 1985 experimentiert Mars Shinshu permanent mit dem Einfluss des Klimas auf die Alterung von Whisky. Die daraus resultierenden Single Malts[&#8230;]\n","protected":false},"featured_media":959,"comment_status":"closed","ping_status":"closed","template":"","meta":[],"product_brand":[],"product_cat":[79],"product_tag":[],"class_list":{"0":"post-1568","1":"product","2":"type-product","3":"status-publish","4":"has-post-thumbnail","6":"product_cat-no-2","8":"first","9":"instock","10":"shipping-taxable","11":"purchasable","12":"product-type-auction"},"yoast_head":"<!-- This site is optimized with the Yoast SEO plugin v27.4 - https:\/\/yoast.com\/product\/yoast-seo-wordpress\/ -->\n<title>Mars Shinshu - Komagatake Tsunuki Aging (2020) - Dramfolks Whisky Auction<\/title>\n<meta name=\"robots\" content=\"index, follow, max-snippet:-1, max-image-preview:large, max-video-preview:-1\" \/>\n<link rel=\"canonical\" href=\"https:\/\/www.dramfolks-whisky-auction.com\/en\/product\/mars-shinshu-komagatake-tsunuki-aging-2020\/\" \/>\n<meta property=\"og:locale\" content=\"en_US\" \/>\n<meta property=\"og:type\" content=\"article\" \/>\n<meta property=\"og:title\" content=\"Mars Shinshu - Komagatake Tsunuki Aging (2020) - Dramfolks Whisky Auction\" \/>\n<meta property=\"og:description\" content=\"Destille: Mars Shinshu Die kleine japanische Whiskydestillerie Mars ist vielen kein Begriff und f\u00fchrt sein Dasein abseits der gro\u00dfen japanischen Brennereien. Mars Shinshu Distillery umfasst mehrere Weing\u00fcter und insgesamt zwei Whisky-Destillerien (Shinshu und Tsunuki). Gegr\u00fcndet 1985 experimentiert Mars Shinshu permanent mit dem Einfluss des Klimas auf die Alterung von Whisky. Die daraus resultierenden Single Malts[...]\" \/>\n<meta property=\"og:url\" content=\"https:\/\/www.dramfolks-whisky-auction.com\/en\/product\/mars-shinshu-komagatake-tsunuki-aging-2020\/\" \/>\n<meta property=\"og:site_name\" content=\"Dramfolks Whisky Auction\" \/>\n<meta property=\"article:modified_time\" content=\"2023-03-27T18:09:12+00:00\" \/>\n<meta property=\"og:image\" content=\"https:\/\/www.dramfolks-whisky-auction.com\/wp-content\/uploads\/2022\/12\/DSC_0142.jpg\" \/>\n\t<meta property=\"og:image:width\" content=\"1946\" \/>\n\t<meta property=\"og:image:height\" content=\"1946\" \/>\n\t<meta property=\"og:image:type\" content=\"image\/jpeg\" \/>\n<meta name=\"twitter:card\" content=\"summary_large_image\" \/>\n<meta name=\"twitter:label1\" content=\"Est. reading time\" \/>\n\t<meta name=\"twitter:data1\" content=\"2 minutes\" \/>\n<script type=\"application\/ld+json\" class=\"yoast-schema-graph\">{\"@context\":\"https:\\\/\\\/schema.org\",\"@graph\":[{\"@type\":\"WebPage\",\"@id\":\"https:\\\/\\\/www.dramfolks-whisky-auction.com\\\/en\\\/product\\\/mars-shinshu-komagatake-tsunuki-aging-2020\\\/\",\"url\":\"https:\\\/\\\/www.dramfolks-whisky-auction.com\\\/en\\\/product\\\/mars-shinshu-komagatake-tsunuki-aging-2020\\\/\",\"name\":\"Mars Shinshu - Komagatake Tsunuki Aging (2020) - Dramfolks Whisky Auction\",\"isPartOf\":{\"@id\":\"https:\\\/\\\/www.dramfolks-whisky-auction.com\\\/en\\\/#website\"},\"primaryImageOfPage\":{\"@id\":\"https:\\\/\\\/www.dramfolks-whisky-auction.com\\\/en\\\/product\\\/mars-shinshu-komagatake-tsunuki-aging-2020\\\/#primaryimage\"},\"image\":{\"@id\":\"https:\\\/\\\/www.dramfolks-whisky-auction.com\\\/en\\\/product\\\/mars-shinshu-komagatake-tsunuki-aging-2020\\\/#primaryimage\"},\"thumbnailUrl\":\"https:\\\/\\\/www.dramfolks-whisky-auction.com\\\/wp-content\\\/uploads\\\/2022\\\/12\\\/DSC_0142.jpg\",\"datePublished\":\"2023-02-10T15:29:57+00:00\",\"dateModified\":\"2023-03-27T18:09:12+00:00\",\"breadcrumb\":{\"@id\":\"https:\\\/\\\/www.dramfolks-whisky-auction.com\\\/en\\\/product\\\/mars-shinshu-komagatake-tsunuki-aging-2020\\\/#breadcrumb\"},\"inLanguage\":\"en-US\",\"potentialAction\":[{\"@type\":\"ReadAction\",\"target\":[\"https:\\\/\\\/www.dramfolks-whisky-auction.com\\\/en\\\/product\\\/mars-shinshu-komagatake-tsunuki-aging-2020\\\/\"]}]},{\"@type\":\"ImageObject\",\"inLanguage\":\"en-US\",\"@id\":\"https:\\\/\\\/www.dramfolks-whisky-auction.com\\\/en\\\/product\\\/mars-shinshu-komagatake-tsunuki-aging-2020\\\/#primaryimage\",\"url\":\"https:\\\/\\\/www.dramfolks-whisky-auction.com\\\/wp-content\\\/uploads\\\/2022\\\/12\\\/DSC_0142.jpg\",\"contentUrl\":\"https:\\\/\\\/www.dramfolks-whisky-auction.com\\\/wp-content\\\/uploads\\\/2022\\\/12\\\/DSC_0142.jpg\",\"width\":1946,\"height\":1946},{\"@type\":\"BreadcrumbList\",\"@id\":\"https:\\\/\\\/www.dramfolks-whisky-auction.com\\\/en\\\/product\\\/mars-shinshu-komagatake-tsunuki-aging-2020\\\/#breadcrumb\",\"itemListElement\":[{\"@type\":\"ListItem\",\"position\":1,\"name\":\"Startseite\",\"item\":\"https:\\\/\\\/www.dramfolks-whisky-auction.com\\\/en\\\/\"},{\"@type\":\"ListItem\",\"position\":2,\"name\":\"Shop\",\"item\":\"https:\\\/\\\/www.dramfolks-whisky-auction.com\\\/en\\\/shop\\\/\"},{\"@type\":\"ListItem\",\"position\":3,\"name\":\"Mars Shinshu &#8211; Komagatake Tsunuki Aging (2020)\"}]},{\"@type\":\"WebSite\",\"@id\":\"https:\\\/\\\/www.dramfolks-whisky-auction.com\\\/en\\\/#website\",\"url\":\"https:\\\/\\\/www.dramfolks-whisky-auction.com\\\/en\\\/\",\"name\":\"Dramfolks Whisky Auction\",\"description\":\"\",\"potentialAction\":[{\"@type\":\"SearchAction\",\"target\":{\"@type\":\"EntryPoint\",\"urlTemplate\":\"https:\\\/\\\/www.dramfolks-whisky-auction.com\\\/en\\\/?s={search_term_string}\"},\"query-input\":{\"@type\":\"PropertyValueSpecification\",\"valueRequired\":true,\"valueName\":\"search_term_string\"}}],\"inLanguage\":\"en-US\"}]}<\/script>\n<!-- \/ Yoast SEO plugin. -->","yoast_head_json":{"title":"Mars Shinshu - Komagatake Tsunuki Aging (2020) - Dramfolks Whisky Auction","robots":{"index":"index","follow":"follow","max-snippet":"max-snippet:-1","max-image-preview":"max-image-preview:large","max-video-preview":"max-video-preview:-1"},"canonical":"https:\/\/www.dramfolks-whisky-auction.com\/en\/product\/mars-shinshu-komagatake-tsunuki-aging-2020\/","og_locale":"en_US","og_type":"article","og_title":"Mars Shinshu - Komagatake Tsunuki Aging (2020) - Dramfolks Whisky Auction","og_description":"Destille: Mars Shinshu Die kleine japanische Whiskydestillerie Mars ist vielen kein Begriff und f\u00fchrt sein Dasein abseits der gro\u00dfen japanischen Brennereien. Mars Shinshu Distillery umfasst mehrere Weing\u00fcter und insgesamt zwei Whisky-Destillerien (Shinshu und Tsunuki). Gegr\u00fcndet 1985 experimentiert Mars Shinshu permanent mit dem Einfluss des Klimas auf die Alterung von Whisky. Die daraus resultierenden Single Malts[...]","og_url":"https:\/\/www.dramfolks-whisky-auction.com\/en\/product\/mars-shinshu-komagatake-tsunuki-aging-2020\/","og_site_name":"Dramfolks Whisky Auction","article_modified_time":"2023-03-27T18:09:12+00:00","og_image":[{"width":1946,"height":1946,"url":"https:\/\/www.dramfolks-whisky-auction.com\/wp-content\/uploads\/2022\/12\/DSC_0142.jpg","type":"image\/jpeg"}],"twitter_card":"summary_large_image","twitter_misc":{"Est. reading time":"2 minutes"},"schema":{"@context":"https:\/\/schema.org","@graph":[{"@type":"WebPage","@id":"https:\/\/www.dramfolks-whisky-auction.com\/en\/product\/mars-shinshu-komagatake-tsunuki-aging-2020\/","url":"https:\/\/www.dramfolks-whisky-auction.com\/en\/product\/mars-shinshu-komagatake-tsunuki-aging-2020\/","name":"Mars Shinshu - Komagatake Tsunuki Aging (2020) - Dramfolks Whisky Auction","isPartOf":{"@id":"https:\/\/www.dramfolks-whisky-auction.com\/en\/#website"},"primaryImageOfPage":{"@id":"https:\/\/www.dramfolks-whisky-auction.com\/en\/product\/mars-shinshu-komagatake-tsunuki-aging-2020\/#primaryimage"},"image":{"@id":"https:\/\/www.dramfolks-whisky-auction.com\/en\/product\/mars-shinshu-komagatake-tsunuki-aging-2020\/#primaryimage"},"thumbnailUrl":"https:\/\/www.dramfolks-whisky-auction.com\/wp-content\/uploads\/2022\/12\/DSC_0142.jpg","datePublished":"2023-02-10T15:29:57+00:00","dateModified":"2023-03-27T18:09:12+00:00","breadcrumb":{"@id":"https:\/\/www.dramfolks-whisky-auction.com\/en\/product\/mars-shinshu-komagatake-tsunuki-aging-2020\/#breadcrumb"},"inLanguage":"en-US","potentialAction":[{"@type":"ReadAction","target":["https:\/\/www.dramfolks-whisky-auction.com\/en\/product\/mars-shinshu-komagatake-tsunuki-aging-2020\/"]}]},{"@type":"ImageObject","inLanguage":"en-US","@id":"https:\/\/www.dramfolks-whisky-auction.com\/en\/product\/mars-shinshu-komagatake-tsunuki-aging-2020\/#primaryimage","url":"https:\/\/www.dramfolks-whisky-auction.com\/wp-content\/uploads\/2022\/12\/DSC_0142.jpg","contentUrl":"https:\/\/www.dramfolks-whisky-auction.com\/wp-content\/uploads\/2022\/12\/DSC_0142.jpg","width":1946,"height":1946},{"@type":"BreadcrumbList","@id":"https:\/\/www.dramfolks-whisky-auction.com\/en\/product\/mars-shinshu-komagatake-tsunuki-aging-2020\/#breadcrumb","itemListElement":[{"@type":"ListItem","position":1,"name":"Startseite","item":"https:\/\/www.dramfolks-whisky-auction.com\/en\/"},{"@type":"ListItem","position":2,"name":"Shop","item":"https:\/\/www.dramfolks-whisky-auction.com\/en\/shop\/"},{"@type":"ListItem","position":3,"name":"Mars Shinshu &#8211; Komagatake Tsunuki Aging (2020)"}]},{"@type":"WebSite","@id":"https:\/\/www.dramfolks-whisky-auction.com\/en\/#website","url":"https:\/\/www.dramfolks-whisky-auction.com\/en\/","name":"Dramfolks Whisky Auction","description":"","potentialAction":[{"@type":"SearchAction","target":{"@type":"EntryPoint","urlTemplate":"https:\/\/www.dramfolks-whisky-auction.com\/en\/?s={search_term_string}"},"query-input":{"@type":"PropertyValueSpecification","valueRequired":true,"valueName":"search_term_string"}}],"inLanguage":"en-US"}]}},"_links":{"self":[{"href":"https:\/\/www.dramfolks-whisky-auction.com\/en\/wp-json\/wp\/v2\/product\/1568","targetHints":{"allow":["GET"]}}],"collection":[{"href":"https:\/\/www.dramfolks-whisky-auction.com\/en\/wp-json\/wp\/v2\/product"}],"about":[{"href":"https:\/\/www.dramfolks-whisky-auction.com\/en\/wp-json\/wp\/v2\/types\/product"}],"replies":[{"embeddable":true,"href":"https:\/\/www.dramfolks-whisky-auction.com\/en\/wp-json\/wp\/v2\/comments?post=1568"}],"wp:featuredmedia":[{"embeddable":true,"href":"https:\/\/www.dramfolks-whisky-auction.com\/en\/wp-json\/wp\/v2\/media\/959"}],"wp:attachment":[{"href":"https:\/\/www.dramfolks-whisky-auction.com\/en\/wp-json\/wp\/v2\/media?parent=1568"}],"wp:term":[{"taxonomy":"product_brand","embeddable":true,"href":"https:\/\/www.dramfolks-whisky-auction.com\/en\/wp-json\/wp\/v2\/product_brand?post=1568"},{"taxonomy":"product_cat","embeddable":true,"href":"https:\/\/www.dramfolks-whisky-auction.com\/en\/wp-json\/wp\/v2\/product_cat?post=1568"},{"taxonomy":"product_tag","embeddable":true,"href":"https:\/\/www.dramfolks-whisky-auction.com\/en\/wp-json\/wp\/v2\/product_tag?post=1568"}],"curies":[{"name":"wp","href":"https:\/\/api.w.org\/{rel}","templated":true}]}}