{"id":1477,"date":"2023-01-31T17:03:28","date_gmt":"2023-01-31T16:03:28","guid":{"rendered":"https:\/\/www.dramfolks-whisky-auction.com\/?post_type=product&#038;p=1477"},"modified":"2024-08-09T12:18:03","modified_gmt":"2024-08-09T10:18:03","slug":"girvan-2010-select-grain-murray-mcdavid","status":"publish","type":"product","link":"https:\/\/www.dramfolks-whisky-auction.com\/en\/product\/girvan-2010-select-grain-murray-mcdavid\/","title":{"rendered":"Girvan &#8211;  2010 \/ Select Grain (Murray McDavid)"},"content":{"rendered":"<p><strong>Destille: <span class=\"v1s2\">Girvan<\/span><\/strong><\/p>\n<p>Die Girvan Distillery ist eine Whiskybrennerei in South Ayrshire, Schottland. Die Destillerie ist im Besitz von William Grant &amp; Sons. Die Girvan Distillery ist eine der gr\u00f6\u00dften und energieeffizientesten Anlagen in ganz Schottland. Die Brennerei ist nach der Stadt Girvan benannt. Im Jahre 1963 startete die Installation &amp; Abf\u00fcllung des ersten Whiskys aus den Coffey Stills der Destillerie. Unter der genauen Beobachtung von Charles Grant Gordon wurde die Girvan-Destillerie gebaut und produzierte innerhalb von rekordverd\u00e4chtigen 9 Monaten nach dem Spatenstich den ersten Alkohol. Aktuelles j\u00e4hrliches Produktionsvolumen: ca. 115 Mio. Liter.<\/p>\n<p><strong>Fun Fact: <\/strong>William Grant &amp; Sons baute seine Girvan-Destillerie nach einem seltsamen Streit zwischen der Familie Grant und DCL (Distillers Company Ltd.). Der Legende nach hatten die Grant&#8217;s beschlossen, einen TV-Spot f\u00fcr ihre Marke &#8220;Standfast&#8221; im kommerziellen Fernsehen zu schalten. DCL \u00e4rgerte sich \u00fcber diese Show des krassen Kommerzialismus und reagierte mit dem Stopp der Getreidelieferungen f\u00fcr den Standfast Whisky. Aus der Not heraus entschied dann die Familie Grant eine neue Destillerie, die Girvan Distillery, aufzubauen.<strong><br \/>\n<\/strong><\/p>\n<p><strong>Whisky\/Whiskey: 2010 \/ Select Grain (Murray McDavid)<\/strong><br \/>\nDas Getreide, das in diesem feinen Scotch verwendet wird, ist haupts\u00e4chlich Weizen. Um diesen &#8220;reichhaltigen und cremigen Geist&#8221; erzeugen zu k\u00f6nnen, durchl\u00e4uft der Whisky einen mehrstufigen Destillationsprozess. Die letzten Jahre des Reifungsprozesses durfte dieser Single Grain in &#8220;Four Grain American Whiskey&#8221; F\u00e4sser der Koval Distillery verbringen. Limitiert auf 1.742 Flaschen.<\/p>\n<p><strong>Sidenote zum Abf\u00fcller:<\/strong> Murray McDavid wurde von den Londoner Weinh\u00e4ndlern Mark Reynier, Simon Coughlin und Gordon Wright (von der Springbank Distillery) gegr\u00fcndet. Sie erlangten schnell den Ruf, Whisky in interessanten F\u00e4ssern (wie Weinf\u00e4sser) zu reifen. Im Jahr 2000 machte sich das Murray McDavid-Team daran, die geschlossene Bruichladdich Distillery auf Islay wiederzuer\u00f6ffnen, die im Jahr 2012 an den Spirituosenriesen Remy Cointreau verkauft wurde. Heute befindet sich Murray McDavid im Besitz des schottischen Whisky-Brokers Aceo Ltd.<\/p>\n<p><strong>Info Qualit\u00e4t der Flasche:<\/strong> Exzellent &#8211; ohne Besch\u00e4digungen \/ <strong>F\u00fcllstand:<\/strong> Into neck<\/p>\n<p><strong>Info Qualit\u00e4t der Box:\u00a0<\/strong>Exzellent &#8211; ohne Besch\u00e4digungen<\/p>\n<p><strong>Wichtiger Hinweis:<\/strong> Die Bewertung der Flaschen und Boxen erfolgt nach \u201ebesten Wissen und Gewissen\u201c. dramfolks kann keine Gew\u00e4hrleistung f\u00fcr den Inhalt der Flaschen \u00fcbernehmen. Weitere Infos &amp; Hinweise finden Sie in unseren AGBs. Wir empfehlen Ihnen, vor der Abgabe von Geboten \u00fcber die Zoomfunktion eine Besichtigung \/ genaue Pr\u00fcfung des angebotenen Whiskys vorzunehmen. Bitte kontaktieren sie uns bei Fragen direkt unter info@dramfolks.com<\/p>\n","protected":false},"excerpt":{"rendered":"<p>Destille: Girvan Die Girvan Distillery ist eine Whiskybrennerei in South Ayrshire, Schottland. Die Destillerie ist im Besitz von William Grant &amp; Sons. Die Girvan Distillery ist eine der gr\u00f6\u00dften und energieeffizientesten Anlagen in ganz Schottland. Die Brennerei ist nach der Stadt Girvan benannt. Im Jahre 1963 startete die Installation &amp; Abf\u00fcllung des ersten Whiskys aus[&#8230;]\n","protected":false},"featured_media":1721,"comment_status":"closed","ping_status":"closed","template":"","meta":[],"product_brand":[],"product_cat":[79],"product_tag":[],"class_list":{"0":"post-1477","1":"product","2":"type-product","3":"status-publish","4":"has-post-thumbnail","6":"product_cat-no-2","8":"first","9":"instock","10":"shipping-taxable","11":"purchasable","12":"product-type-auction"},"yoast_head":"<!-- This site is optimized with the Yoast SEO plugin v27.4 - https:\/\/yoast.com\/product\/yoast-seo-wordpress\/ -->\n<title>Girvan - 2010 \/ Select Grain (Murray McDavid) - Dramfolks Whisky Auction<\/title>\n<meta name=\"robots\" content=\"index, follow, max-snippet:-1, max-image-preview:large, max-video-preview:-1\" \/>\n<link rel=\"canonical\" href=\"https:\/\/www.dramfolks-whisky-auction.com\/en\/product\/girvan-2010-select-grain-murray-mcdavid\/\" \/>\n<meta property=\"og:locale\" content=\"en_US\" \/>\n<meta property=\"og:type\" content=\"article\" \/>\n<meta property=\"og:title\" content=\"Girvan - 2010 \/ Select Grain (Murray McDavid) - Dramfolks Whisky Auction\" \/>\n<meta property=\"og:description\" content=\"Destille: Girvan Die Girvan Distillery ist eine Whiskybrennerei in South Ayrshire, Schottland. Die Destillerie ist im Besitz von William Grant &amp; Sons. Die Girvan Distillery ist eine der gr\u00f6\u00dften und energieeffizientesten Anlagen in ganz Schottland. Die Brennerei ist nach der Stadt Girvan benannt. Im Jahre 1963 startete die Installation &amp; Abf\u00fcllung des ersten Whiskys aus[...]\" \/>\n<meta property=\"og:url\" content=\"https:\/\/www.dramfolks-whisky-auction.com\/en\/product\/girvan-2010-select-grain-murray-mcdavid\/\" \/>\n<meta property=\"og:site_name\" content=\"Dramfolks Whisky Auction\" \/>\n<meta property=\"article:modified_time\" content=\"2024-08-09T10:18:03+00:00\" \/>\n<meta property=\"og:image\" content=\"https:\/\/www.dramfolks-whisky-auction.com\/wp-content\/uploads\/2023\/01\/DSC_0287-scaled.jpg\" \/>\n\t<meta property=\"og:image:width\" content=\"2560\" \/>\n\t<meta property=\"og:image:height\" content=\"2560\" \/>\n\t<meta property=\"og:image:type\" content=\"image\/jpeg\" \/>\n<meta name=\"twitter:card\" content=\"summary_large_image\" \/>\n<meta name=\"twitter:label1\" content=\"Est. reading time\" \/>\n\t<meta name=\"twitter:data1\" content=\"3 minutes\" \/>\n<script type=\"application\/ld+json\" class=\"yoast-schema-graph\">{\"@context\":\"https:\\\/\\\/schema.org\",\"@graph\":[{\"@type\":\"WebPage\",\"@id\":\"https:\\\/\\\/www.dramfolks-whisky-auction.com\\\/en\\\/product\\\/girvan-2010-select-grain-murray-mcdavid\\\/\",\"url\":\"https:\\\/\\\/www.dramfolks-whisky-auction.com\\\/en\\\/product\\\/girvan-2010-select-grain-murray-mcdavid\\\/\",\"name\":\"Girvan - 2010 \\\/ Select Grain (Murray McDavid) - Dramfolks Whisky Auction\",\"isPartOf\":{\"@id\":\"https:\\\/\\\/www.dramfolks-whisky-auction.com\\\/en\\\/#website\"},\"primaryImageOfPage\":{\"@id\":\"https:\\\/\\\/www.dramfolks-whisky-auction.com\\\/en\\\/product\\\/girvan-2010-select-grain-murray-mcdavid\\\/#primaryimage\"},\"image\":{\"@id\":\"https:\\\/\\\/www.dramfolks-whisky-auction.com\\\/en\\\/product\\\/girvan-2010-select-grain-murray-mcdavid\\\/#primaryimage\"},\"thumbnailUrl\":\"https:\\\/\\\/www.dramfolks-whisky-auction.com\\\/wp-content\\\/uploads\\\/2023\\\/01\\\/DSC_0287-scaled.jpg\",\"datePublished\":\"2023-01-31T16:03:28+00:00\",\"dateModified\":\"2024-08-09T10:18:03+00:00\",\"breadcrumb\":{\"@id\":\"https:\\\/\\\/www.dramfolks-whisky-auction.com\\\/en\\\/product\\\/girvan-2010-select-grain-murray-mcdavid\\\/#breadcrumb\"},\"inLanguage\":\"en-US\",\"potentialAction\":[{\"@type\":\"ReadAction\",\"target\":[\"https:\\\/\\\/www.dramfolks-whisky-auction.com\\\/en\\\/product\\\/girvan-2010-select-grain-murray-mcdavid\\\/\"]}]},{\"@type\":\"ImageObject\",\"inLanguage\":\"en-US\",\"@id\":\"https:\\\/\\\/www.dramfolks-whisky-auction.com\\\/en\\\/product\\\/girvan-2010-select-grain-murray-mcdavid\\\/#primaryimage\",\"url\":\"https:\\\/\\\/www.dramfolks-whisky-auction.com\\\/wp-content\\\/uploads\\\/2023\\\/01\\\/DSC_0287-scaled.jpg\",\"contentUrl\":\"https:\\\/\\\/www.dramfolks-whisky-auction.com\\\/wp-content\\\/uploads\\\/2023\\\/01\\\/DSC_0287-scaled.jpg\",\"width\":2560,\"height\":2560},{\"@type\":\"BreadcrumbList\",\"@id\":\"https:\\\/\\\/www.dramfolks-whisky-auction.com\\\/en\\\/product\\\/girvan-2010-select-grain-murray-mcdavid\\\/#breadcrumb\",\"itemListElement\":[{\"@type\":\"ListItem\",\"position\":1,\"name\":\"Startseite\",\"item\":\"https:\\\/\\\/www.dramfolks-whisky-auction.com\\\/en\\\/\"},{\"@type\":\"ListItem\",\"position\":2,\"name\":\"Shop\",\"item\":\"https:\\\/\\\/www.dramfolks-whisky-auction.com\\\/en\\\/shop\\\/\"},{\"@type\":\"ListItem\",\"position\":3,\"name\":\"Girvan &#8211; 2010 \\\/ Select Grain (Murray McDavid)\"}]},{\"@type\":\"WebSite\",\"@id\":\"https:\\\/\\\/www.dramfolks-whisky-auction.com\\\/en\\\/#website\",\"url\":\"https:\\\/\\\/www.dramfolks-whisky-auction.com\\\/en\\\/\",\"name\":\"Dramfolks Whisky Auction\",\"description\":\"\",\"potentialAction\":[{\"@type\":\"SearchAction\",\"target\":{\"@type\":\"EntryPoint\",\"urlTemplate\":\"https:\\\/\\\/www.dramfolks-whisky-auction.com\\\/en\\\/?s={search_term_string}\"},\"query-input\":{\"@type\":\"PropertyValueSpecification\",\"valueRequired\":true,\"valueName\":\"search_term_string\"}}],\"inLanguage\":\"en-US\"}]}<\/script>\n<!-- \/ Yoast SEO plugin. -->","yoast_head_json":{"title":"Girvan - 2010 \/ Select Grain (Murray McDavid) - Dramfolks Whisky Auction","robots":{"index":"index","follow":"follow","max-snippet":"max-snippet:-1","max-image-preview":"max-image-preview:large","max-video-preview":"max-video-preview:-1"},"canonical":"https:\/\/www.dramfolks-whisky-auction.com\/en\/product\/girvan-2010-select-grain-murray-mcdavid\/","og_locale":"en_US","og_type":"article","og_title":"Girvan - 2010 \/ Select Grain (Murray McDavid) - Dramfolks Whisky Auction","og_description":"Destille: Girvan Die Girvan Distillery ist eine Whiskybrennerei in South Ayrshire, Schottland. Die Destillerie ist im Besitz von William Grant &amp; Sons. Die Girvan Distillery ist eine der gr\u00f6\u00dften und energieeffizientesten Anlagen in ganz Schottland. Die Brennerei ist nach der Stadt Girvan benannt. Im Jahre 1963 startete die Installation &amp; Abf\u00fcllung des ersten Whiskys aus[...]","og_url":"https:\/\/www.dramfolks-whisky-auction.com\/en\/product\/girvan-2010-select-grain-murray-mcdavid\/","og_site_name":"Dramfolks Whisky Auction","article_modified_time":"2024-08-09T10:18:03+00:00","og_image":[{"width":2560,"height":2560,"url":"https:\/\/www.dramfolks-whisky-auction.com\/wp-content\/uploads\/2023\/01\/DSC_0287-scaled.jpg","type":"image\/jpeg"}],"twitter_card":"summary_large_image","twitter_misc":{"Est. reading time":"3 minutes"},"schema":{"@context":"https:\/\/schema.org","@graph":[{"@type":"WebPage","@id":"https:\/\/www.dramfolks-whisky-auction.com\/en\/product\/girvan-2010-select-grain-murray-mcdavid\/","url":"https:\/\/www.dramfolks-whisky-auction.com\/en\/product\/girvan-2010-select-grain-murray-mcdavid\/","name":"Girvan - 2010 \/ Select Grain (Murray McDavid) - Dramfolks Whisky Auction","isPartOf":{"@id":"https:\/\/www.dramfolks-whisky-auction.com\/en\/#website"},"primaryImageOfPage":{"@id":"https:\/\/www.dramfolks-whisky-auction.com\/en\/product\/girvan-2010-select-grain-murray-mcdavid\/#primaryimage"},"image":{"@id":"https:\/\/www.dramfolks-whisky-auction.com\/en\/product\/girvan-2010-select-grain-murray-mcdavid\/#primaryimage"},"thumbnailUrl":"https:\/\/www.dramfolks-whisky-auction.com\/wp-content\/uploads\/2023\/01\/DSC_0287-scaled.jpg","datePublished":"2023-01-31T16:03:28+00:00","dateModified":"2024-08-09T10:18:03+00:00","breadcrumb":{"@id":"https:\/\/www.dramfolks-whisky-auction.com\/en\/product\/girvan-2010-select-grain-murray-mcdavid\/#breadcrumb"},"inLanguage":"en-US","potentialAction":[{"@type":"ReadAction","target":["https:\/\/www.dramfolks-whisky-auction.com\/en\/product\/girvan-2010-select-grain-murray-mcdavid\/"]}]},{"@type":"ImageObject","inLanguage":"en-US","@id":"https:\/\/www.dramfolks-whisky-auction.com\/en\/product\/girvan-2010-select-grain-murray-mcdavid\/#primaryimage","url":"https:\/\/www.dramfolks-whisky-auction.com\/wp-content\/uploads\/2023\/01\/DSC_0287-scaled.jpg","contentUrl":"https:\/\/www.dramfolks-whisky-auction.com\/wp-content\/uploads\/2023\/01\/DSC_0287-scaled.jpg","width":2560,"height":2560},{"@type":"BreadcrumbList","@id":"https:\/\/www.dramfolks-whisky-auction.com\/en\/product\/girvan-2010-select-grain-murray-mcdavid\/#breadcrumb","itemListElement":[{"@type":"ListItem","position":1,"name":"Startseite","item":"https:\/\/www.dramfolks-whisky-auction.com\/en\/"},{"@type":"ListItem","position":2,"name":"Shop","item":"https:\/\/www.dramfolks-whisky-auction.com\/en\/shop\/"},{"@type":"ListItem","position":3,"name":"Girvan &#8211; 2010 \/ Select Grain (Murray McDavid)"}]},{"@type":"WebSite","@id":"https:\/\/www.dramfolks-whisky-auction.com\/en\/#website","url":"https:\/\/www.dramfolks-whisky-auction.com\/en\/","name":"Dramfolks Whisky Auction","description":"","potentialAction":[{"@type":"SearchAction","target":{"@type":"EntryPoint","urlTemplate":"https:\/\/www.dramfolks-whisky-auction.com\/en\/?s={search_term_string}"},"query-input":{"@type":"PropertyValueSpecification","valueRequired":true,"valueName":"search_term_string"}}],"inLanguage":"en-US"}]}},"_links":{"self":[{"href":"https:\/\/www.dramfolks-whisky-auction.com\/en\/wp-json\/wp\/v2\/product\/1477","targetHints":{"allow":["GET"]}}],"collection":[{"href":"https:\/\/www.dramfolks-whisky-auction.com\/en\/wp-json\/wp\/v2\/product"}],"about":[{"href":"https:\/\/www.dramfolks-whisky-auction.com\/en\/wp-json\/wp\/v2\/types\/product"}],"replies":[{"embeddable":true,"href":"https:\/\/www.dramfolks-whisky-auction.com\/en\/wp-json\/wp\/v2\/comments?post=1477"}],"wp:featuredmedia":[{"embeddable":true,"href":"https:\/\/www.dramfolks-whisky-auction.com\/en\/wp-json\/wp\/v2\/media\/1721"}],"wp:attachment":[{"href":"https:\/\/www.dramfolks-whisky-auction.com\/en\/wp-json\/wp\/v2\/media?parent=1477"}],"wp:term":[{"taxonomy":"product_brand","embeddable":true,"href":"https:\/\/www.dramfolks-whisky-auction.com\/en\/wp-json\/wp\/v2\/product_brand?post=1477"},{"taxonomy":"product_cat","embeddable":true,"href":"https:\/\/www.dramfolks-whisky-auction.com\/en\/wp-json\/wp\/v2\/product_cat?post=1477"},{"taxonomy":"product_tag","embeddable":true,"href":"https:\/\/www.dramfolks-whisky-auction.com\/en\/wp-json\/wp\/v2\/product_tag?post=1477"}],"curies":[{"name":"wp","href":"https:\/\/api.w.org\/{rel}","templated":true}]}}