{"id":1265,"date":"2022-12-28T16:09:07","date_gmt":"2022-12-28T15:09:07","guid":{"rendered":"https:\/\/www.dramfolks-whisky-auction.com\/?post_type=product&#038;p=1265"},"modified":"2023-12-11T20:42:29","modified_gmt":"2023-12-11T19:42:29","slug":"lagavulin-game-of-thrones-house-lannister","status":"publish","type":"product","link":"https:\/\/www.dramfolks-whisky-auction.com\/en\/product\/lagavulin-game-of-thrones-house-lannister\/","title":{"rendered":"Lagavulin &#8211; Game of Thrones (House Lannister)"},"content":{"rendered":"<p><strong>Destille:\u00a0<span class=\"v1s2\">Lagavulin<\/span><\/strong><\/p>\n<p><span class=\"v1s2\">Die Lagavulin Distillery ist eine Malt Whisky Destillerie im Dorf \u201eLagavulin\u201c, im S\u00fcden der Insel Islay auf Schottland. Lagavulin, ausgesprochen Lagga-voulin, kommt aus dem G\u00e4lischen und bedeutet in etwa: \u201aSenke, in der die M\u00fchle steht\u2018. Lagavulin kann von sich behaupten, eine der \u00e4ltesten Brennereien Schottlands zu sein. Aufzeichnungen zeigen, dass bereits 1742 illegal destilliert wurde. Als offizielles Gr\u00fcndungsjahr gilt 1816, als John Jonston und Archibald Campbell die Destillerie gr\u00fcndeten. Heute ist sie im Besitz des weltgr\u00f6\u00dften Spirituosen- und Whiskykonzerns Diageo und hat eine j\u00e4hrliche Produktionsmenge von ca. 1,5 Mio. Litern. Die Wasserquelle der Brennerei ist der Lochan Sholum, der 200m \u00fcber dem Meeresspiegel liegt. Dessen Wasser flie\u00dft den Hang hinunter und verhilft dem Whisky zu seinem unverwechselbaren (torfigen) Geschmack.<\/span><\/p>\n<p><strong>Fun Fakt:<\/strong> Lagavulin und Laphroaig sind keine Freunde\u2026 Im 19. Jahrhundert kam es, durch Sir Peter Mackie (dem Stillman von Lagavulin), mit der benachbarten Laphroaig Destillerie zu zahlreichen Rechtsstreitigkeiten. Durch die wachsende Beliebtheit von Laphroaig wollte Peter Mackie den Whisky \u201ekopieren\u201c und Laphroaig aus dem Markt dr\u00e4ngen. Die Versuche schlugen allerdings fehl, da die Wasser- und Torfunterschiede der beiden Brennereien, den entstandenen Whisky stark voneinander unterschieden. Netter Versuch Peter\u2026<\/p>\n<p><strong>Whisky\/Whiskey: Game of Thrones (House Lannister)<\/strong><br \/>\nDie Game of Thrones Single Malt Collection wurde zu Ehren der achten und letzten Staffel der Serie Game of Thrones (GoT) von Diageo abgef\u00fcllt. Mit unterschiedlichen Alkoholst\u00e4rken ist jeder der seltenen Scotch Whiskys einem der H\u00e4user von Westeros, Schauplatz der Serie gewidmet. Der hier angebotene 9-j\u00e4hrige Lagavulin ist ein imposanter Single Malt Whisky, der Erinnerungen an den Reichtum und die Beharrlichkeit des Hauses Lannister weckt und nach einem typischen Lagavulin schmeckt &#8211; rauchig, s\u00fc\u00df mit maritimen Noten.<\/p>\n<p><strong>Info Qualit\u00e4t der Flasche:<\/strong> Exzellent &#8211; ohne Besch\u00e4digungen \/ <strong>F\u00fcllstand:<\/strong> Into neck<\/p>\n<p><strong>Info Qualit\u00e4t der Box:\u00a0<\/strong>Exzellent &#8211; ohne Besch\u00e4digungen<\/p>\n<p><strong>Wichtiger Hinweis:<\/strong> Die Bewertung der Flaschen und Boxen erfolgt nach \u201ebesten Wissen und Gewissen\u201c. dramfolks kann keine Gew\u00e4hrleistung f\u00fcr den Inhalt der Flaschen \u00fcbernehmen. Weitere Infos &amp; Hinweise finden Sie in unseren AGBs. Wir empfehlen Ihnen, vor der Abgabe von Geboten \u00fcber die Zoomfunktion eine Besichtigung \/ genaue Pr\u00fcfung des angebotenen Whiskys vorzunehmen. Bitte kontaktieren sie uns bei Fragen direkt unter info@dramfolks.com<\/p>\n","protected":false},"excerpt":{"rendered":"<p>Destille:\u00a0Lagavulin Die Lagavulin Distillery ist eine Malt Whisky Destillerie im Dorf \u201eLagavulin\u201c, im S\u00fcden der Insel Islay auf Schottland. Lagavulin, ausgesprochen Lagga-voulin, kommt aus dem G\u00e4lischen und bedeutet in etwa: \u201aSenke, in der die M\u00fchle steht\u2018. Lagavulin kann von sich behaupten, eine der \u00e4ltesten Brennereien Schottlands zu sein. Aufzeichnungen zeigen, dass bereits 1742 illegal destilliert[&#8230;]\n","protected":false},"featured_media":1266,"comment_status":"closed","ping_status":"closed","template":"","meta":[],"product_brand":[],"product_cat":[80],"product_tag":[],"class_list":{"0":"post-1265","1":"product","2":"type-product","3":"status-publish","4":"has-post-thumbnail","6":"product_cat-no-1","8":"first","9":"instock","10":"shipping-taxable","11":"purchasable","12":"product-type-auction"},"yoast_head":"<!-- This site is optimized with the Yoast SEO plugin v27.4 - https:\/\/yoast.com\/product\/yoast-seo-wordpress\/ -->\n<title>Lagavulin - Game of Thrones (House Lannister) - Dramfolks Whisky Auction<\/title>\n<meta name=\"robots\" content=\"index, follow, max-snippet:-1, max-image-preview:large, max-video-preview:-1\" \/>\n<link rel=\"canonical\" href=\"https:\/\/www.dramfolks-whisky-auction.com\/en\/product\/lagavulin-game-of-thrones-house-lannister\/\" \/>\n<meta property=\"og:locale\" content=\"en_US\" \/>\n<meta property=\"og:type\" content=\"article\" \/>\n<meta property=\"og:title\" content=\"Lagavulin - Game of Thrones (House Lannister) - Dramfolks Whisky Auction\" \/>\n<meta property=\"og:description\" content=\"Destille:\u00a0Lagavulin Die Lagavulin Distillery ist eine Malt Whisky Destillerie im Dorf \u201eLagavulin\u201c, im S\u00fcden der Insel Islay auf Schottland. Lagavulin, ausgesprochen Lagga-voulin, kommt aus dem G\u00e4lischen und bedeutet in etwa: \u201aSenke, in der die M\u00fchle steht\u2018. Lagavulin kann von sich behaupten, eine der \u00e4ltesten Brennereien Schottlands zu sein. Aufzeichnungen zeigen, dass bereits 1742 illegal destilliert[...]\" \/>\n<meta property=\"og:url\" content=\"https:\/\/www.dramfolks-whisky-auction.com\/en\/product\/lagavulin-game-of-thrones-house-lannister\/\" \/>\n<meta property=\"og:site_name\" content=\"Dramfolks Whisky Auction\" \/>\n<meta property=\"article:modified_time\" content=\"2023-12-11T19:42:29+00:00\" \/>\n<meta property=\"og:image\" content=\"https:\/\/www.dramfolks-whisky-auction.com\/wp-content\/uploads\/2022\/12\/Lagavulin-GOT-vorne.jpg\" \/>\n\t<meta property=\"og:image:width\" content=\"1714\" \/>\n\t<meta property=\"og:image:height\" content=\"1714\" \/>\n\t<meta property=\"og:image:type\" content=\"image\/jpeg\" \/>\n<meta name=\"twitter:card\" content=\"summary_large_image\" \/>\n<meta name=\"twitter:label1\" content=\"Est. reading time\" \/>\n\t<meta name=\"twitter:data1\" content=\"2 minutes\" \/>\n<script type=\"application\/ld+json\" class=\"yoast-schema-graph\">{\"@context\":\"https:\\\/\\\/schema.org\",\"@graph\":[{\"@type\":\"WebPage\",\"@id\":\"https:\\\/\\\/www.dramfolks-whisky-auction.com\\\/en\\\/product\\\/lagavulin-game-of-thrones-house-lannister\\\/\",\"url\":\"https:\\\/\\\/www.dramfolks-whisky-auction.com\\\/en\\\/product\\\/lagavulin-game-of-thrones-house-lannister\\\/\",\"name\":\"Lagavulin - Game of Thrones (House Lannister) - Dramfolks Whisky Auction\",\"isPartOf\":{\"@id\":\"https:\\\/\\\/www.dramfolks-whisky-auction.com\\\/en\\\/#website\"},\"primaryImageOfPage\":{\"@id\":\"https:\\\/\\\/www.dramfolks-whisky-auction.com\\\/en\\\/product\\\/lagavulin-game-of-thrones-house-lannister\\\/#primaryimage\"},\"image\":{\"@id\":\"https:\\\/\\\/www.dramfolks-whisky-auction.com\\\/en\\\/product\\\/lagavulin-game-of-thrones-house-lannister\\\/#primaryimage\"},\"thumbnailUrl\":\"https:\\\/\\\/www.dramfolks-whisky-auction.com\\\/wp-content\\\/uploads\\\/2022\\\/12\\\/Lagavulin-GOT-vorne.jpg\",\"datePublished\":\"2022-12-28T15:09:07+00:00\",\"dateModified\":\"2023-12-11T19:42:29+00:00\",\"breadcrumb\":{\"@id\":\"https:\\\/\\\/www.dramfolks-whisky-auction.com\\\/en\\\/product\\\/lagavulin-game-of-thrones-house-lannister\\\/#breadcrumb\"},\"inLanguage\":\"en-US\",\"potentialAction\":[{\"@type\":\"ReadAction\",\"target\":[\"https:\\\/\\\/www.dramfolks-whisky-auction.com\\\/en\\\/product\\\/lagavulin-game-of-thrones-house-lannister\\\/\"]}]},{\"@type\":\"ImageObject\",\"inLanguage\":\"en-US\",\"@id\":\"https:\\\/\\\/www.dramfolks-whisky-auction.com\\\/en\\\/product\\\/lagavulin-game-of-thrones-house-lannister\\\/#primaryimage\",\"url\":\"https:\\\/\\\/www.dramfolks-whisky-auction.com\\\/wp-content\\\/uploads\\\/2022\\\/12\\\/Lagavulin-GOT-vorne.jpg\",\"contentUrl\":\"https:\\\/\\\/www.dramfolks-whisky-auction.com\\\/wp-content\\\/uploads\\\/2022\\\/12\\\/Lagavulin-GOT-vorne.jpg\",\"width\":1714,\"height\":1714},{\"@type\":\"BreadcrumbList\",\"@id\":\"https:\\\/\\\/www.dramfolks-whisky-auction.com\\\/en\\\/product\\\/lagavulin-game-of-thrones-house-lannister\\\/#breadcrumb\",\"itemListElement\":[{\"@type\":\"ListItem\",\"position\":1,\"name\":\"Startseite\",\"item\":\"https:\\\/\\\/www.dramfolks-whisky-auction.com\\\/en\\\/\"},{\"@type\":\"ListItem\",\"position\":2,\"name\":\"Shop\",\"item\":\"https:\\\/\\\/www.dramfolks-whisky-auction.com\\\/en\\\/shop\\\/\"},{\"@type\":\"ListItem\",\"position\":3,\"name\":\"Lagavulin &#8211; Game of Thrones (House Lannister)\"}]},{\"@type\":\"WebSite\",\"@id\":\"https:\\\/\\\/www.dramfolks-whisky-auction.com\\\/en\\\/#website\",\"url\":\"https:\\\/\\\/www.dramfolks-whisky-auction.com\\\/en\\\/\",\"name\":\"Dramfolks Whisky Auction\",\"description\":\"\",\"potentialAction\":[{\"@type\":\"SearchAction\",\"target\":{\"@type\":\"EntryPoint\",\"urlTemplate\":\"https:\\\/\\\/www.dramfolks-whisky-auction.com\\\/en\\\/?s={search_term_string}\"},\"query-input\":{\"@type\":\"PropertyValueSpecification\",\"valueRequired\":true,\"valueName\":\"search_term_string\"}}],\"inLanguage\":\"en-US\"}]}<\/script>\n<!-- \/ Yoast SEO plugin. -->","yoast_head_json":{"title":"Lagavulin - Game of Thrones (House Lannister) - Dramfolks Whisky Auction","robots":{"index":"index","follow":"follow","max-snippet":"max-snippet:-1","max-image-preview":"max-image-preview:large","max-video-preview":"max-video-preview:-1"},"canonical":"https:\/\/www.dramfolks-whisky-auction.com\/en\/product\/lagavulin-game-of-thrones-house-lannister\/","og_locale":"en_US","og_type":"article","og_title":"Lagavulin - Game of Thrones (House Lannister) - Dramfolks Whisky Auction","og_description":"Destille:\u00a0Lagavulin Die Lagavulin Distillery ist eine Malt Whisky Destillerie im Dorf \u201eLagavulin\u201c, im S\u00fcden der Insel Islay auf Schottland. Lagavulin, ausgesprochen Lagga-voulin, kommt aus dem G\u00e4lischen und bedeutet in etwa: \u201aSenke, in der die M\u00fchle steht\u2018. Lagavulin kann von sich behaupten, eine der \u00e4ltesten Brennereien Schottlands zu sein. Aufzeichnungen zeigen, dass bereits 1742 illegal destilliert[...]","og_url":"https:\/\/www.dramfolks-whisky-auction.com\/en\/product\/lagavulin-game-of-thrones-house-lannister\/","og_site_name":"Dramfolks Whisky Auction","article_modified_time":"2023-12-11T19:42:29+00:00","og_image":[{"width":1714,"height":1714,"url":"https:\/\/www.dramfolks-whisky-auction.com\/wp-content\/uploads\/2022\/12\/Lagavulin-GOT-vorne.jpg","type":"image\/jpeg"}],"twitter_card":"summary_large_image","twitter_misc":{"Est. reading time":"2 minutes"},"schema":{"@context":"https:\/\/schema.org","@graph":[{"@type":"WebPage","@id":"https:\/\/www.dramfolks-whisky-auction.com\/en\/product\/lagavulin-game-of-thrones-house-lannister\/","url":"https:\/\/www.dramfolks-whisky-auction.com\/en\/product\/lagavulin-game-of-thrones-house-lannister\/","name":"Lagavulin - Game of Thrones (House Lannister) - Dramfolks Whisky Auction","isPartOf":{"@id":"https:\/\/www.dramfolks-whisky-auction.com\/en\/#website"},"primaryImageOfPage":{"@id":"https:\/\/www.dramfolks-whisky-auction.com\/en\/product\/lagavulin-game-of-thrones-house-lannister\/#primaryimage"},"image":{"@id":"https:\/\/www.dramfolks-whisky-auction.com\/en\/product\/lagavulin-game-of-thrones-house-lannister\/#primaryimage"},"thumbnailUrl":"https:\/\/www.dramfolks-whisky-auction.com\/wp-content\/uploads\/2022\/12\/Lagavulin-GOT-vorne.jpg","datePublished":"2022-12-28T15:09:07+00:00","dateModified":"2023-12-11T19:42:29+00:00","breadcrumb":{"@id":"https:\/\/www.dramfolks-whisky-auction.com\/en\/product\/lagavulin-game-of-thrones-house-lannister\/#breadcrumb"},"inLanguage":"en-US","potentialAction":[{"@type":"ReadAction","target":["https:\/\/www.dramfolks-whisky-auction.com\/en\/product\/lagavulin-game-of-thrones-house-lannister\/"]}]},{"@type":"ImageObject","inLanguage":"en-US","@id":"https:\/\/www.dramfolks-whisky-auction.com\/en\/product\/lagavulin-game-of-thrones-house-lannister\/#primaryimage","url":"https:\/\/www.dramfolks-whisky-auction.com\/wp-content\/uploads\/2022\/12\/Lagavulin-GOT-vorne.jpg","contentUrl":"https:\/\/www.dramfolks-whisky-auction.com\/wp-content\/uploads\/2022\/12\/Lagavulin-GOT-vorne.jpg","width":1714,"height":1714},{"@type":"BreadcrumbList","@id":"https:\/\/www.dramfolks-whisky-auction.com\/en\/product\/lagavulin-game-of-thrones-house-lannister\/#breadcrumb","itemListElement":[{"@type":"ListItem","position":1,"name":"Startseite","item":"https:\/\/www.dramfolks-whisky-auction.com\/en\/"},{"@type":"ListItem","position":2,"name":"Shop","item":"https:\/\/www.dramfolks-whisky-auction.com\/en\/shop\/"},{"@type":"ListItem","position":3,"name":"Lagavulin &#8211; Game of Thrones (House Lannister)"}]},{"@type":"WebSite","@id":"https:\/\/www.dramfolks-whisky-auction.com\/en\/#website","url":"https:\/\/www.dramfolks-whisky-auction.com\/en\/","name":"Dramfolks Whisky Auction","description":"","potentialAction":[{"@type":"SearchAction","target":{"@type":"EntryPoint","urlTemplate":"https:\/\/www.dramfolks-whisky-auction.com\/en\/?s={search_term_string}"},"query-input":{"@type":"PropertyValueSpecification","valueRequired":true,"valueName":"search_term_string"}}],"inLanguage":"en-US"}]}},"_links":{"self":[{"href":"https:\/\/www.dramfolks-whisky-auction.com\/en\/wp-json\/wp\/v2\/product\/1265","targetHints":{"allow":["GET"]}}],"collection":[{"href":"https:\/\/www.dramfolks-whisky-auction.com\/en\/wp-json\/wp\/v2\/product"}],"about":[{"href":"https:\/\/www.dramfolks-whisky-auction.com\/en\/wp-json\/wp\/v2\/types\/product"}],"replies":[{"embeddable":true,"href":"https:\/\/www.dramfolks-whisky-auction.com\/en\/wp-json\/wp\/v2\/comments?post=1265"}],"wp:featuredmedia":[{"embeddable":true,"href":"https:\/\/www.dramfolks-whisky-auction.com\/en\/wp-json\/wp\/v2\/media\/1266"}],"wp:attachment":[{"href":"https:\/\/www.dramfolks-whisky-auction.com\/en\/wp-json\/wp\/v2\/media?parent=1265"}],"wp:term":[{"taxonomy":"product_brand","embeddable":true,"href":"https:\/\/www.dramfolks-whisky-auction.com\/en\/wp-json\/wp\/v2\/product_brand?post=1265"},{"taxonomy":"product_cat","embeddable":true,"href":"https:\/\/www.dramfolks-whisky-auction.com\/en\/wp-json\/wp\/v2\/product_cat?post=1265"},{"taxonomy":"product_tag","embeddable":true,"href":"https:\/\/www.dramfolks-whisky-auction.com\/en\/wp-json\/wp\/v2\/product_tag?post=1265"}],"curies":[{"name":"wp","href":"https:\/\/api.w.org\/{rel}","templated":true}]}}