{"id":1204,"date":"2022-12-27T16:42:14","date_gmt":"2022-12-27T15:42:14","guid":{"rendered":"https:\/\/www.dramfolks-whisky-auction.com\/?post_type=product&#038;p=1204"},"modified":"2023-03-26T15:37:12","modified_gmt":"2023-03-26T13:37:12","slug":"lochlea-first-release-inaugural-release","status":"publish","type":"product","link":"https:\/\/www.dramfolks-whisky-auction.com\/en\/product\/lochlea-first-release-inaugural-release\/","title":{"rendered":"Lochlea &#8211; First Release (Inaugural Release)"},"content":{"rendered":"<p><strong>Destille: Lochlea<\/strong><\/p>\n<p>Lochlea (im privaten Familienbesitz) destillierte im Jahr 2018 den ersten frischen Whisky und ist in den Lowlands, Schottlands beheimatet. Bei Lochlea ist man auf seinen regionalen Bezug besonders stolz. So wird f\u00fcr den hier gebrannten Single Malt ausschlie\u00dflich Gerste aus eigenem Anbau verwendet. Der Whisky der Lochlea Distillery wird unter dem Motto \u201cdare to be honest\u201d produziert. Dies bedeutet, dass der Single Malt von der Ernte der eigenen Gerste bis zur Abf\u00fcllung in die Flasche nachverfolgbar sein soll. Beim Thema Whisky ging es bei Lochlea Schlag auf Schlag&#8230; Im August 2018 nahm die Lochlea Distillery ihren Betrieb auf, im Jan. 2022 erschien mit dem First Release die erste, stark limitierte Abf\u00fcllung. Im M\u00e4rz 2022 wurde die &#8220;Sowing Edition&#8221; vorgestellt und seit Ende 2022 gibt es den &#8220;Our Barley&#8221;. J\u00e4hrliches Produktionsvolumen: ca. 0,2 Mio. Liter.<\/p>\n<p><strong>Fun Fakt:<\/strong> Beim Thema &#8220;Master Distiller &amp; Blender&#8221; konnte man gleich zu Beginn bei Lochlea einen echten Coup landen. Nachdem Malcolm Rennie noch die ersten Schritte geleitet hat (ist mittlerweile bei keinem geringeren als der wiederer\u00f6ffneten Rosebank Distillery), konnte man einen echten Star der Whisky-Branche als neuen Chef verpflichten&#8230; John Campbell, der bisherige Master Distiller bei Laphroaig!!!! Well done Lochlea&#8230;<\/p>\n<p><strong>Whisky\/Whiskey: First Release (Inaugural Release)<\/strong><br \/>\nEs ist immer eine aufregende Erfahrung und eine Ehre, wenn man die ersten Abf\u00fcllungen aus einer neuen Destillerie auf den Markt kommen sieht. Beim First Release ist das eingetreten, was alle bef\u00fcrchtet\/erhofft haben&#8230; Super schnell ausverkauft, eine Kombination aus First-Fill-Bourbon und Pedro Xim\u00e9nez-Sherryf\u00e4ssern, ohne K\u00fchlfiltration oder zus\u00e4tzliche Farbstoffe und eine spannende Aromabandbreite f\u00fcr einen jungen 3-j\u00e4hrigen Whisky! Sie reicht von &#8220;frischen Obst-, Apfel-, pikanten Orangen- und Birnentropfen&#8221; in der Nase, \u00fcber &#8220;reichhaltig und s\u00fc\u00df, mit gebranntem Karamell und Haseln\u00fcssen&#8221; am Gaumen bis zu &#8220;frische Frucht, Getreides\u00fc\u00dfe und sanfte W\u00fcrze&#8221; im Abgang.<\/p>\n<p><strong>Info Qualit\u00e4t der Flasche:<\/strong> Exzellent ohne Besch\u00e4digungen \/ <strong>F\u00fcllstand:<\/strong> Into neck<br \/>\n<strong>Info Qualit\u00e4t der Box:<\/strong> Exzellent ohne Besch\u00e4digungen<\/p>\n<p><strong>Wichtiger Hinweis:<\/strong> Die Bewertung der Flaschen und Boxen erfolgt nach \u201ebesten Wissen und Gewissen\u201c. dramfolks kann keine Gew\u00e4hrleistung f\u00fcr den Inhalt der Flaschen \u00fcbernehmen. Weitere Infos &amp; Hinweise finden Sie in unseren AGBs. Wir empfehlen Ihnen, vor der Abgabe von Geboten \u00fcber die Zoomfunktion eine Besichtigung \/ genaue Pr\u00fcfung des angebotenen Whiskys vorzunehmen. Bitte kontaktieren sie uns bei Fragen direkt unter info@dramfolks.com<\/p>\n","protected":false},"excerpt":{"rendered":"<p>Destille: Lochlea Lochlea (im privaten Familienbesitz) destillierte im Jahr 2018 den ersten frischen Whisky und ist in den Lowlands, Schottlands beheimatet. Bei Lochlea ist man auf seinen regionalen Bezug besonders stolz. So wird f\u00fcr den hier gebrannten Single Malt ausschlie\u00dflich Gerste aus eigenem Anbau verwendet. Der Whisky der Lochlea Distillery wird unter dem Motto \u201cdare[&#8230;]\n","protected":false},"featured_media":1205,"comment_status":"closed","ping_status":"closed","template":"","meta":[],"product_brand":[],"product_cat":[80],"product_tag":[],"class_list":{"0":"post-1204","1":"product","2":"type-product","3":"status-publish","4":"has-post-thumbnail","6":"product_cat-no-1","8":"first","9":"instock","10":"shipping-taxable","11":"purchasable","12":"product-type-auction"},"yoast_head":"<!-- This site is optimized with the Yoast SEO plugin v27.4 - https:\/\/yoast.com\/product\/yoast-seo-wordpress\/ -->\n<title>Lochlea - First Release (Inaugural Release) - Dramfolks Whisky Auction<\/title>\n<meta name=\"robots\" content=\"index, follow, max-snippet:-1, max-image-preview:large, max-video-preview:-1\" \/>\n<link rel=\"canonical\" href=\"https:\/\/www.dramfolks-whisky-auction.com\/en\/product\/lochlea-first-release-inaugural-release\/\" \/>\n<meta property=\"og:locale\" content=\"en_US\" \/>\n<meta property=\"og:type\" content=\"article\" \/>\n<meta property=\"og:title\" content=\"Lochlea - First Release (Inaugural Release) - Dramfolks Whisky Auction\" \/>\n<meta property=\"og:description\" content=\"Destille: Lochlea Lochlea (im privaten Familienbesitz) destillierte im Jahr 2018 den ersten frischen Whisky und ist in den Lowlands, Schottlands beheimatet. Bei Lochlea ist man auf seinen regionalen Bezug besonders stolz. So wird f\u00fcr den hier gebrannten Single Malt ausschlie\u00dflich Gerste aus eigenem Anbau verwendet. Der Whisky der Lochlea Distillery wird unter dem Motto \u201cdare[...]\" \/>\n<meta property=\"og:url\" content=\"https:\/\/www.dramfolks-whisky-auction.com\/en\/product\/lochlea-first-release-inaugural-release\/\" \/>\n<meta property=\"og:site_name\" content=\"Dramfolks Whisky Auction\" \/>\n<meta property=\"article:modified_time\" content=\"2023-03-26T13:37:12+00:00\" \/>\n<meta property=\"og:image\" content=\"https:\/\/www.dramfolks-whisky-auction.com\/wp-content\/uploads\/2022\/12\/Lochlea-First-Release-vorne-scaled.jpg\" \/>\n\t<meta property=\"og:image:width\" content=\"2560\" \/>\n\t<meta property=\"og:image:height\" content=\"2560\" \/>\n\t<meta property=\"og:image:type\" content=\"image\/jpeg\" \/>\n<meta name=\"twitter:card\" content=\"summary_large_image\" \/>\n<meta name=\"twitter:label1\" content=\"Est. reading time\" \/>\n\t<meta name=\"twitter:data1\" content=\"3 minutes\" \/>\n<script type=\"application\/ld+json\" class=\"yoast-schema-graph\">{\"@context\":\"https:\\\/\\\/schema.org\",\"@graph\":[{\"@type\":\"WebPage\",\"@id\":\"https:\\\/\\\/www.dramfolks-whisky-auction.com\\\/en\\\/product\\\/lochlea-first-release-inaugural-release\\\/\",\"url\":\"https:\\\/\\\/www.dramfolks-whisky-auction.com\\\/en\\\/product\\\/lochlea-first-release-inaugural-release\\\/\",\"name\":\"Lochlea - First Release (Inaugural Release) - Dramfolks Whisky Auction\",\"isPartOf\":{\"@id\":\"https:\\\/\\\/www.dramfolks-whisky-auction.com\\\/en\\\/#website\"},\"primaryImageOfPage\":{\"@id\":\"https:\\\/\\\/www.dramfolks-whisky-auction.com\\\/en\\\/product\\\/lochlea-first-release-inaugural-release\\\/#primaryimage\"},\"image\":{\"@id\":\"https:\\\/\\\/www.dramfolks-whisky-auction.com\\\/en\\\/product\\\/lochlea-first-release-inaugural-release\\\/#primaryimage\"},\"thumbnailUrl\":\"https:\\\/\\\/www.dramfolks-whisky-auction.com\\\/wp-content\\\/uploads\\\/2022\\\/12\\\/Lochlea-First-Release-vorne-scaled.jpg\",\"datePublished\":\"2022-12-27T15:42:14+00:00\",\"dateModified\":\"2023-03-26T13:37:12+00:00\",\"breadcrumb\":{\"@id\":\"https:\\\/\\\/www.dramfolks-whisky-auction.com\\\/en\\\/product\\\/lochlea-first-release-inaugural-release\\\/#breadcrumb\"},\"inLanguage\":\"en-US\",\"potentialAction\":[{\"@type\":\"ReadAction\",\"target\":[\"https:\\\/\\\/www.dramfolks-whisky-auction.com\\\/en\\\/product\\\/lochlea-first-release-inaugural-release\\\/\"]}]},{\"@type\":\"ImageObject\",\"inLanguage\":\"en-US\",\"@id\":\"https:\\\/\\\/www.dramfolks-whisky-auction.com\\\/en\\\/product\\\/lochlea-first-release-inaugural-release\\\/#primaryimage\",\"url\":\"https:\\\/\\\/www.dramfolks-whisky-auction.com\\\/wp-content\\\/uploads\\\/2022\\\/12\\\/Lochlea-First-Release-vorne-scaled.jpg\",\"contentUrl\":\"https:\\\/\\\/www.dramfolks-whisky-auction.com\\\/wp-content\\\/uploads\\\/2022\\\/12\\\/Lochlea-First-Release-vorne-scaled.jpg\",\"width\":2560,\"height\":2560},{\"@type\":\"BreadcrumbList\",\"@id\":\"https:\\\/\\\/www.dramfolks-whisky-auction.com\\\/en\\\/product\\\/lochlea-first-release-inaugural-release\\\/#breadcrumb\",\"itemListElement\":[{\"@type\":\"ListItem\",\"position\":1,\"name\":\"Startseite\",\"item\":\"https:\\\/\\\/www.dramfolks-whisky-auction.com\\\/en\\\/\"},{\"@type\":\"ListItem\",\"position\":2,\"name\":\"Shop\",\"item\":\"https:\\\/\\\/www.dramfolks-whisky-auction.com\\\/en\\\/shop\\\/\"},{\"@type\":\"ListItem\",\"position\":3,\"name\":\"Lochlea &#8211; First Release (Inaugural Release)\"}]},{\"@type\":\"WebSite\",\"@id\":\"https:\\\/\\\/www.dramfolks-whisky-auction.com\\\/en\\\/#website\",\"url\":\"https:\\\/\\\/www.dramfolks-whisky-auction.com\\\/en\\\/\",\"name\":\"Dramfolks Whisky Auction\",\"description\":\"\",\"potentialAction\":[{\"@type\":\"SearchAction\",\"target\":{\"@type\":\"EntryPoint\",\"urlTemplate\":\"https:\\\/\\\/www.dramfolks-whisky-auction.com\\\/en\\\/?s={search_term_string}\"},\"query-input\":{\"@type\":\"PropertyValueSpecification\",\"valueRequired\":true,\"valueName\":\"search_term_string\"}}],\"inLanguage\":\"en-US\"}]}<\/script>\n<!-- \/ Yoast SEO plugin. -->","yoast_head_json":{"title":"Lochlea - First Release (Inaugural Release) - Dramfolks Whisky Auction","robots":{"index":"index","follow":"follow","max-snippet":"max-snippet:-1","max-image-preview":"max-image-preview:large","max-video-preview":"max-video-preview:-1"},"canonical":"https:\/\/www.dramfolks-whisky-auction.com\/en\/product\/lochlea-first-release-inaugural-release\/","og_locale":"en_US","og_type":"article","og_title":"Lochlea - First Release (Inaugural Release) - Dramfolks Whisky Auction","og_description":"Destille: Lochlea Lochlea (im privaten Familienbesitz) destillierte im Jahr 2018 den ersten frischen Whisky und ist in den Lowlands, Schottlands beheimatet. Bei Lochlea ist man auf seinen regionalen Bezug besonders stolz. So wird f\u00fcr den hier gebrannten Single Malt ausschlie\u00dflich Gerste aus eigenem Anbau verwendet. Der Whisky der Lochlea Distillery wird unter dem Motto \u201cdare[...]","og_url":"https:\/\/www.dramfolks-whisky-auction.com\/en\/product\/lochlea-first-release-inaugural-release\/","og_site_name":"Dramfolks Whisky Auction","article_modified_time":"2023-03-26T13:37:12+00:00","og_image":[{"width":2560,"height":2560,"url":"https:\/\/www.dramfolks-whisky-auction.com\/wp-content\/uploads\/2022\/12\/Lochlea-First-Release-vorne-scaled.jpg","type":"image\/jpeg"}],"twitter_card":"summary_large_image","twitter_misc":{"Est. reading time":"3 minutes"},"schema":{"@context":"https:\/\/schema.org","@graph":[{"@type":"WebPage","@id":"https:\/\/www.dramfolks-whisky-auction.com\/en\/product\/lochlea-first-release-inaugural-release\/","url":"https:\/\/www.dramfolks-whisky-auction.com\/en\/product\/lochlea-first-release-inaugural-release\/","name":"Lochlea - First Release (Inaugural Release) - Dramfolks Whisky Auction","isPartOf":{"@id":"https:\/\/www.dramfolks-whisky-auction.com\/en\/#website"},"primaryImageOfPage":{"@id":"https:\/\/www.dramfolks-whisky-auction.com\/en\/product\/lochlea-first-release-inaugural-release\/#primaryimage"},"image":{"@id":"https:\/\/www.dramfolks-whisky-auction.com\/en\/product\/lochlea-first-release-inaugural-release\/#primaryimage"},"thumbnailUrl":"https:\/\/www.dramfolks-whisky-auction.com\/wp-content\/uploads\/2022\/12\/Lochlea-First-Release-vorne-scaled.jpg","datePublished":"2022-12-27T15:42:14+00:00","dateModified":"2023-03-26T13:37:12+00:00","breadcrumb":{"@id":"https:\/\/www.dramfolks-whisky-auction.com\/en\/product\/lochlea-first-release-inaugural-release\/#breadcrumb"},"inLanguage":"en-US","potentialAction":[{"@type":"ReadAction","target":["https:\/\/www.dramfolks-whisky-auction.com\/en\/product\/lochlea-first-release-inaugural-release\/"]}]},{"@type":"ImageObject","inLanguage":"en-US","@id":"https:\/\/www.dramfolks-whisky-auction.com\/en\/product\/lochlea-first-release-inaugural-release\/#primaryimage","url":"https:\/\/www.dramfolks-whisky-auction.com\/wp-content\/uploads\/2022\/12\/Lochlea-First-Release-vorne-scaled.jpg","contentUrl":"https:\/\/www.dramfolks-whisky-auction.com\/wp-content\/uploads\/2022\/12\/Lochlea-First-Release-vorne-scaled.jpg","width":2560,"height":2560},{"@type":"BreadcrumbList","@id":"https:\/\/www.dramfolks-whisky-auction.com\/en\/product\/lochlea-first-release-inaugural-release\/#breadcrumb","itemListElement":[{"@type":"ListItem","position":1,"name":"Startseite","item":"https:\/\/www.dramfolks-whisky-auction.com\/en\/"},{"@type":"ListItem","position":2,"name":"Shop","item":"https:\/\/www.dramfolks-whisky-auction.com\/en\/shop\/"},{"@type":"ListItem","position":3,"name":"Lochlea &#8211; First Release (Inaugural Release)"}]},{"@type":"WebSite","@id":"https:\/\/www.dramfolks-whisky-auction.com\/en\/#website","url":"https:\/\/www.dramfolks-whisky-auction.com\/en\/","name":"Dramfolks Whisky Auction","description":"","potentialAction":[{"@type":"SearchAction","target":{"@type":"EntryPoint","urlTemplate":"https:\/\/www.dramfolks-whisky-auction.com\/en\/?s={search_term_string}"},"query-input":{"@type":"PropertyValueSpecification","valueRequired":true,"valueName":"search_term_string"}}],"inLanguage":"en-US"}]}},"_links":{"self":[{"href":"https:\/\/www.dramfolks-whisky-auction.com\/en\/wp-json\/wp\/v2\/product\/1204","targetHints":{"allow":["GET"]}}],"collection":[{"href":"https:\/\/www.dramfolks-whisky-auction.com\/en\/wp-json\/wp\/v2\/product"}],"about":[{"href":"https:\/\/www.dramfolks-whisky-auction.com\/en\/wp-json\/wp\/v2\/types\/product"}],"replies":[{"embeddable":true,"href":"https:\/\/www.dramfolks-whisky-auction.com\/en\/wp-json\/wp\/v2\/comments?post=1204"}],"wp:featuredmedia":[{"embeddable":true,"href":"https:\/\/www.dramfolks-whisky-auction.com\/en\/wp-json\/wp\/v2\/media\/1205"}],"wp:attachment":[{"href":"https:\/\/www.dramfolks-whisky-auction.com\/en\/wp-json\/wp\/v2\/media?parent=1204"}],"wp:term":[{"taxonomy":"product_brand","embeddable":true,"href":"https:\/\/www.dramfolks-whisky-auction.com\/en\/wp-json\/wp\/v2\/product_brand?post=1204"},{"taxonomy":"product_cat","embeddable":true,"href":"https:\/\/www.dramfolks-whisky-auction.com\/en\/wp-json\/wp\/v2\/product_cat?post=1204"},{"taxonomy":"product_tag","embeddable":true,"href":"https:\/\/www.dramfolks-whisky-auction.com\/en\/wp-json\/wp\/v2\/product_tag?post=1204"}],"curies":[{"name":"wp","href":"https:\/\/api.w.org\/{rel}","templated":true}]}}